{"id":934,"date":"2014-04-16T19:00:32","date_gmt":"2014-04-16T19:00:32","guid":{"rendered":"http:\/\/www.x-party.hu\/yk\/diakvallforum\/?page_id=934"},"modified":"2014-04-16T20:10:40","modified_gmt":"2014-04-16T20:10:40","slug":"afrodite-galeria-2013","status":"publish","type":"page","link":"http:\/\/www.x-party.hu\/yk\/diakvallforum\/?page_id=934","title":{"rendered":"Afrodit\u00e9 Gal\u00e9ria &#8211; 2013"},"content":{"rendered":"<p><big><big>Sz\u00e9ps\u00e9gversenyek 2013-ban<\/big><\/big><\/p>\n<p>01. 05. &#8211; Miss Alpok-Adria &#8211; Pest Megye<br \/>\n01. 12. &#8211; B\u00e1cs-Kiskun Megye Sz\u00e9pe &#8211; Kecskem\u00e9t<br \/>\n01. 18. &#8211; Miss Elegance<br \/>\n01. 23. &#8211; Laharo Party Arca MIV<br \/>\n02. 07. &#8211; Miss Fitt &#8211; Budapest<br \/>\n04. 08. &#8211; Miss Alpok-Adria &#8211; Hajd\u00faszoboszl\u00f3<br \/>\n02. 17. &#8211; Teapalota Sz\u00e9pe<br \/>\n02. 21. &#8211; Mr. \u00e9s Miss Bond start<br \/>\n02. 22. &#8211; Miss Alpok-Adria &#8211; \u00a0Budapest<br \/>\n02. 23. &#8211; Miss Winter Face<br \/>\n03. 02. &#8211; Miss Alpok-Adria Magyarorsz\u00e1gi d\u00f6nt\u0151<br \/>\n03. 23. &#8211; Miss \u00cdrisz el\u0151d\u00f6nt\u0151<br \/>\n04. 12. &#8211; \u00c1zsia Arca<br \/>\n04. 21. &#8211; P\u00e1linka Fesztiv\u00e1l Sz\u00e9pe05. 05. &#8211; Sport Expo Sz\u00e9pe<br \/>\n05. 25 &#8211; Vil\u00e1gtal\u00e1lkoz\u00f3 Sz\u00e9pe<br \/>\n06. 21. &#8211; Laharo-party Sz\u00e9pe<br \/>\n06. 22. &#8211; Miss World Hungary<br \/>\n06. 26. &#8211; Miss Bond<br \/>\n07. 05. &#8211; Emese f\u0151papn\u0151je<br \/>\n07. 20. &#8211; Anna b\u00e1l Sz\u00e9pe<br \/>\n07. 27. &#8211; Miss Body Beach &#8211; Si\u00f3fok<br \/>\n07. 27. &#8211; Dunakanyar Sz\u00e9pe08. 03. &#8211; Miss International Hungary el\u0151d\u00f6nt\u0151<br \/>\n08. 04. &#8211; Miss Bikini<br \/>\n08. 10. &#8211; Miss Summer Face<br \/>\n08. 24. &#8211; Miss Alpok-Adria Somogy Megye Sz\u00e9pe &#8211; Si\u00f3fok<br \/>\n08. 28. &#8211; Pearl of Danube, Az \u00c9v Dunaarca<br \/>\n08. 30. &#8211; Megye Sz\u00e9pe &#8211; Koml\u00f3<br \/>\n08. 31. &#8211; Miss International Hungary<br \/>\n09. 12. &#8211; Before-party Sz\u00e9pe<br \/>\n<big>10. 14. &#8211; A Sz\u00e9ps\u00e9g Vil\u00e1gnapja &#8211;\u00a0<\/big><big>Miss \u00cdrisz v\u00e1laszt\u00e1s d\u00f6nt\u0151<\/big><br \/>\n10. 20. &#8211; Miss Hast\u00e1nc<br \/>\n12. 07. &#8211; Miss Hungary \u00e9s Miss Tini Hungary<br \/>\n12. 17. &#8211;\u00a0A Sz\u00e9ps\u00e9gek Kir\u00e1lyn\u0151je<\/p>\n","protected":false},"excerpt":{"rendered":"<p>Sz\u00e9ps\u00e9gversenyek 2013-ban 01. 05. &#8211; Miss Alpok-Adria &#8211; Pest Megye 01. 12. &#8211; B\u00e1cs-Kiskun Megye Sz\u00e9pe &#8211; Kecskem\u00e9t 01. 18. &#8211; Miss Elegance 01. 23. &#8211; Laharo Party Arca MIV &hellip; <\/p>\n<p><a href=\"http:\/\/www.x-party.hu\/yk\/diakvallforum\/?page_id=934\" class=\"btn btn-readmore\">Read More <span class=\"screen-reader-text\"> &#8222;Afrodit\u00e9 Gal\u00e9ria &#8211; 2013&#8221;<\/span><\/a><\/p>\n","protected":false},"author":1,"featured_media":0,"parent":475,"menu_order":0,"comment_status":"closed","ping_status":"open","template":"","meta":[],"_links":{"self":[{"href":"http:\/\/www.x-party.hu\/yk\/diakvallforum\/index.php?rest_route=\/wp\/v2\/pages\/934"}],"collection":[{"href":"http:\/\/www.x-party.hu\/yk\/diakvallforum\/index.php?rest_route=\/wp\/v2\/pages"}],"about":[{"href":"http:\/\/www.x-party.hu\/yk\/diakvallforum\/index.php?rest_route=\/wp\/v2\/types\/page"}],"author":[{"embeddable":true,"href":"http:\/\/www.x-party.hu\/yk\/diakvallforum\/index.php?rest_route=\/wp\/v2\/users\/1"}],"replies":[{"embeddable":true,"href":"http:\/\/www.x-party.hu\/yk\/diakvallforum\/index.php?rest_route=%2Fwp%2Fv2%2Fcomments&post=934"}],"version-history":[{"count":2,"href":"http:\/\/www.x-party.hu\/yk\/diakvallforum\/index.php?rest_route=\/wp\/v2\/pages\/934\/revisions"}],"predecessor-version":[{"id":937,"href":"http:\/\/www.x-party.hu\/yk\/diakvallforum\/index.php?rest_route=\/wp\/v2\/pages\/934\/revisions\/937"}],"up":[{"embeddable":true,"href":"http:\/\/www.x-party.hu\/yk\/diakvallforum\/index.php?rest_route=\/wp\/v2\/pages\/475"}],"wp:attachment":[{"href":"http:\/\/www.x-party.hu\/yk\/diakvallforum\/index.php?rest_route=%2Fwp%2Fv2%2Fmedia&parent=934"}],"curies":[{"name":"wp","href":"https:\/\/api.w.org\/{rel}","templated":true}]}}