{"id":871,"date":"2013-12-20T09:56:29","date_gmt":"2013-12-20T09:56:29","guid":{"rendered":"http:\/\/www.x-party.hu\/yk\/diakvallforum\/?page_id=871"},"modified":"2014-04-01T09:59:48","modified_gmt":"2014-04-01T09:59:48","slug":"ecomedit","status":"publish","type":"page","link":"http:\/\/www.x-party.hu\/yk\/diakvallforum\/?page_id=871","title":{"rendered":"Ecomedit"},"content":{"rendered":"<p style=\"text-align: center;\"><strong>A korszer\u0171, a hat\u00e9kony medicina \u00e9s nyeres\u00e9ges gazd\u00e1lkod\u00e1s tal\u00e1lkoz\u00e1sa!<\/strong><\/p>\n<p style=\"text-align: left;\">A c\u00e9geknek a legjobb, leghasznosabb javaslatok nagyon sokat \u00e9rnek. \u00c1m ezek a javaslatok csak nagy szakmai ismereteken alapulhatnak.<\/p>\n<p><span style=\"text-decoration: underline;\"><strong>Honnan sz\u00e1rmazik, mit jelent a nev\u00fcnk, Ecomedit?<\/strong><\/span><\/p>\n<p>Az &#8222;<span style=\"text-decoration: underline;\"><strong>Eco&#8221;<\/strong><\/span>\u00a0 az\u201eeconomia\u201d sz\u00f3b\u00f3l van, melyet a k\u00f6zgazdas\u00e1g, illetve k\u00f6zgazdas\u00e1gtan jelent\u00e9ssel azonos\u00edtjuk. A g\u00f6r\u00f6g Arisztotel\u00e9sz (Kr. e. 384-321) adott nevet e tudom\u00e1nynak.<br \/>\nArisztotel\u00e9sz az economi\u00e1r\u00f3l a Nikomakhoszi etika c\u00edm\u0171 m\u0171v\u00e9ben \u00edr: olyan p\u00e9nzelm\u00e9letet v\u00e1zol fel, amely a mai k\u00f6zgazdas\u00e1gtani elgondol\u00e1sokhoz hasonl\u00f3an \u00edrja le a p\u00e9nz funkci\u00f3it. Arisztotel\u00e9sz szerint az economi\u00e1val val\u00f3 foglalkoz\u00e1s mindenki sz\u00e1m\u00e1ra sz\u00fcks\u00e9gszer\u0171 \u00e9s n\u00e9lk\u00fcl\u00f6zhetetlen. (forr\u00e1s: Econventio)<\/p>\n<p>A <span style=\"text-decoration: underline;\"><strong>&#8222;med&#8221;<\/strong><\/span> a medicina sz\u00f3b\u00f3l j\u00f6n, ami a gy\u00f3gy\u00edt\u00e1st jelenti. Bele\u00e9rtve az akad\u00e9mikus \u00e9s a term\u00e9szetes rendszereket, elemz\u00e9seket, \u00e1llapotfelm\u00e9r\u00e9seket, gy\u00f3gy\u00edt\u00e1sokat is.<\/p>\n<p>Az <span style=\"text-decoration: underline;\"><strong>&#8222;it&#8221;<\/strong><\/span> az inform\u00e1ci\u00f3s technol\u00f3gia r\u00f6vid\u00edt\u00e9se, napjaink egyik legfontosabb r\u00e9szhalmaza a korszer\u0171 kommunik\u00e1ci\u00f3nak.<\/p>\n<p style=\"text-align: center;\"><strong>***<\/strong><\/p>\n<p>Az Ecomedit kft 2010-ben alapult, \u00e9s 2014-re a kapcsolatrendszere, a szaktud\u00e1sa r\u00e9v\u00e9n m\u00e1r a k\u00f6zepes v\u00e1llalkoz\u00e1sok szintj\u00e9re emelkedett.<\/p>\n<p style=\"text-align: center;\"><strong>***<\/strong><\/p>\n<p><span style=\"text-decoration: underline;\"><strong>Az Ecomedit kft f\u0151bb tev\u00e9kenys\u00e9gei:<\/strong><\/span><\/p>\n<p>Tan\u00e1csad\u00e1s c\u00e9geknek a k\u00f6zgazdas\u00e1gtan, a k\u00f6zigazgat\u00e1s, a gazd\u00e1lkod\u00e1s, a gy\u00f3gy\u00edt\u00e1s, a polg\u00e1rjog \u00e9s az IT ter\u00fcletein bel\u00fcl.<\/p>\n<p>K\u00e9pz\u00e9sek, tanfolyamok szervez\u00e9se c\u00e9gek, szervezetek vezet\u0151i, tan\u00e1csad\u00f3i, szakemberei r\u00e9sz\u00e9re a fenti t\u00e9m\u00e1kban.<\/p>\n<p>Operat\u00edv teend\u0151k megszervez\u00e9se, koordin\u00e1l\u00e1sa \u00e9s t\u00e9mak\u00f6vet\u00e9se mindh\u00e1rom f\u0151 t\u00e9mak\u00f6rben.<\/p>\n<p>Az Ecomedit kft szakemberei t\u00f6bb \u00e9vtizede k\u00eds\u00e9rik figyelemmel, vagy \u00e9ppen vesznek r\u00e9szt akt\u00edvan a k\u00f6zgazdas\u00e1g \u00e9s a medicina tudom\u00e1ny\u00e1ban.<\/p>\n<p style=\"text-align: center;\"><strong>***<\/strong><\/p>\n<p><span style=\"text-decoration: underline;\"><strong>Keressen minket bizalommal!<\/strong><\/span><\/p>\n<p>El\u00e9rhet\u0151s\u00e9g\u00fcnk:\u00a0info@ecomedit.hu<\/p>\n<p>&nbsp;<\/p>\n<p>&nbsp;<\/p>\n","protected":false},"excerpt":{"rendered":"<p>A korszer\u0171, a hat\u00e9kony medicina \u00e9s nyeres\u00e9ges gazd\u00e1lkod\u00e1s tal\u00e1lkoz\u00e1sa! A c\u00e9geknek a legjobb, leghasznosabb javaslatok nagyon sokat \u00e9rnek. \u00c1m ezek a javaslatok csak nagy szakmai ismereteken alapulhatnak. Honnan sz\u00e1rmazik, mit &hellip; <\/p>\n<p><a href=\"http:\/\/www.x-party.hu\/yk\/diakvallforum\/?page_id=871\" class=\"btn btn-readmore\">Read More <span class=\"screen-reader-text\"> &#8222;Ecomedit&#8221;<\/span><\/a><\/p>\n","protected":false},"author":1,"featured_media":0,"parent":769,"menu_order":0,"comment_status":"closed","ping_status":"open","template":"","meta":[],"_links":{"self":[{"href":"http:\/\/www.x-party.hu\/yk\/diakvallforum\/index.php?rest_route=\/wp\/v2\/pages\/871"}],"collection":[{"href":"http:\/\/www.x-party.hu\/yk\/diakvallforum\/index.php?rest_route=\/wp\/v2\/pages"}],"about":[{"href":"http:\/\/www.x-party.hu\/yk\/diakvallforum\/index.php?rest_route=\/wp\/v2\/types\/page"}],"author":[{"embeddable":true,"href":"http:\/\/www.x-party.hu\/yk\/diakvallforum\/index.php?rest_route=\/wp\/v2\/users\/1"}],"replies":[{"embeddable":true,"href":"http:\/\/www.x-party.hu\/yk\/diakvallforum\/index.php?rest_route=%2Fwp%2Fv2%2Fcomments&post=871"}],"version-history":[{"count":5,"href":"http:\/\/www.x-party.hu\/yk\/diakvallforum\/index.php?rest_route=\/wp\/v2\/pages\/871\/revisions"}],"predecessor-version":[{"id":876,"href":"http:\/\/www.x-party.hu\/yk\/diakvallforum\/index.php?rest_route=\/wp\/v2\/pages\/871\/revisions\/876"}],"up":[{"embeddable":true,"href":"http:\/\/www.x-party.hu\/yk\/diakvallforum\/index.php?rest_route=\/wp\/v2\/pages\/769"}],"wp:attachment":[{"href":"http:\/\/www.x-party.hu\/yk\/diakvallforum\/index.php?rest_route=%2Fwp%2Fv2%2Fmedia&parent=871"}],"curies":[{"name":"wp","href":"https:\/\/api.w.org\/{rel}","templated":true}]}}