{"id":840,"date":"2013-11-03T16:48:20","date_gmt":"2013-11-03T16:48:20","guid":{"rendered":"http:\/\/www.x-party.hu\/yk\/diakvallforum\/?page_id=840"},"modified":"2018-02-05T01:44:09","modified_gmt":"2018-02-05T01:44:09","slug":"miss-irisz-nevezesi-lap","status":"publish","type":"page","link":"http:\/\/www.x-party.hu\/yk\/diakvallforum\/?page_id=840","title":{"rendered":"Miss \u00cdrisz Nevez\u00e9si lap"},"content":{"rendered":"<p align=\"center\"><b><span style=\"text-decoration: underline;\">Yrisz Klub \u2013 L\u00e9lekkutat\u00f3 Int\u00e9zet \u2013X-party<br \/>\n<\/span><\/b>1701 Bp., Pf. 303. * +36-30-4935804<br \/>\nwww.x-party.hu<b> \u2013 miv@x-party.hu<\/b><\/p>\n<p align=\"center\"><b><span style=\"text-decoration: underline;\">Miss \u00cdrisz v\u00e1laszt\u00e1s &#8211; 2018<\/span><\/b><\/p>\n<p align=\"center\"><strong>Nevez\u00e9si lap<\/strong><\/p>\n<p>\u00a0<b>1.\u00a0\u00a0\u00a0\u00a0\u00a0\u00a0\u00a0\u00a0\u00a0\u00a0\u00a0 <\/b><b>A Miss \u00cdrisz v\u00e1laszt\u00e1son, 2018-ban, r\u00e9szt k\u00edv\u00e1nok venni.<\/b><\/p>\n<p><b>2.\u00a0\u00a0\u00a0\u00a0\u00a0\u00a0\u00a0\u00a0\u00a0\u00a0\u00a0 <\/b><b>Az el\u0151k\u00e9sz\u00edt\u0151 \u00e9s a kieg\u00e9sz\u00edt\u0151 rendezv\u00e9nyeken, prom\u00f3ci\u00f3kon, a lehet\u0151s\u00e9geim szerint igyekszem r\u00e9szt venni.<\/b><br \/>\n<b>3.\u00a0\u00a0\u00a0\u00a0\u00a0\u00a0\u00a0\u00a0\u00a0\u00a0\u00a0 <\/b><b>Az esetleg felmer\u00fcl\u0151 vit\u00e1kat, konfliktusokat lehet\u0151leg az \u00e9rintettekkel egy\u00fctt oldom meg.<\/b><br \/>\n<b>4.\u00a0\u00a0\u00a0\u00a0\u00a0\u00a0\u00a0\u00a0\u00a0\u00a0\u00a0 <\/b><b>Elfogadom a Szervez\u0151k szakmai \u00e9s szervez\u00e9si ir\u00e1nymutat\u00e1s\u00e1t, vel\u00fck konstrukt\u00edvan egy\u00fcttm\u0171k\u00f6d\u00f6m.<\/b><br \/>\n<b>5.\u00a0\u00a0\u00a0\u00a0\u00a0\u00a0\u00a0\u00a0\u00a0\u00a0\u00a0 <\/b><b>Hozz\u00e1j\u00e1rulok, hogy a rendezv\u00e9nyeken k\u00e9sz\u00fclhet f\u00e9nyk\u00e9p, film \u00e9s hangfelv\u00e9tel, melyeken szerepelek.<\/b><br \/>\n<b>6.\u00a0\u00a0\u00a0\u00a0\u00a0\u00a0\u00a0\u00a0\u00a0\u00a0\u00a0 <\/b><b>Igyekszem m\u00e9lt\u00f3 lenni a sz\u00e9ps\u00e9gistenn\u0151k pozit\u00edv szellemis\u00e9g\u00e9hez.<\/b><br \/>\n<b>7.\u00a0\u00a0\u00a0\u00a0\u00a0\u00a0\u00a0\u00a0\u00a0\u00a0\u00a0 <\/b><b>Ismerem, \u00e9s al\u00e1\u00edr\u00e1sommal kifejezem, hogy elfogadom a nevez\u00e9si felt\u00e9teleket, \u00e9s k\u00e9pess\u00e9geim szerint v\u00e9gig helyt\u00e1llok a versenyen.<\/b><\/p>\n<p align=\"center\"><span style=\"text-decoration: underline;\"><strong><span style=\"font-size: 1.17em;\">Adatlap<\/span><\/strong><\/span><\/p>\n<p><b><\/b><b>N\u00e9v: \u00a0 \u00a0 \u00a0 \u00a0 \u00a0 \u00a0 \u00a0 \u00a0 \u00a0 \u00a0 \u00a0 \u00a0 \u00a0 \u00a0 \u00a0 \u00a0 \u00a0 \u00a0 \u00a0 \u00a0 \u00a0 \u00a0 \u00a0 \u00a0 \u00a0 \u00a0<\/b><\/p>\n<p><b>Sz\u00fclet\u00e9si hely, d\u00e1tum:<\/b><\/p>\n<p><b>Lakc\u00edm:<\/b><\/p>\n<p><b>Mobil:\u00a0\u00a0\u00a0\u00a0\u00a0\u00a0\u00a0\u00a0\u00a0\u00a0\u00a0\u00a0\u00a0\u00a0\u00a0\u00a0\u00a0\u00a0\u00a0\u00a0\u00a0\u00a0\u00a0\u00a0\u00a0\u00a0\u00a0\u00a0\u00a0\u00a0\u00a0\u00a0\u00a0\u00a0\u00a0\u00a0\u00a0\u00a0\u00a0\u00a0\u00a0\u00a0\u00a0\u00a0 <\/b><\/p>\n<p><b>E-mail:<\/b><\/p>\n<p><b>Iskolai v\u00e9gzetts\u00e9g:\u00a0\u00a0\u00a0\u00a0\u00a0\u00a0\u00a0\u00a0\u00a0\u00a0\u00a0\u00a0\u00a0\u00a0\u00a0\u00a0\u00a0\u00a0\u00a0\u00a0\u00a0\u00a0\u00a0\u00a0\u00a0\u00a0 <\/b><\/p>\n<p><b>Foglalkoz\u00e1s:<\/b><\/p>\n<p><b>\u00a0<\/b><\/p>\n<p><b>Magass\u00e1g:\u00a0\u00a0\u00a0\u00a0\u00a0\u00a0\u00a0\u00a0\u00a0\u00a0 \u00a0\u00a0\u00a0\u00a0\u00a0\u00a0\u00a0\u00a0\u00a0\u00a0\u00a0\u00a0\u00a0\u00a0\u00a0\u00a0\u00a0 Cs\u00edp\u0151b\u0151s\u00e9g:\u00a0\u00a0\u00a0\u00a0\u00a0\u00a0\u00a0\u00a0\u00a0\u00a0\u00a0\u00a0\u00a0\u00a0\u00a0\u00a0\u00a0 Der\u00e9kb\u0151s\u00e9g:<\/b><\/p>\n<p><b>Konfekci\u00f3m\u00e9ret: \u00a0\u00a0\u00a0\u00a0\u00a0\u00a0\u00a0\u00a0\u00a0\u00a0\u00a0\u00a0\u00a0\u00a0\u00a0\u00a0\u00a0\u00a0\u00a0\u00a0\u00a0\u00a0\u00a0\u00a0\u00a0\u00a0\u00a0 Tests\u00faly:\u00a0\u00a0\u00a0\u00a0\u00a0\u00a0\u00a0\u00a0\u00a0\u00a0\u00a0\u00a0\u00a0\u00a0\u00a0\u00a0\u00a0\u00a0\u00a0\u00a0\u00a0\u00a0 Mellb\u0151s\u00e9g:<\/b><\/p>\n<p><b>Cip\u0151m\u00e9ret:\u00a0\u00a0\u00a0\u00a0\u00a0\u00a0\u00a0\u00a0\u00a0 <\/b><\/p>\n<p><b>Szemsz\u00edn:\u00a0\u00a0\u00a0\u00a0\u00a0\u00a0\u00a0\u00a0\u00a0\u00a0\u00a0\u00a0\u00a0\u00a0\u00a0\u00a0\u00a0\u00a0\u00a0\u00a0\u00a0\u00a0\u00a0\u00a0\u00a0\u00a0\u00a0\u00a0\u00a0\u00a0 Hajsz\u00edn:<\/b><\/p>\n<p><b>\u00a0<\/b><\/p>\n<p><b>Jelmondat:<\/b><\/p>\n<p><strong>Vers:<\/strong><\/p>\n<p><strong>Zene:<\/strong><\/p>\n<p><b>\u00a0<\/b><\/p>\n<p><b>Al\u00e1\u00edr\u00e1s:<\/b><\/p>\n","protected":false},"excerpt":{"rendered":"<p>Yrisz Klub \u2013 L\u00e9lekkutat\u00f3 Int\u00e9zet \u2013X-party 1701 Bp., Pf. 303. * +36-30-4935804 www.x-party.hu \u2013 miv@x-party.hu Miss \u00cdrisz v\u00e1laszt\u00e1s &#8211; 2018 Nevez\u00e9si lap \u00a01.\u00a0\u00a0\u00a0\u00a0\u00a0\u00a0\u00a0\u00a0\u00a0\u00a0\u00a0 A Miss \u00cdrisz v\u00e1laszt\u00e1son, 2018-ban, r\u00e9szt k\u00edv\u00e1nok &hellip; <\/p>\n<p><a href=\"http:\/\/www.x-party.hu\/yk\/diakvallforum\/?page_id=840\" class=\"btn btn-readmore\">Read More <span class=\"screen-reader-text\"> &#8222;Miss \u00cdrisz Nevez\u00e9si lap&#8221;<\/span><\/a><\/p>\n","protected":false},"author":1,"featured_media":0,"parent":1579,"menu_order":0,"comment_status":"closed","ping_status":"open","template":"","meta":[],"_links":{"self":[{"href":"http:\/\/www.x-party.hu\/yk\/diakvallforum\/index.php?rest_route=\/wp\/v2\/pages\/840"}],"collection":[{"href":"http:\/\/www.x-party.hu\/yk\/diakvallforum\/index.php?rest_route=\/wp\/v2\/pages"}],"about":[{"href":"http:\/\/www.x-party.hu\/yk\/diakvallforum\/index.php?rest_route=\/wp\/v2\/types\/page"}],"author":[{"embeddable":true,"href":"http:\/\/www.x-party.hu\/yk\/diakvallforum\/index.php?rest_route=\/wp\/v2\/users\/1"}],"replies":[{"embeddable":true,"href":"http:\/\/www.x-party.hu\/yk\/diakvallforum\/index.php?rest_route=%2Fwp%2Fv2%2Fcomments&post=840"}],"version-history":[{"count":4,"href":"http:\/\/www.x-party.hu\/yk\/diakvallforum\/index.php?rest_route=\/wp\/v2\/pages\/840\/revisions"}],"predecessor-version":[{"id":1888,"href":"http:\/\/www.x-party.hu\/yk\/diakvallforum\/index.php?rest_route=\/wp\/v2\/pages\/840\/revisions\/1888"}],"up":[{"embeddable":true,"href":"http:\/\/www.x-party.hu\/yk\/diakvallforum\/index.php?rest_route=\/wp\/v2\/pages\/1579"}],"wp:attachment":[{"href":"http:\/\/www.x-party.hu\/yk\/diakvallforum\/index.php?rest_route=%2Fwp%2Fv2%2Fmedia&parent=840"}],"curies":[{"name":"wp","href":"https:\/\/api.w.org\/{rel}","templated":true}]}}