{"id":769,"date":"2013-09-15T15:05:57","date_gmt":"2013-09-15T15:05:57","guid":{"rendered":"http:\/\/www.x-party.hu\/yk\/diakvallforum\/?page_id=769"},"modified":"2020-12-08T19:32:46","modified_gmt":"2020-12-08T19:32:46","slug":"az-atlasz-korrekcio","status":"publish","type":"page","link":"http:\/\/www.x-party.hu\/yk\/diakvallforum\/?page_id=769","title":{"rendered":"Az Atlasz-korrekci\u00f3"},"content":{"rendered":"<h4 style=\"text-align: center;\"><a href=\"http:\/\/www.atlaszprofi.hu\/\" target=\"_blank\" rel=\"noopener noreferrer\"><em><strong>Egy korszakalkot\u00f3 \u00faj, hat\u00e9kony ter\u00e1pia, wellness massz\u00e1zs!\u00a0<\/strong><\/em><\/a><\/h4>\n<p style=\"text-align: center;\">***<\/p>\n<table border=\"1\" cellspacing=\"0\" cellpadding=\"0\">\n<tbody>\n<tr>\n<td valign=\"top\" width=\"212\">\n<p align=\"center\">\u00a0A fej\u00fcnket tart\u00f3 els\u0151 nyakcsigolya tudom\u00e1nyos neve: Atlasz.<\/p>\n<\/td>\n<td valign=\"top\" width=\"212\">\n<p align=\"center\"><strong>Mikor \u00e9s mi\u00e9rt fontos az Atlasz-korrekci\u00f3?<\/strong><br \/>\n<strong>Egy\u00e1ltal\u00e1n: mi az Atlasz-korrekci\u00f3?<\/strong><br \/>\n<strong>Pl\u00e1ne: mi az az Atlasz (nem t\u00e9rk\u00e9p!)?<\/strong><\/p>\n<\/td>\n<td valign=\"top\" width=\"212\">\n<p align=\"center\">A m\u00f3dszert egy sv\u00e1jci professzor, Ren\u00e9 C. Sch\u00fcmperli dolgozta ki, \u00e9s kapott r\u00e1 vil\u00e1gszabadalmat.<\/p>\n<\/td>\n<\/tr>\n<tr>\n<td valign=\"top\" width=\"212\">\n<p style=\"text-align: left;\" align=\"center\">\u00a0K\u00e9t ponton t\u00e1masztja al\u00e1 a kopony\u00e1t, a t\u00f6bbi gerinccsigolya egym\u00e1shoz h\u00e1rom ny\u00falv\u00e1nnyal kapcsol\u00f3dik.<\/p>\n<\/td>\n<td valign=\"top\" width=\"212\">\n<p style=\"text-align: left;\" align=\"center\">Ha az Atlasz \u00e9s a koponya valamilyen kis m\u00e9rt\u00e9kben is el van fordulva a norm\u00e1lishoz k\u00e9pest, akkor j\u00f6nnek a bajok. Logikus: az agyi idegek is, amelyek a t\u00f6rzs\u00fcnkbe el\u00e9rnek, a v\u00e9rerek is torzulhatnak, elnyom\u00f3dhatnak. A kialakult blokkok sok-sok testi, idegi probl\u00e9m\u00e1t okozhatnak. Fejf\u00e1j\u00e1s, f\u00fclz\u00fag\u00e1s, testtart\u00e1si zavarok, gerincprobl\u00e9m\u00e1k, l\u00fadtalp, koncentr\u00e1ci\u00f3zavar \u00e9s m\u00e9g vagy t\u00edzf\u00e9le baj okoz\u00f3ja lehet ez az egy deformit\u00e1s.<\/p>\n<\/td>\n<td valign=\"top\" width=\"212\">\n<p style=\"text-align: center;\" align=\"center\"><a href=\"http:\/\/atlaszprofi.hu\/\"><img decoding=\"async\" loading=\"lazy\" src=\"http:\/\/www.x-party.hu\/yk\/diakvallforum\/wp-content\/uploads\/2013\/09\/atlasz-3210-300x150.jpg\" alt=\"atlasz-3210\" width=\"210\" height=\"105\" \/><\/a><\/p>\n<p style=\"text-align: left;\" align=\"center\">Magyarorsz\u00e1gon \u00f6sszesen kilenc szak\u00e9rt\u0151 szerzett diplom\u00e1t, licenc-jogot, hogy az Atlasz-korrekci\u00f3t elv\u00e9gezhesse.<\/p>\n<\/td>\n<\/tr>\n<tr>\n<td valign=\"top\" width=\"212\">\n<p style=\"text-align: left;\" align=\"center\">\u00a0A sz\u00fclet\u00e9s el\u0151tt a magzat fejjel lefel\u00e9 helyezkedik el az anyam\u00e9hben. M\u00e1r ekkor is k\u00e9pz\u0151dhet egy kis csavarod\u00e1s a nyak \u00e9s a fej k\u00f6z\u00f6tt, a sz\u00fclet\u00e9sn\u00e9l m\u00e9g ink\u00e1bb.<\/p>\n<\/td>\n<td valign=\"top\" width=\"212\">\n<p style=\"text-align: left;\" align=\"center\">Az Atlasz-korrekci\u00f3 l\u00e9nyege, hogy egy egyszer\u0171, f\u00e1jdalommentes, gyors, meggy\u0151z\u0151 tesztel\u00e9ssel kimutatj\u00e1k a deformit\u00e1s m\u00e9rt\u00e9k\u00e9t, majd pedig egy wellness-massz\u00e1zsnak min\u0151s\u00edtett technik\u00e1val kb. 20 perc alatt vissza\u00e1ll\u00edtj\u00e1k az Atlasz \u00e9s a fej norm\u00e1lis kapcsolat\u00e1t.<\/p>\n<\/td>\n<td valign=\"top\" width=\"212\">\n<p style=\"text-align: left;\" align=\"center\">A m\u00f3dszer gyors, csak kicsit kellemetlen, \u00e9s r\u00f6gt\u00f6n, v\u00e9gleges javul\u00e1st eredm\u00e9nyez.<\/p>\n<\/td>\n<\/tr>\n<tr>\n<td valign=\"top\" width=\"212\">\n<p style=\"text-align: left;\" align=\"center\">\u00a0Kort\u00f3l, foglalkoz\u00e1st\u00f3l, \u00e9letm\u00f3dt\u00f3l f\u00fcggetlen\u00fcl b\u00e1rkinek sz\u00fcks\u00e9ge lehet az Atlasz-korrekci\u00f3ra. A statisztikai adatok alapj\u00e1n az emberek 80%-\u00e1nak van elfordulva az Atlasza &#8211; m\u00e1r a sz\u00fclet\u00e9st\u0151l kezdve!<\/p>\n<\/td>\n<td valign=\"top\" width=\"212\">\n<p style=\"text-align: left;\" align=\"center\">\u00d6nnek, vagy hozz\u00e1tartoz\u00f3inak, ismer\u0151seinek is meg\u00e9ri a tesztel\u00e9s, \u00e9s k\u00fcl\u00f6n\u00f6sen hasznos lehet az Atlasz-korrekci\u00f3, ha sz\u00fcks\u00e9ges.<\/p>\n<\/td>\n<td valign=\"top\" width=\"212\">\n<p style=\"text-align: left;\" align=\"center\">\u00a0Min\u00e9l el\u0151bb \u00e1ll helyre a feje, ann\u00e1l t\u00f6bbet \u00e9lvezheti az eg\u00e9szs\u00e9g\u00e9t!<\/p>\n<\/td>\n<\/tr>\n<tr>\n<td valign=\"top\" width=\"212\">\n<p align=\"center\">\u00a0<strong>Tov\u00e1bbi inform\u00e1ci\u00f3k, tesztel\u00e9s, Atlasz-korrekci\u00f3:<\/strong><\/p>\n<\/td>\n<td valign=\"top\" width=\"212\">\n<p align=\"center\"><a href=\"http:\/\/atlaszprofi.hu\/\"><img decoding=\"async\" loading=\"lazy\" src=\"http:\/\/www.x-party.hu\/yk\/diakvallforum\/wp-content\/uploads\/2013\/09\/atlasz-3210-300x150.jpg\" alt=\"atlasz-3210\" width=\"210\" height=\"105\" \/><\/a><\/p>\n<\/td>\n<td valign=\"top\" width=\"212\">\n<p align=\"center\">Legyen \u00d6n is term\u00e9szetesen eg\u00e9szs\u00e9ges!<\/p>\n<\/td>\n<\/tr>\n<\/tbody>\n<\/table>\n<p align=\"center\">***<\/p>\n","protected":false},"excerpt":{"rendered":"<p>Egy korszakalkot\u00f3 \u00faj, hat\u00e9kony ter\u00e1pia, wellness massz\u00e1zs!\u00a0 *** \u00a0A fej\u00fcnket tart\u00f3 els\u0151 nyakcsigolya tudom\u00e1nyos neve: Atlasz. Mikor \u00e9s mi\u00e9rt fontos az Atlasz-korrekci\u00f3? Egy\u00e1ltal\u00e1n: mi az Atlasz-korrekci\u00f3? Pl\u00e1ne: mi az az &hellip; <\/p>\n<p><a href=\"http:\/\/www.x-party.hu\/yk\/diakvallforum\/?page_id=769\" class=\"btn btn-readmore\">Read More <span class=\"screen-reader-text\"> &#8222;Az Atlasz-korrekci\u00f3&#8221;<\/span><\/a><\/p>\n","protected":false},"author":1,"featured_media":0,"parent":0,"menu_order":6,"comment_status":"closed","ping_status":"open","template":"","meta":[],"_links":{"self":[{"href":"http:\/\/www.x-party.hu\/yk\/diakvallforum\/index.php?rest_route=\/wp\/v2\/pages\/769"}],"collection":[{"href":"http:\/\/www.x-party.hu\/yk\/diakvallforum\/index.php?rest_route=\/wp\/v2\/pages"}],"about":[{"href":"http:\/\/www.x-party.hu\/yk\/diakvallforum\/index.php?rest_route=\/wp\/v2\/types\/page"}],"author":[{"embeddable":true,"href":"http:\/\/www.x-party.hu\/yk\/diakvallforum\/index.php?rest_route=\/wp\/v2\/users\/1"}],"replies":[{"embeddable":true,"href":"http:\/\/www.x-party.hu\/yk\/diakvallforum\/index.php?rest_route=%2Fwp%2Fv2%2Fcomments&post=769"}],"version-history":[{"count":11,"href":"http:\/\/www.x-party.hu\/yk\/diakvallforum\/index.php?rest_route=\/wp\/v2\/pages\/769\/revisions"}],"predecessor-version":[{"id":2579,"href":"http:\/\/www.x-party.hu\/yk\/diakvallforum\/index.php?rest_route=\/wp\/v2\/pages\/769\/revisions\/2579"}],"wp:attachment":[{"href":"http:\/\/www.x-party.hu\/yk\/diakvallforum\/index.php?rest_route=%2Fwp%2Fv2%2Fmedia&parent=769"}],"curies":[{"name":"wp","href":"https:\/\/api.w.org\/{rel}","templated":true}]}}