{"id":627,"date":"2013-02-12T19:59:49","date_gmt":"2013-02-12T19:59:49","guid":{"rendered":"http:\/\/www.x-party.hu\/yk\/diakvallforum\/?page_id=627"},"modified":"2026-01-07T14:33:21","modified_gmt":"2026-01-07T14:33:21","slug":"kibernologia","status":"publish","type":"page","link":"http:\/\/www.x-party.hu\/yk\/diakvallforum\/?page_id=627","title":{"rendered":"Kibernol\u00f3gia"},"content":{"rendered":"<p style=\"text-align: center;\"><strong>A kibernol\u00f3gia egy \u00faj karakterol\u00f3giai tudom\u00e1ny\u00e1g<\/strong><\/p>\n<p><span style=\"text-decoration: underline;\"><strong><a href=\"http:\/\/kibernologia.hu\/kibernologia.hu\/\" target=\"_blank\" rel=\"noopener noreferrer\"><img decoding=\"async\" loading=\"lazy\" class=\"alignleft wp-image-628\" src=\"http:\/\/www.x-party.hu\/yk\/diakvallforum\/wp-content\/uploads\/2013\/02\/kibernologia-b-2-300x300.jpg\" alt=\"kibernologia-b-2\" width=\"216\" height=\"216\" srcset=\"http:\/\/www.x-party.hu\/yk\/diakvallforum\/wp-content\/uploads\/2013\/02\/kibernologia-b-2-300x300.jpg 300w, http:\/\/www.x-party.hu\/yk\/diakvallforum\/wp-content\/uploads\/2013\/02\/kibernologia-b-2-150x150.jpg 150w, http:\/\/www.x-party.hu\/yk\/diakvallforum\/wp-content\/uploads\/2013\/02\/kibernologia-b-2-1024x1024.jpg 1024w, http:\/\/www.x-party.hu\/yk\/diakvallforum\/wp-content\/uploads\/2013\/02\/kibernologia-b-2.jpg 1181w\" sizes=\"(max-width: 216px) 100vw, 216px\" \/><\/a>Meghat\u00e1roz\u00e1s:<\/strong><\/span><br \/>\nAz internetes, vagy nyomtatott publik\u00e1ci\u00f3k, teremelrendez\u00e9s, divatterm\u00e9kek, stb. speci\u00e1lis elemz\u00e9se alapj\u00e1n k\u00e9sz\u00edt\u00fcnk szem\u00e9lyis\u00e9gk\u00e9pet a forr\u00e1sr\u00f3l, t\u00e1gabb \u00e9rtelemben b\u00e1rmely ember, emberek \u00e1ltal k\u00e9sz\u00edtett alkot\u00e1s elemz\u00e9se alapj\u00e1n k\u00f6vetkeztet\u00fcnk vissza a k\u00e9sz\u00edt\u0151(k) &#8211; a forr\u00e1s &#8211; jellem\u00e9re, viselked\u00e9s\u00e9re, szem\u00e9lyis\u00e9g\u00e9re, karakter\u00e9re.<\/p>\n<p style=\"text-align: center;\"><strong>***<\/strong><\/p>\n<p><em><span style=\"text-decoration: underline;\"><strong>Cybernology in English:\u00a0<\/strong><\/span>The cybernology is a new branch of\u00a0characterological\u00a0science. The Internet (or print) publications prepared a special analysis of the personality of the source image.<\/em><\/p>\n<p style=\"text-align: center;\"><strong>***<\/strong><\/p>\n<p>A kibernol\u00f3gia a grafol\u00f3gia (k\u00e9z\u00edr\u00e1s elemz\u00e9se) XXI. sz\u00e1zadi \u00faj dimenzi\u00f3j\u00e1nak is tekinthet\u0151.\u00a0A kibernol\u00f3gia \u00f6tlet\u00e9t 2009. november\u00e9ben egy miskolci sz\u00e9ps\u00e9gversenyz\u0151 ihlette.<br \/>\nA kibernol\u00f3gi\u00e1t a L\u00e9lekkutat\u00f3 Int\u00e9zet, a PszichoKibernetikai Laborat\u00f3rium \u00e9s a Korm\u00e1nyzati Tan\u00e1csad\u00f3 J\u00f3sda alap\u00edtotta, Szilv\u00e1sy P\u00e9ter igazgat\u00f3 t\u00e9magazdas\u00e1g\u00e1ban, a 2011. 11. 11-\u00e9n, a J\u00f3sdakonferenci\u00e1n.<\/p>\n<p style=\"text-align: center;\"><strong>***<\/strong><\/p>\n<p style=\"text-align: center;\"><strong>Az I. Kibernol\u00f3giai Konferenci\u00e1t 2012. 12. 12-\u00e9n szervezt\u00fck meg.<\/strong><\/p>\n<p style=\"text-align: center;\"><strong>***<\/strong><\/p>\n<p>A kibernol\u00f3gia fejleszt\u00e9se szakmai f\u00f3rumokon, szemin\u00e1riumokon t\u00f6rt\u00e9nik.<\/p>\n<p style=\"text-align: center;\"><span style=\"text-decoration: underline;\"><strong>Programjaink *** 2026<\/strong><\/span><\/p>\n<p>Janu\u00e1r 11. \u00e9s 25. * Kreat\u00edv tan\u00e1cskoz\u00e1st, propagand\u00e1t is szervez\u00fcnk, az \u00c9letm\u00f3d \u00e9s \u00c1sv\u00e1ny Exp\u00f3n is.<\/p>\n<p style=\"text-align: center;\"><span style=\"text-decoration: underline;\"><strong>2025<\/strong><\/span><\/p>\n<p>December 14. &#8211; Az After-partinkon is expon\u00e1ljuk a kibernol\u00f3gi\u00e1t<br \/>\nNovember 28. &#8211; A FIVOSZ Het\u00e9ben<br \/>\nOkt\u00f3ber 15 &#8211; Az EU-EXPO Innov\u00e1ci\u00f3s napj\u00e1n<br \/>\nJanu\u00e1r 25-26. * \u00d6n\u00e1ll\u00f3 standunkon grafologiz\u00e1lunk az \u00c9letm\u00f3d \u00e9s \u00c1sv\u00e1ny Exp\u00f3n, a Lurdy Konferencia K\u00f6zpontban.<\/p>\n<p style=\"text-align: center;\"><span style=\"text-decoration: underline;\"><strong>2022-ben<\/strong><\/span><\/p>\n<p style=\"text-align: left;\"><strong>M\u00e1rcius 25. &#8211; TesTudaT Konferencia<\/strong><br \/>\n<strong>Febru\u00e1r 18. &#8211; EU-EXPO Klub<\/strong><\/p>\n<p style=\"text-align: center;\"><span style=\"text-decoration: underline;\"><strong>2021:<\/strong><\/span><\/p>\n<p><strong>M\u00e1rcius 25. &#8211; TesTudaT Konferencia<br \/>\nM\u00e1rcius 8. &#8211; A Testv\u00e9r-Fesztiv\u00e1lok F\u00f3rum\u00e1nak el\u0151k\u00e9sz\u00edt\u0151 szervez\u00e9se<br \/>\nFebru\u00e1r 12. &#8211; A kibernol\u00f3gia propag\u00e1l\u00e1sa<\/strong><\/p>\n<p style=\"text-align: center;\"><span style=\"text-decoration: underline;\"><strong>2020:<\/strong><\/span><\/p>\n<p><strong>Okt\u00f3ber 15 &#8211; Az EU-EXPO Innov\u00e1ci\u00f3 napja<br \/>\n\u00c1prilis 29. &#8211; Tan\u00e1cskoz\u00e1s a fejleszt\u00e9seinkr\u0151l<\/strong><br \/>\n<strong>M\u00e1rcius 25. &#8211; XV. TesTudaT Konferencia<\/strong><br \/>\n<strong>Janu\u00e1r 19. &#8211; \u00c9vnyit\u00f3-party<\/strong><\/p>\n<p style=\"text-align: center;\"><span style=\"text-decoration: underline;\"><strong>2019:<\/strong><\/span><\/p>\n<p><strong>J\u00falius 23. &#8211; A Nap az Oroszl\u00e1n jegy\u00e9be l\u00e9p &#8211; asztro-grafol\u00f3giai elemz\u00e9s<br \/>\n<\/strong><strong>J\u00fanius 14 &#8211; Kibernol\u00f3giai f\u00f3rum a K\u00f6nyv-fesztiv\u00e1lon<br \/>\n<\/strong><strong>M\u00e1jus 11. &#8211; Eur\u00f3pa \u00fcnnepe &#8211; nemzetk\u00f6zi expanzi\u00f3nk<br \/>\n<\/strong><strong>M\u00e1rcius 25. &#8211; TesTudaT Konferencia<br \/>\n<\/strong><strong>Janu\u00e1r 19. &#8211; \u00c9vnyit\u00f3nk<\/strong><\/p>\n<p style=\"text-align: center;\"><span style=\"text-decoration: underline;\"><strong>2018<\/strong><\/span><\/p>\n<p><strong>J\u00falius 5. &#8211; A gyakorlati haszn\u00e1lhat\u00f3s\u00e1g: a fesztiv\u00e1lok honlapjainak elemz\u00e9se.<br \/>\n<\/strong><strong>J\u00fanius 1. &#8211; Tal\u00e1lkoz\u00f3 a China Smart Exp\u00f3n.<br \/>\n<\/strong><strong>\u00c1prilis 28. &#8211; Thai Chi Vil\u00e1gnapon el\u0151ad\u00e1st tartottunk a Kibernol\u00f3gia tudom\u00e1ny\u00e1r\u00f3l.<\/strong><\/p>\n<p style=\"text-align: center;\"><span style=\"text-decoration: underline;\"><strong>2017<\/strong><\/span><\/p>\n<p><strong>Szeptember 28. &#8211; Kibernol\u00f3gus Kik\u00e9pz\u0151 Tr\u00e9ning<br \/>\n<\/strong><strong>Augusztus 16. &#8211; Kibernol\u00f3gusok F\u00f3ruma<br \/>\n<\/strong><strong>J\u00fanius 23. &#8211; Kibernol\u00f3gusok T\u00e1rsas\u00e1g\u00e1nak tan\u00e1cskoz\u00e1sa<br \/>\n<\/strong><strong>\u00c1prilis 4. \u00e9s 29. &#8211; politikai p\u00e1rtok honlapjainak kibernol\u00f3giai elemz\u00e9se<br \/>\n<\/strong><strong>M\u00e1rcius 25. &#8211; TesTudaT Konferencia<\/strong><\/p>\n<p style=\"text-align: center;\"><span style=\"text-decoration: underline;\"><strong>2016<\/strong><\/span><\/p>\n<p style=\"text-align: left;\"><span style=\"text-decoration: underline;\"><strong>Szeptember 28<\/strong><\/span>. &#8211; komplex tanfolyamot ind\u00edtunk. R\u00e9szletek a www.kibernologia.hu oldalunkon tal\u00e1lhat\u00f3k.<br \/>\n<span style=\"text-decoration: underline;\"><strong>M\u00e1jus 3.<\/strong><\/span>\u00a0&#8211; Kibernol\u00f3giai szemin\u00e1rium, 5*3 \u00f3r\u00e1s, r\u00e9sz\u00e9teli d\u00edj: 45.000 Ft<br \/>\n<span style=\"text-decoration: underline;\"><strong>Janu\u00e1r 28.<\/strong><\/span> &#8211; A Kibernol\u00f3gusok T\u00e1rsas\u00e1g\u00e1nak tan\u00e1cskoz\u00e1sa,<\/p>\n<p style=\"text-align: center;\"><strong><span style=\"text-decoration: underline;\">2015.<\/span><\/strong><\/p>\n<p style=\"text-align: center;\"><a href=\"http:\/\/www.x-party.hu\/yk\/diakvallforum\/wp-content\/uploads\/2013\/02\/graf-tanf-2015-10-17.jpg\"><img decoding=\"async\" loading=\"lazy\" class=\"aligncenter size-large wp-image-1171\" src=\"http:\/\/www.x-party.hu\/yk\/diakvallforum\/wp-content\/uploads\/2013\/02\/graf-tanf-2015-10-17-1024x691.jpg\" alt=\"graf-tanf-2015-10-17\" width=\"630\" height=\"425\" srcset=\"http:\/\/www.x-party.hu\/yk\/diakvallforum\/wp-content\/uploads\/2013\/02\/graf-tanf-2015-10-17-1024x691.jpg 1024w, http:\/\/www.x-party.hu\/yk\/diakvallforum\/wp-content\/uploads\/2013\/02\/graf-tanf-2015-10-17-300x203.jpg 300w, http:\/\/www.x-party.hu\/yk\/diakvallforum\/wp-content\/uploads\/2013\/02\/graf-tanf-2015-10-17.jpg 1813w\" sizes=\"(max-width: 630px) 100vw, 630px\" \/><\/a><\/p>\n<p><span style=\"text-decoration: underline;\"><strong>Kibernol\u00f3giai F\u00f3rum &#8211; j\u00falius 17.<\/strong><\/span><br \/>\nA kibernol\u00f3gia tudom\u00e1nya el\u00e9rte a m\u00e1sodik szintj\u00e9t. Val\u00f3san j\u00f3l alkalmazhat\u00f3s\u00e1g\u00e1r\u00f3l a F\u00f3rumon besz\u00e9l\u00fcnk.<br \/>\nCsak megh\u00edvottaknak!<\/p>\n<p style=\"text-align: center;\"><span style=\"text-decoration: underline;\"><strong>Megalak\u00edtjuk a Kibernol\u00f3gusok T\u00e1rsas\u00e1g\u00e1t!<\/strong><\/span><br \/>\nC\u00e9lunk a szakma fejleszt\u00e9se, terjeszt\u00e9se, alkalmaz\u00e1sa.<br \/>\nAz \u00fcnnepi esem\u00e9nyre a X. TesTudaT Konferenci\u00e1n ker\u00fcl sor, 2015. m\u00e1rcius 25-\u00e9n, a &#8222;Vil\u00e1gl\u00e1t\u00f3&#8221; M\u00e9dia K\u00f6zpontban.<\/p>\n<p style=\"text-align: center;\"><strong><span style=\"text-decoration: underline;\">2014.<\/span><\/strong><\/p>\n<p><strong>El\u0151ad\u00e1s a kibernol\u00f3gia alkalmaz\u00e1s\u00e1r\u00f3l &#8211; 2014. szeptember 6. szombat, 10:40 &#8211; Szilv\u00e1sy P\u00e9ter &#8211; N\u00e9pliget, SzeptEmber Feszt, Eg\u00e9szs\u00e9gliget.<\/strong><\/p>\n<p>A kibernol\u00f3giai elemz\u00e9s c\u00e9lja, hogy t\u00e1mogassa a di\u00e1ks\u00e1got, a v\u00e1llalkoz\u00f3kat, a m\u0171v\u00e9szeket, a tud\u00f3sokat, a sportol\u00f3kat, a politikusokat, az \u00fajs\u00e1g\u00edr\u00f3kat, a sz\u00f3rakozni v\u00e1gy\u00f3kat a tev\u00e9kenys\u00e9g\u00fckben, eredm\u00e9nyess\u00e9g\u00fckben.<\/p>\n<p style=\"text-align: center;\"><strong><span style=\"text-decoration: underline;\">El\u0151ad\u00e1sok, tanfolyamok 2013-ban:<\/span><\/strong><\/p>\n<p style=\"text-align: left;\"><strong><span style=\"text-decoration: underline;\">12. 11. &#8211; 14-18h &#8211; II. J\u00f3sdakonferencia<br \/>\n<\/span><\/strong>tan\u00e1cskoz\u00e1s a kibernol\u00f3gia alkalmazhat\u00f3s\u00e1g\u00e1r\u00f3l.<strong><span style=\"text-decoration: underline;\"><br \/>\n<\/span><span style=\"text-decoration: underline;\">11. 16. &#8211; 10 &#8211; 18 h &#8211; Grafol\u00f3giai Konferencia<\/span><\/strong><br \/>\nel\u0151ad\u00e1s: Kibernol\u00f3gia &#8211; a grafol\u00f3gia \u00faj dimenzi\u00f3ja (el\u0151ad\u00f3: Szilv\u00e1sy P\u00e9ter)<br \/>\n09. 19. &#8211; 17-20 h &#8211; Di\u00e1kok \u00e9s V\u00e1llalkoz\u00f3k F\u00f3ruma &#8211; prezent\u00e1ci\u00f3<br \/>\n06. 07. &#8211; 15-20 h &#8211; Kibernol\u00f3giai szemin\u00e1rium (5 r\u00e9szes)<br \/>\n02. 19. &#8211; 17-20 h &#8211; X-party K\u00f6zpont<br \/>\n02. 25. &#8211; 15-18 h &#8211; M\u00e9dia-party<\/p>\n<p><span style=\"text-decoration: underline;\"><strong>Kibernol\u00f3giai vizsg\u00e1lati szempontok (max. 35 pont)<\/strong><\/span><br \/>\n1. C\u00e9ltudatoss\u00e1g, c\u00e9lszer\u0171s\u00e9g (5)<br \/>\n2. Kreativit\u00e1s (3)<br \/>\n3.\u00a0\u00c9rtelmess\u00e9g\u00a0(3)<br \/>\n4.\u00a0\u00c9rzelmi\u00a0hat\u00e1s (5)<br \/>\n5. Cselekv\u00e9sre \u00f6szt\u00f6nz\u00e9s (3)<br \/>\n6. K\u00f6z\u00f6ss\u00e9g (5)<br \/>\n7. Eszk\u00f6z\u00f6k kihaszn\u00e1l\u00e1sa (3)<br \/>\n8. Aktualit\u00e1s (5)<br \/>\n9. Kapcsolatok (3)<\/p>\n<p style=\"text-align: center;\"><a href=\"http:\/\/www.x-party.hu\/yk\/diakvallforum\/wp-content\/uploads\/2013\/10\/201311-16-grafokonfplakat.jpg\"><img decoding=\"async\" loading=\"lazy\" class=\" wp-image-808 aligncenter\" src=\"http:\/\/www.x-party.hu\/yk\/diakvallforum\/wp-content\/uploads\/2013\/10\/201311-16-grafokonfplakat.jpg\" alt=\"201311-16 grafokonfplakat\" width=\"321\" height=\"481\" srcset=\"http:\/\/www.x-party.hu\/yk\/diakvallforum\/wp-content\/uploads\/2013\/10\/201311-16-grafokonfplakat.jpg 458w, http:\/\/www.x-party.hu\/yk\/diakvallforum\/wp-content\/uploads\/2013\/10\/201311-16-grafokonfplakat-200x300.jpg 200w\" sizes=\"(max-width: 321px) 100vw, 321px\" \/><\/a><\/p>\n<p style=\"text-align: center;\">\u00a0\u00a0 ******<\/p>\n<p><a href=\"http:\/\/www.x-party.hu\/yk\/diakvallforum\/wp-content\/uploads\/2012\/10\/1kibernologiaikonferencia-a1.jpg\"><img decoding=\"async\" loading=\"lazy\" class=\"wp-image-436 aligncenter\" src=\"http:\/\/www.x-party.hu\/yk\/diakvallforum\/wp-content\/uploads\/2012\/10\/1kibernologiaikonferencia-a1-724x1024.jpg\" alt=\"1kibernologiaikonferencia-a1\" width=\"378\" height=\"535\" srcset=\"http:\/\/www.x-party.hu\/yk\/diakvallforum\/wp-content\/uploads\/2012\/10\/1kibernologiaikonferencia-a1-724x1024.jpg 724w, http:\/\/www.x-party.hu\/yk\/diakvallforum\/wp-content\/uploads\/2012\/10\/1kibernologiaikonferencia-a1-212x300.jpg 212w, http:\/\/www.x-party.hu\/yk\/diakvallforum\/wp-content\/uploads\/2012\/10\/1kibernologiaikonferencia-a1.jpg 1754w\" sizes=\"(max-width: 378px) 100vw, 378px\" \/><\/a><\/p>\n<p style=\"text-align: center;\">******<\/p>\n","protected":false},"excerpt":{"rendered":"<p>A kibernol\u00f3gia egy \u00faj karakterol\u00f3giai tudom\u00e1ny\u00e1g Meghat\u00e1roz\u00e1s: Az internetes, vagy nyomtatott publik\u00e1ci\u00f3k, teremelrendez\u00e9s, divatterm\u00e9kek, stb. speci\u00e1lis elemz\u00e9se alapj\u00e1n k\u00e9sz\u00edt\u00fcnk szem\u00e9lyis\u00e9gk\u00e9pet a forr\u00e1sr\u00f3l, t\u00e1gabb \u00e9rtelemben b\u00e1rmely ember, emberek \u00e1ltal k\u00e9sz\u00edtett alkot\u00e1s &hellip; <\/p>\n<p><a href=\"http:\/\/www.x-party.hu\/yk\/diakvallforum\/?page_id=627\" class=\"btn btn-readmore\">Read More <span class=\"screen-reader-text\"> &#8222;Kibernol\u00f3gia&#8221;<\/span><\/a><\/p>\n","protected":false},"author":1,"featured_media":0,"parent":0,"menu_order":4,"comment_status":"closed","ping_status":"open","template":"","meta":[],"_links":{"self":[{"href":"http:\/\/www.x-party.hu\/yk\/diakvallforum\/index.php?rest_route=\/wp\/v2\/pages\/627"}],"collection":[{"href":"http:\/\/www.x-party.hu\/yk\/diakvallforum\/index.php?rest_route=\/wp\/v2\/pages"}],"about":[{"href":"http:\/\/www.x-party.hu\/yk\/diakvallforum\/index.php?rest_route=\/wp\/v2\/types\/page"}],"author":[{"embeddable":true,"href":"http:\/\/www.x-party.hu\/yk\/diakvallforum\/index.php?rest_route=\/wp\/v2\/users\/1"}],"replies":[{"embeddable":true,"href":"http:\/\/www.x-party.hu\/yk\/diakvallforum\/index.php?rest_route=%2Fwp%2Fv2%2Fcomments&post=627"}],"version-history":[{"count":43,"href":"http:\/\/www.x-party.hu\/yk\/diakvallforum\/index.php?rest_route=\/wp\/v2\/pages\/627\/revisions"}],"predecessor-version":[{"id":3369,"href":"http:\/\/www.x-party.hu\/yk\/diakvallforum\/index.php?rest_route=\/wp\/v2\/pages\/627\/revisions\/3369"}],"wp:attachment":[{"href":"http:\/\/www.x-party.hu\/yk\/diakvallforum\/index.php?rest_route=%2Fwp%2Fv2%2Fmedia&parent=627"}],"curies":[{"name":"wp","href":"https:\/\/api.w.org\/{rel}","templated":true}]}}