{"id":6,"date":"2011-03-12T18:57:07","date_gmt":"2011-03-12T18:57:07","guid":{"rendered":"http:\/\/www.x-party.hu\/yk\/diakvallforum\/?page_id=6"},"modified":"2019-05-03T13:14:47","modified_gmt":"2019-05-03T13:14:47","slug":"partnerek","status":"publish","type":"page","link":"http:\/\/www.x-party.hu\/yk\/diakvallforum\/?page_id=6","title":{"rendered":"Partnereink"},"content":{"rendered":"<p><strong><a href=\"http:\/\/z-radio.hu\" target=\"_blank\" rel=\"noopener\">Z-radio.hu<\/a> &#8211; Zombory csal\u00e1d<\/strong><\/p>\n<p><strong>Hungexpo &#8211; Sz\u0171cs \u00c1gnes<\/strong><\/p>\n<p><strong>Tanka L\u00e1szl\u00f3, a Magyar\u00a0<a href=\"http:\/\/vilagtalalkozo.hu\" target=\"_blank\" rel=\"noopener\">Vil\u00e1gtal\u00e1lkoz\u00f3<\/a>\u00a0f\u0151rendez\u0151je<\/strong><\/p>\n<p><strong>S\u00e1ndor P\u00e9ter &#8211; a Lurdy Konferencia K\u00f6zpont tulajdonosa<\/strong><\/p>\n<p><strong>Lov\u00e1sz S\u00e1ndor, a Gyulai <a href=\"http:\/\/palinkafesztival.hu\" target=\"_blank\" rel=\"noopener\">P\u00e1linkafesztiv\u00e1l<\/a> f\u0151szervez\u0151je<\/strong><\/p>\n<p><strong>Sir S\u00e1ndor Istv\u00e1n Fekete lovag, a Tiszacsegei <a href=\"http:\/\/kastely-hotel.hu\" target=\"_blank\" rel=\"noopener\">Sz\u00e9ps\u00e9gkast\u00e9ly<\/a> tulajdonosa<\/strong><\/p>\n<p><strong>Vincze Mikl\u00f3s, a <a href=\"http:\/\/vamdesign.hu\" target=\"_blank\" rel=\"noopener\">VAM<\/a> Design Center vez\u00e9rigazgat\u00f3ja<\/strong><\/p>\n<p><strong>Holl\u00f3k\u0151i Lajos, a <a href=\"http:\/\/tanchaztalalkozo.hu\" target=\"_blank\" rel=\"noopener\">T\u00e1nch\u00e1ztal\u00e1lkoz\u00f3<\/a> igazgat\u00f3ja<\/strong><\/p>\n<p><strong>F\u00f6ldes Attila &#8211; igazgat\u00f3, Szamos Marcip\u00e1n<\/strong><\/p>\n<p><strong>Kedves Val\u00e9ria &#8211; ad\u00f3tan\u00e1csad\u00f3, menedzser<\/strong><\/p>\n<p><strong>Dr. Szilv\u00e1sy Istv\u00e1n &#8211; az \u00c1llami <a href=\"http:\/\/atlaszprofi.hu\" target=\"_blank\" rel=\"noopener\">Eg\u00e9szs\u00e9g\u00fcgyi<\/a> K\u00f6zpont alap\u00edt\u00f3 f\u0151igazgat\u00f3ja<\/strong><\/p>\n<p><strong>B\u00e9k\u00e9si Zolt\u00e1n &#8211; vez\u00e9rigazgat\u00f3, B\u00e9k\u00e9si <a href=\"http:\/\/bekesipalinka.hu\" target=\"_blank\" rel=\"noopener\">P\u00e1link\u00e1rium<\/a><\/strong><\/p>\n<p><strong>Bata Szilvia &#8211; <a href=\"http:\/\/x-party.hu\/miv\/missirisz-alap.html\" target=\"_blank\" rel=\"noopener\">Olimpia Sz\u00e9pe 2012<\/a><\/strong><\/p>\n<p><strong>M\u00e1ri\u00f3 &#8211; <a href=\"http:\/\/www.clubremix.hu\/\" target=\"_blank\" rel=\"noopener\">ReMix k\u00f6zpont\u00a0eln\u00f6ke<\/a><\/strong><\/p>\n<p><strong>Ol\u00e1h Jennifer &#8211; kozmetikus, <a href=\"http:\/\/www.x-party.hu\/eya\/\" target=\"_blank\" rel=\"noopener\">h\u00e1ziasszony<\/a><\/strong><\/p>\n<p><strong>Dr. Szilv\u00e1sy Gy\u00f6rgy &#8211; vez\u00e9rigazgat\u00f3, M\u0171velt N\u00e9p k\u00f6nyvkiad\u00f3<\/strong><\/p>\n<p>&nbsp;<\/p>\n<p style=\"text-align: center;\"><strong><em>K\u00f6sz\u00f6nj\u00fck partnereink akt\u00edv egy\u00fcttm\u0171k\u00f6d\u00e9s\u00e9t, t\u00e1mogat\u00e1s\u00e1t!<\/em><br \/>\n<\/strong><\/p>\n","protected":false},"excerpt":{"rendered":"<p>Z-radio.hu &#8211; Zombory csal\u00e1d Hungexpo &#8211; Sz\u0171cs \u00c1gnes Tanka L\u00e1szl\u00f3, a Magyar\u00a0Vil\u00e1gtal\u00e1lkoz\u00f3\u00a0f\u0151rendez\u0151je S\u00e1ndor P\u00e9ter &#8211; a Lurdy Konferencia K\u00f6zpont tulajdonosa Lov\u00e1sz S\u00e1ndor, a Gyulai P\u00e1linkafesztiv\u00e1l f\u0151szervez\u0151je Sir S\u00e1ndor Istv\u00e1n Fekete &hellip; <\/p>\n<p><a href=\"http:\/\/www.x-party.hu\/yk\/diakvallforum\/?page_id=6\" class=\"btn btn-readmore\">Read More <span class=\"screen-reader-text\"> &#8222;Partnereink&#8221;<\/span><\/a><\/p>\n","protected":false},"author":1,"featured_media":0,"parent":0,"menu_order":10,"comment_status":"open","ping_status":"open","template":"","meta":[],"_links":{"self":[{"href":"http:\/\/www.x-party.hu\/yk\/diakvallforum\/index.php?rest_route=\/wp\/v2\/pages\/6"}],"collection":[{"href":"http:\/\/www.x-party.hu\/yk\/diakvallforum\/index.php?rest_route=\/wp\/v2\/pages"}],"about":[{"href":"http:\/\/www.x-party.hu\/yk\/diakvallforum\/index.php?rest_route=\/wp\/v2\/types\/page"}],"author":[{"embeddable":true,"href":"http:\/\/www.x-party.hu\/yk\/diakvallforum\/index.php?rest_route=\/wp\/v2\/users\/1"}],"replies":[{"embeddable":true,"href":"http:\/\/www.x-party.hu\/yk\/diakvallforum\/index.php?rest_route=%2Fwp%2Fv2%2Fcomments&post=6"}],"version-history":[{"count":25,"href":"http:\/\/www.x-party.hu\/yk\/diakvallforum\/index.php?rest_route=\/wp\/v2\/pages\/6\/revisions"}],"predecessor-version":[{"id":2211,"href":"http:\/\/www.x-party.hu\/yk\/diakvallforum\/index.php?rest_route=\/wp\/v2\/pages\/6\/revisions\/2211"}],"wp:attachment":[{"href":"http:\/\/www.x-party.hu\/yk\/diakvallforum\/index.php?rest_route=%2Fwp%2Fv2%2Fmedia&parent=6"}],"curies":[{"name":"wp","href":"https:\/\/api.w.org\/{rel}","templated":true}]}}