{"id":591,"date":"2013-02-03T11:40:57","date_gmt":"2013-02-03T11:40:57","guid":{"rendered":"http:\/\/www.x-party.hu\/yk\/diakvallforum\/?page_id=591"},"modified":"2015-12-29T10:21:32","modified_gmt":"2015-12-29T10:21:32","slug":"diakszervezetek","status":"publish","type":"page","link":"http:\/\/www.x-party.hu\/yk\/diakvallforum\/?page_id=591","title":{"rendered":"Di\u00e1kszervezetek"},"content":{"rendered":"<p style=\"text-align: center;\">*********<\/p>\n<table border=\"9\" cellspacing=\"9\" cellpadding=\"9\">\n<tbody>\n<tr>\n<td style=\"text-align: center;\"><strong><a href=\"http:\/\/bme.hu\" target=\"_blank\">Budapesti M\u0171szaki Egyetem<\/a><\/strong><br \/>\n<strong> <a href=\"http:\/\/www.sc.bme.hu\/index.php?pMenu=0&amp;pText=0_0\" target=\"_blank\">BME Di\u00e1kk\u00f6zpont<\/a><\/strong><\/td>\n<td align=\"center\" valign=\"middle\"><a href=\"http:\/\/www.uni-corvinus.hu\/index.php?id=35058\" target=\"_blank\"><strong>Budapesti K\u00f6zgazdas\u00e1gtudom\u00e1nyi Egyetem<\/strong><\/a><\/td>\n<td align=\"center\" valign=\"middle\"><strong>Semmelweis Orvostudom\u00e1nyi Egyetem<\/strong><\/td>\n<\/tr>\n<tr>\n<td align=\"center\" valign=\"middle\"><strong>ELTE<\/strong><\/td>\n<td align=\"center\" valign=\"middle\"><strong>BKF<\/strong><\/td>\n<td align=\"center\" valign=\"middle\"><strong>BGF<\/strong><\/td>\n<\/tr>\n<tr>\n<td align=\"center\" valign=\"middle\"><strong>Testenvel\u00e9si Egyetem<\/strong><\/td>\n<td align=\"center\" valign=\"middle\"><strong>Tan\u00edt\u00f3k\u00e9pz\u0151 F\u0151iskola<\/strong><\/td>\n<td align=\"center\" valign=\"middle\"><strong>Iparm\u0171v\u00e9szeti F\u0151iskola<\/strong><\/td>\n<\/tr>\n<tr>\n<td align=\"center\" valign=\"middle\"><strong>SZOTE<\/strong><\/td>\n<td align=\"center\" valign=\"middle\"><strong>POTE<\/strong><\/td>\n<td align=\"center\" valign=\"middle\"><strong>Miskolci Neh\u00e9zipari Egyetem<\/strong><\/td>\n<\/tr>\n<tr>\n<td align=\"center\" valign=\"middle\"><strong>Veszpr\u00e9mi Vegyipari Egyetem<\/strong><\/td>\n<td align=\"center\" valign=\"middle\"><strong>Gy\u0151ri Egyetem<\/strong><\/td>\n<td align=\"center\" valign=\"middle\"><strong>G\u00f6d\u00f6ll\u0151i Agr\u00e1rtudom\u00e1nyi Egyetem<\/strong><\/td>\n<\/tr>\n<tr>\n<td align=\"center\" valign=\"middle\"><strong>Sz\u00ednh\u00e1z \u00e9s Filmm\u0171v\u00e9szeti Egyetem<\/strong><\/td>\n<td align=\"center\" valign=\"middle\"><strong>Rend\u0151rtiszti F\u0151iskola<\/strong><\/td>\n<td align=\"center\" valign=\"middle\"><strong>\u00c1VF<\/strong><\/td>\n<\/tr>\n<tr>\n<td align=\"center\" valign=\"middle\"><strong>\u00a0<\/strong><\/td>\n<td align=\"center\" valign=\"middle\"><strong>\u00a0<\/strong><\/td>\n<td align=\"center\" valign=\"middle\"><strong>\u00a0<\/strong><\/td>\n<\/tr>\n<\/tbody>\n<\/table>\n<p style=\"text-align: center;\">*****<\/p>\n","protected":false},"excerpt":{"rendered":"<p>********* Budapesti M\u0171szaki Egyetem BME Di\u00e1kk\u00f6zpont Budapesti K\u00f6zgazdas\u00e1gtudom\u00e1nyi Egyetem Semmelweis Orvostudom\u00e1nyi Egyetem ELTE BKF BGF Testenvel\u00e9si Egyetem Tan\u00edt\u00f3k\u00e9pz\u0151 F\u0151iskola Iparm\u0171v\u00e9szeti F\u0151iskola SZOTE POTE Miskolci Neh\u00e9zipari Egyetem Veszpr\u00e9mi Vegyipari Egyetem Gy\u0151ri &hellip; <\/p>\n<p><a href=\"http:\/\/www.x-party.hu\/yk\/diakvallforum\/?page_id=591\" class=\"btn btn-readmore\">Read More <span class=\"screen-reader-text\"> &#8222;Di\u00e1kszervezetek&#8221;<\/span><\/a><\/p>\n","protected":false},"author":1,"featured_media":0,"parent":264,"menu_order":1,"comment_status":"closed","ping_status":"open","template":"","meta":[],"_links":{"self":[{"href":"http:\/\/www.x-party.hu\/yk\/diakvallforum\/index.php?rest_route=\/wp\/v2\/pages\/591"}],"collection":[{"href":"http:\/\/www.x-party.hu\/yk\/diakvallforum\/index.php?rest_route=\/wp\/v2\/pages"}],"about":[{"href":"http:\/\/www.x-party.hu\/yk\/diakvallforum\/index.php?rest_route=\/wp\/v2\/types\/page"}],"author":[{"embeddable":true,"href":"http:\/\/www.x-party.hu\/yk\/diakvallforum\/index.php?rest_route=\/wp\/v2\/users\/1"}],"replies":[{"embeddable":true,"href":"http:\/\/www.x-party.hu\/yk\/diakvallforum\/index.php?rest_route=%2Fwp%2Fv2%2Fcomments&post=591"}],"version-history":[{"count":11,"href":"http:\/\/www.x-party.hu\/yk\/diakvallforum\/index.php?rest_route=\/wp\/v2\/pages\/591\/revisions"}],"predecessor-version":[{"id":1245,"href":"http:\/\/www.x-party.hu\/yk\/diakvallforum\/index.php?rest_route=\/wp\/v2\/pages\/591\/revisions\/1245"}],"up":[{"embeddable":true,"href":"http:\/\/www.x-party.hu\/yk\/diakvallforum\/index.php?rest_route=\/wp\/v2\/pages\/264"}],"wp:attachment":[{"href":"http:\/\/www.x-party.hu\/yk\/diakvallforum\/index.php?rest_route=%2Fwp%2Fv2%2Fmedia&parent=591"}],"curies":[{"name":"wp","href":"https:\/\/api.w.org\/{rel}","templated":true}]}}