{"id":487,"date":"2012-12-22T08:08:28","date_gmt":"2012-12-22T08:08:28","guid":{"rendered":"http:\/\/www.x-party.hu\/yk\/diakvallforum\/?page_id=487"},"modified":"2016-07-04T17:46:41","modified_gmt":"2016-07-04T17:46:41","slug":"erdekessegek","status":"publish","type":"page","link":"http:\/\/www.x-party.hu\/yk\/diakvallforum\/?page_id=487","title":{"rendered":"\u00c9rdekess\u00e9gek"},"content":{"rendered":"<p>Egy filoz\u00f3fiaprofesszor azzal kezdte el\u0151ad\u00e1s\u00e1t, hogy fogott egy nagyobbacska bef\u0151ttes\u00fcveget, \u00e9s felt\u00f6lt\u00f6tte kb. 5 cm \u00e1tm\u00e9r\u0151j\u0171 k\u00f6vekkel. R\u00e1k\u00e9rdezett: ugye, tele van az \u00fcveg. Igen, volt a v\u00e1lasz. Ezut\u00e1n el\u0151vett egy apr\u00f3 kaviccsal telt dobozt, \u00e9s elkezdte belesz\u00f3rni a kavicsokat az \u00fcvegbe. Miut\u00e1n a kavicsok kit\u00f6lt\u00f6tt\u00e9k a k\u00f6vek k\u00f6zti \u00fcres helyeket, megint meg\u00e1llap\u00edtott\u00e1k, hogy az \u00fcveg tele van. A professzor ezut\u00e1n el\u0151vett egy dobozt homokkal, \u00e9s azt kezdte bet\u00f6lteni az \u00fcvegbe. Term\u00e9szetesen a homok minden kis r\u00e9st kit\u00f6lt\u00f6tt.<br \/>\n\u201e\u00c9s most &#8211; mondta a prof -, vegy\u00e9k \u00e9szre, hogy ez az \u00f6n\u00f6k \u00e9lete. A k\u00f6vek a fontos dolgok &#8211; a csal\u00e1d, a partner, az eg\u00e9szs\u00e9g, a gyerekek; ha minden m\u00e1st elvesz\u00edten\u00e9nek, az \u00e9let\u00fck akkor is teljes maradna. A kavicsok azok a dolgok, amik m\u00e9g sz\u00e1m\u00edtanak, mint a munka, a h\u00e1z, az aut\u00f3. A homok: az \u00f6sszes t\u00f6bbi. Az apr\u00f3s\u00e1gok. Ha a homokot t\u00f6ltj\u00fck be el\u0151sz\u00f6r, nem marad hely a kavicsoknak \u00e9s a k\u00f6veknek. Ugyanez t\u00f6rt\u00e9nik az \u00e9let\u00fcnkkel. Ha minden id\u0151nket \u00e9s energi\u00e1nkat az apr\u00f3s\u00e1gokra ford\u00edtjuk, nem marad hely azoknak a dolgoknak, amik igaz\u00e1n fontosak sz\u00e1munkra. Ford\u00edtsunk figyelmet azokra a dolgokra, amelyek alapvet\u0151ek a boldogs\u00e1gunk \u00e9rdek\u00e9ben. J\u00e1tsszunk a gyerekeinkkel. Szak\u00edtsunk id\u0151t orvosi ellen\u0151rz\u00e9sre. Vigy\u00fck el a p\u00e1runkat t\u00e1ncolni. Mindig lesz id\u0151nk dolgozni, takar\u00edtani, vend\u00e9geket h\u00edvni, rendet rakni. El\u0151sz\u00f6r a k\u00f6vekre figyelj\u00fcnk: azokra, amik igaz\u00e1n sz\u00e1m\u00edtanak. \u00c1ll\u00edtsuk be a priorit\u00e1sokat. A t\u00f6bbi csak homok.\u201d<\/p>\n<p>Az egyik di\u00e1k megk\u00e9rdezte, hogy most m\u00e1r val\u00f3ban tele van-e az \u00fcveg? A prof azt v\u00e1laszolta: igen, tele. Erre a di\u00e1k el\u0151vett egy dobozos s\u00f6rt, kinyitotta \u00e9s belet\u00f6lt\u00f6tte tartalm\u00e1t az \u00fcvegbe. A s\u00f6rt a homok elnyelte, t\u00e9rfogat-v\u00e1ltoz\u00e1s nem k\u00f6vetkezett be. A di\u00e1k konkl\u00fazi\u00f3ja ez volt: B\u00e1rmennyire is \u00fagy \u00e9rezz\u00fck, hogy tele van az \u00e9let\u00fcnk, ebb\u0151l l\u00e1tszik, hogy az\u00e9rt egy s\u00f6r m\u00e9g belef\u00e9r! \u00a0(2012. 12. 22.)<\/p>\n","protected":false},"excerpt":{"rendered":"<p>Egy filoz\u00f3fiaprofesszor azzal kezdte el\u0151ad\u00e1s\u00e1t, hogy fogott egy nagyobbacska bef\u0151ttes\u00fcveget, \u00e9s felt\u00f6lt\u00f6tte kb. 5 cm \u00e1tm\u00e9r\u0151j\u0171 k\u00f6vekkel. R\u00e1k\u00e9rdezett: ugye, tele van az \u00fcveg. Igen, volt a v\u00e1lasz. Ezut\u00e1n el\u0151vett egy &hellip; <\/p>\n<p><a href=\"http:\/\/www.x-party.hu\/yk\/diakvallforum\/?page_id=487\" class=\"btn btn-readmore\">Read More <span class=\"screen-reader-text\"> &#8222;\u00c9rdekess\u00e9gek&#8221;<\/span><\/a><\/p>\n","protected":false},"author":1,"featured_media":0,"parent":264,"menu_order":5,"comment_status":"closed","ping_status":"open","template":"","meta":[],"_links":{"self":[{"href":"http:\/\/www.x-party.hu\/yk\/diakvallforum\/index.php?rest_route=\/wp\/v2\/pages\/487"}],"collection":[{"href":"http:\/\/www.x-party.hu\/yk\/diakvallforum\/index.php?rest_route=\/wp\/v2\/pages"}],"about":[{"href":"http:\/\/www.x-party.hu\/yk\/diakvallforum\/index.php?rest_route=\/wp\/v2\/types\/page"}],"author":[{"embeddable":true,"href":"http:\/\/www.x-party.hu\/yk\/diakvallforum\/index.php?rest_route=\/wp\/v2\/users\/1"}],"replies":[{"embeddable":true,"href":"http:\/\/www.x-party.hu\/yk\/diakvallforum\/index.php?rest_route=%2Fwp%2Fv2%2Fcomments&post=487"}],"version-history":[{"count":2,"href":"http:\/\/www.x-party.hu\/yk\/diakvallforum\/index.php?rest_route=\/wp\/v2\/pages\/487\/revisions"}],"predecessor-version":[{"id":562,"href":"http:\/\/www.x-party.hu\/yk\/diakvallforum\/index.php?rest_route=\/wp\/v2\/pages\/487\/revisions\/562"}],"up":[{"embeddable":true,"href":"http:\/\/www.x-party.hu\/yk\/diakvallforum\/index.php?rest_route=\/wp\/v2\/pages\/264"}],"wp:attachment":[{"href":"http:\/\/www.x-party.hu\/yk\/diakvallforum\/index.php?rest_route=%2Fwp%2Fv2%2Fmedia&parent=487"}],"curies":[{"name":"wp","href":"https:\/\/api.w.org\/{rel}","templated":true}]}}