{"id":475,"date":"2012-12-10T15:40:06","date_gmt":"2012-12-10T15:40:06","guid":{"rendered":"http:\/\/www.x-party.hu\/yk\/diakvallforum\/?page_id=475"},"modified":"2016-11-30T09:47:31","modified_gmt":"2016-11-30T09:47:31","slug":"afrodite-galeria","status":"publish","type":"page","link":"http:\/\/www.x-party.hu\/yk\/diakvallforum\/?page_id=475","title":{"rendered":"Afrodit\u00e9 Gal\u00e9ria"},"content":{"rendered":"<p style=\"text-align: center;\"><a href=\"http:\/\/www.x-party.hu\/aszv\/aszvn-2012\/miss-2012.html\" target=\"_blank\"><img decoding=\"async\" loading=\"lazy\" class=\"aligncenter wp-image-1552 size-medium\" src=\"http:\/\/www.x-party.hu\/yk\/diakvallforum\/wp-content\/uploads\/2012\/12\/afrodite-galeria-1-200x300.jpg\" alt=\"afrodite-galeria-1\" width=\"200\" height=\"300\" srcset=\"http:\/\/www.x-party.hu\/yk\/diakvallforum\/wp-content\/uploads\/2012\/12\/afrodite-galeria-1-200x300.jpg 200w, http:\/\/www.x-party.hu\/yk\/diakvallforum\/wp-content\/uploads\/2012\/12\/afrodite-galeria-1-768x1152.jpg 768w, http:\/\/www.x-party.hu\/yk\/diakvallforum\/wp-content\/uploads\/2012\/12\/afrodite-galeria-1-683x1024.jpg 683w, http:\/\/www.x-party.hu\/yk\/diakvallforum\/wp-content\/uploads\/2012\/12\/afrodite-galeria-1.jpg 1181w\" sizes=\"(max-width: 200px) 100vw, 200px\" \/><\/a><\/p>\n<p style=\"text-align: center;\">A sz\u00e9ps\u00e9gversenyeknek nagyon j\u00f3 hatsa van mindk\u00e9t nemre. S\u0151t a v\u00e1llalkoz\u00f3i szf\u00e9r\u00e1t, a m\u0171v\u00e9szeket, a di\u00e1kokat, a rendezv\u00e9nyszervez\u0151ket, a sajt\u00f3t is megmozgatja, konstrukt\u00edv, kreat\u00edv egy\u00fcttm\u0171k\u00f6d\u00e9sre \u00f6szt\u00f6nzi. A 2011-es kezdem\u00e9nyez\u00e9s\u00fcnknek, az Afrodit\u00e9 Gal\u00e9ri\u00e1nak f\u0151 c\u00e9lja az, hogy a hazai sz\u00e9ps\u00e9gversenyeknek, a sz\u00e9ps\u00e9gkir\u00e1lyn\u0151knek eml\u00e9keit meg\u0151rizze, \u00e9ltesse, fejlessze a sz\u00e9ps\u00e9gversenyeket, a j\u00f3 partnerkapcsolatokat, a j\u00f3 p\u00e1rkapcsolatokat is.<br \/>\n2017-ben tov\u00e1bbi \u00faj\u00edt\u00e1sokat vezet\u00fcnk be. A r\u00e9szleteket megbesz\u00e9lj\u00fck a klubparinkon, a f\u00f3rumainkon.<br \/>\nAz \u00c9vnyit\u00f3-party 2017. janu\u00e1r 26-i programj\u00e1nak tov\u00e1bbra is fontos r\u00e9sze a sz\u00e9ps\u00e9gversenyek meg\u00faj\u00edt\u00e1sa, a Miss \u00cdrisz v\u00e1laszt\u00e1s nemzetk\u00f6zi expanzi\u00f3ja, a Sz\u00e9ps\u00e9g Vil\u00e1gnapj\u00e1nak (X. 14.) m\u00e9lt\u00f3 meg\u00fcnnepl\u00e9s\u00e9nek el\u0151k\u00e9sz\u00edt\u00e9se, az EU-EXPO F\u00f3rum \u00e9s a Laharo-partik rendszerbe \u00e1ll\u00edt\u00e1sa lesznek. Di\u00e1kok \u00e9s v\u00e1llalkoz\u00f3k egyar\u00e1nt \u00e9rdekeltek mindezekben!<\/p>\n<p style=\"text-align: center;\"><strong>*** 2016 ***<\/strong><\/p>\n<p style=\"text-align: center;\"><img decoding=\"async\" loading=\"lazy\" class=\"aligncenter size-large wp-image-1518\" src=\"http:\/\/www.x-party.hu\/yk\/diakvallforum\/wp-content\/uploads\/2012\/06\/missirisz-2016-bagidzsenifer-1024x683.jpg\" alt=\"missirisz-2016-bagidzsenifer\" width=\"640\" height=\"427\" srcset=\"http:\/\/www.x-party.hu\/yk\/diakvallforum\/wp-content\/uploads\/2012\/06\/missirisz-2016-bagidzsenifer-1024x683.jpg 1024w, http:\/\/www.x-party.hu\/yk\/diakvallforum\/wp-content\/uploads\/2012\/06\/missirisz-2016-bagidzsenifer-300x200.jpg 300w, http:\/\/www.x-party.hu\/yk\/diakvallforum\/wp-content\/uploads\/2012\/06\/missirisz-2016-bagidzsenifer-768x512.jpg 768w, http:\/\/www.x-party.hu\/yk\/diakvallforum\/wp-content\/uploads\/2012\/06\/missirisz-2016-bagidzsenifer.jpg 1134w\" sizes=\"(max-width: 640px) 100vw, 640px\" \/><\/p>\n<p><a href=\"http:\/\/www.x-party.hu\/aszv\/aszvn-2012\/miss-2012.html\" target=\"_blank\"><img decoding=\"async\" loading=\"lazy\" class=\"aligncenter size-full wp-image-477\" src=\"http:\/\/www.x-party.hu\/yk\/diakvallforum\/wp-content\/uploads\/2012\/12\/missek-13-2.gif\" alt=\"missek-13-2\" width=\"320\" height=\"240\" srcset=\"http:\/\/www.x-party.hu\/yk\/diakvallforum\/wp-content\/uploads\/2012\/12\/missek-13-2.gif 320w, http:\/\/www.x-party.hu\/yk\/diakvallforum\/wp-content\/uploads\/2012\/12\/missek-13-2-300x225.gif 300w\" sizes=\"(max-width: 320px) 100vw, 320px\" \/><\/a><\/p>\n<p><a href=\"http:\/\/www.x-party.hu\/yk\/diakvallforum\/wp-content\/uploads\/2015\/10\/miv-2015-peschakolimpia.jpg\"><img decoding=\"async\" loading=\"lazy\" class=\"aligncenter size-large wp-image-1190\" src=\"http:\/\/www.x-party.hu\/yk\/diakvallforum\/wp-content\/uploads\/2015\/10\/miv-2015-peschakolimpia-1024x683.jpg\" alt=\"miv-2015-peschakolimpia\" width=\"630\" height=\"420\" srcset=\"http:\/\/www.x-party.hu\/yk\/diakvallforum\/wp-content\/uploads\/2015\/10\/miv-2015-peschakolimpia-1024x683.jpg 1024w, http:\/\/www.x-party.hu\/yk\/diakvallforum\/wp-content\/uploads\/2015\/10\/miv-2015-peschakolimpia-300x200.jpg 300w, http:\/\/www.x-party.hu\/yk\/diakvallforum\/wp-content\/uploads\/2015\/10\/miv-2015-peschakolimpia.jpg 1134w\" sizes=\"(max-width: 630px) 100vw, 630px\" \/><\/a><\/p>\n<p><strong>A Sz\u00e9ps\u00e9gversenyek t\u00e1rlata, melyet a rangos esem\u00e9nyeken mutatunk be a nagyk\u00f6z\u00f6ns\u00e9gnek.<\/strong><\/p>\n<p>Az Afrodit\u00e9 Gal\u00e9ra elemei a sz\u00e9ps\u00e9gversenyek kell\u00e9kei, plak\u00e1tjai, prospektusai, tabl\u00f3, cikkei, vide\u00f3i. A t\u00e1rlat folyamatosan b\u0151v\u00fcl.<\/p>\n<p style=\"text-align: center;\"><span style=\"text-decoration: underline;\"><strong>Megjelen\u00e9sek<\/strong><\/span><\/p>\n<p><span style=\"text-decoration: underline;\"><strong>2015. December 12.<\/strong><\/span> &#8211; A Sz\u00e9ps\u00e9gkir\u00e1lyn\u0151k H\u00e9tv\u00e9g\u00e9je<br \/>\n<span style=\"text-decoration: underline;\"><strong>November 15.<\/strong><\/span> &#8211; Orsz\u00e1gos Edzetts\u00e9gi Tesztnap<br \/>\n<span style=\"text-decoration: underline;\"><strong>Okt\u00f3ber 14.<\/strong><\/span> &#8211; A Sz\u00e9ps\u00e9g Vil\u00e1gnapja<br \/>\n<span style=\"text-decoration: underline;\"><strong>Szeptember 12.<\/strong><\/span> &#8211; Before-party<br \/>\n<span style=\"text-decoration: underline;\"><strong>Augusztus 13.<\/strong><\/span> &#8211; M\u00e9dia-party<br \/>\n<span style=\"text-decoration: underline;\"><strong>J\u00falius 5.<\/strong><\/span> &#8211; Emese b\u00e1l<br \/>\n<span style=\"text-decoration: underline;\"><strong>J\u00fanius 21.<\/strong><\/span> &#8211; Laharo party<br \/>\n<span style=\"text-decoration: underline;\"><strong>M\u00e1jus 26.<\/strong><\/span> &#8211; Magyar Vil\u00e1gtal\u00e1lkoz\u00f3<br \/>\n<span style=\"text-decoration: underline;\"><strong>M\u00e1rcius 23.<\/strong><\/span> &#8211; \u00cdrisz Erotika b\u00e1l<br \/>\n<strong><span style=\"text-decoration: underline;\">Febru\u00e1r 22<\/span>.<\/strong> &#8211; Miss Alpok-Adria Budapesti d\u00f6nt\u0151<br \/>\n<span style=\"text-decoration: underline;\"><strong>2013. 01. 23-\u00e1n<\/strong><\/span>, a Miss \u00cdrisz v\u00e1laszt\u00e1s Grand Opening Partij\u00e1n, ami egyben M\u00e9dia-party \u00e9s a Laharo party is.<\/p>\n<p style=\"text-align: center;\"><strong>Els\u0151 megjelen\u00e9s: 2012. okt\u00f3ber 14. &#8211; A XI. Sz\u00e9ps\u00e9g Vil\u00e1gnapja G\u00e1l\u00e1ja<\/strong><\/p>\n<p style=\"text-align: center;\"><a href=\"http:\/\/www.x-party.hu\/yk\/diakvallforum\/wp-content\/uploads\/2012\/12\/Afrodit\u00e9-Gal\u00e9ria-2015-a2.jpg\"><img decoding=\"async\" loading=\"lazy\" class=\"aligncenter size-large wp-image-1196\" src=\"http:\/\/www.x-party.hu\/yk\/diakvallforum\/wp-content\/uploads\/2012\/12\/Afrodit\u00e9-Gal\u00e9ria-2015-a2-1024x683.jpg\" alt=\"Afrodit\u00e9 Gal\u00e9ria - 2015-a2\" width=\"630\" height=\"420\" srcset=\"http:\/\/www.x-party.hu\/yk\/diakvallforum\/wp-content\/uploads\/2012\/12\/Afrodit\u00e9-Gal\u00e9ria-2015-a2-1024x683.jpg 1024w, http:\/\/www.x-party.hu\/yk\/diakvallforum\/wp-content\/uploads\/2012\/12\/Afrodit\u00e9-Gal\u00e9ria-2015-a2-300x200.jpg 300w, http:\/\/www.x-party.hu\/yk\/diakvallforum\/wp-content\/uploads\/2012\/12\/Afrodit\u00e9-Gal\u00e9ria-2015-a2.jpg 1134w\" sizes=\"(max-width: 630px) 100vw, 630px\" \/><\/a><\/p>\n<p style=\"text-align: center;\"><a href=\"http:\/\/www.x-party.hu\/yk\/diakvallforum\/wp-content\/uploads\/2012\/12\/Afrodit\u00e9-Gal\u00e9ria-2015-d1.jpg\"><img decoding=\"async\" loading=\"lazy\" class=\"aligncenter size-large wp-image-1197\" src=\"http:\/\/www.x-party.hu\/yk\/diakvallforum\/wp-content\/uploads\/2012\/12\/Afrodit\u00e9-Gal\u00e9ria-2015-d1-1024x683.jpg\" alt=\"Afrodit\u00e9 Gal\u00e9ria - 2015-d1\" width=\"630\" height=\"420\" srcset=\"http:\/\/www.x-party.hu\/yk\/diakvallforum\/wp-content\/uploads\/2012\/12\/Afrodit\u00e9-Gal\u00e9ria-2015-d1-1024x683.jpg 1024w, http:\/\/www.x-party.hu\/yk\/diakvallforum\/wp-content\/uploads\/2012\/12\/Afrodit\u00e9-Gal\u00e9ria-2015-d1-300x200.jpg 300w, http:\/\/www.x-party.hu\/yk\/diakvallforum\/wp-content\/uploads\/2012\/12\/Afrodit\u00e9-Gal\u00e9ria-2015-d1.jpg 1134w\" sizes=\"(max-width: 630px) 100vw, 630px\" \/><\/a><\/p>\n<p style=\"text-align: center;\">*<\/p>\n","protected":false},"excerpt":{"rendered":"<p>A sz\u00e9ps\u00e9gversenyeknek nagyon j\u00f3 hatsa van mindk\u00e9t nemre. S\u0151t a v\u00e1llalkoz\u00f3i szf\u00e9r\u00e1t, a m\u0171v\u00e9szeket, a di\u00e1kokat, a rendezv\u00e9nyszervez\u0151ket, a sajt\u00f3t is megmozgatja, konstrukt\u00edv, kreat\u00edv egy\u00fcttm\u0171k\u00f6d\u00e9sre \u00f6szt\u00f6nzi. A 2011-es kezdem\u00e9nyez\u00e9s\u00fcnknek, az &hellip; <\/p>\n<p><a href=\"http:\/\/www.x-party.hu\/yk\/diakvallforum\/?page_id=475\" class=\"btn btn-readmore\">Read More <span class=\"screen-reader-text\"> &#8222;Afrodit\u00e9 Gal\u00e9ria&#8221;<\/span><\/a><\/p>\n","protected":false},"author":1,"featured_media":0,"parent":1247,"menu_order":0,"comment_status":"closed","ping_status":"open","template":"","meta":[],"_links":{"self":[{"href":"http:\/\/www.x-party.hu\/yk\/diakvallforum\/index.php?rest_route=\/wp\/v2\/pages\/475"}],"collection":[{"href":"http:\/\/www.x-party.hu\/yk\/diakvallforum\/index.php?rest_route=\/wp\/v2\/pages"}],"about":[{"href":"http:\/\/www.x-party.hu\/yk\/diakvallforum\/index.php?rest_route=\/wp\/v2\/types\/page"}],"author":[{"embeddable":true,"href":"http:\/\/www.x-party.hu\/yk\/diakvallforum\/index.php?rest_route=\/wp\/v2\/users\/1"}],"replies":[{"embeddable":true,"href":"http:\/\/www.x-party.hu\/yk\/diakvallforum\/index.php?rest_route=%2Fwp%2Fv2%2Fcomments&post=475"}],"version-history":[{"count":12,"href":"http:\/\/www.x-party.hu\/yk\/diakvallforum\/index.php?rest_route=\/wp\/v2\/pages\/475\/revisions"}],"predecessor-version":[{"id":1554,"href":"http:\/\/www.x-party.hu\/yk\/diakvallforum\/index.php?rest_route=\/wp\/v2\/pages\/475\/revisions\/1554"}],"up":[{"embeddable":true,"href":"http:\/\/www.x-party.hu\/yk\/diakvallforum\/index.php?rest_route=\/wp\/v2\/pages\/1247"}],"wp:attachment":[{"href":"http:\/\/www.x-party.hu\/yk\/diakvallforum\/index.php?rest_route=%2Fwp%2Fv2%2Fmedia&parent=475"}],"curies":[{"name":"wp","href":"https:\/\/api.w.org\/{rel}","templated":true}]}}