{"id":4,"date":"2011-03-12T18:56:59","date_gmt":"2011-03-12T18:56:59","guid":{"rendered":"http:\/\/www.x-party.hu\/yk\/diakvallforum\/?page_id=4"},"modified":"2018-07-18T12:56:14","modified_gmt":"2018-07-18T12:56:14","slug":"program","status":"publish","type":"page","link":"http:\/\/www.x-party.hu\/yk\/diakvallforum\/?page_id=4","title":{"rendered":"Szervez\u00e9s"},"content":{"rendered":"<p style=\"text-align: left;\"><strong><span style=\"text-decoration: underline;\">0. A Di\u00e1kok \u00e9s V\u00e1llalkoz\u00f3k F\u00f3rumainak c\u00e9lja:<\/span><br \/>\na di\u00e1kok \u00e9s a v\u00e1llalkoz\u00f3k k\u00f6z\u00f6tti egy\u00fcttm\u0171k\u00f6d\u00e9si lehet\u0151s\u00e9gek bemutat\u00e1sa, szervez\u00e9se, gyakorlat- \u00e9s eredm\u00e9ny-orient\u00e1lt kapcsolatrendszerek kialak\u00edt\u00e1sa, fejleszt\u00e9se.<\/strong><\/p>\n<p>***<\/p>\n<p style=\"text-align: left;\"><strong>1. A F\u00f3rum tulajdonk\u00e9ppen egy inform\u00e1lis tan\u00e1cskoz\u00e1s, melynek r\u00e9szvev\u0151i di\u00e1kok \u00e9s v\u00e1llalkoz\u00f3k, illetve megh\u00edvottak.<\/strong><\/p>\n<p>***<\/p>\n<p style=\"text-align: left;\"><strong>2. A F\u00f3rum megval\u00f3s\u00edthat\u00f3 \u00f6n\u00e1ll\u00f3 rendezv\u00e9nyk\u00e9nt, illetve m\u00e1s rendezv\u00e9ny (fesztiv\u00e1l, v\u00e1s\u00e1r, konferencia, ki\u00e1ll\u00edt\u00e1s, m\u0171sor, est, parti) r\u00e9szek\u00e9nt is.<\/strong><\/p>\n<p>***<\/p>\n<p style=\"text-align: left;\"><strong>3. Kijel\u00f6lt \u00a0t\u00e9m\u00e1kkal foglalkozik a &#8222;f\u00f3kuszcsoport&#8221;.<\/strong><\/p>\n<p>***<\/p>\n<p style=\"text-align: left;\"><strong>4. A t\u00e9ma meghat\u00e1roz\u00e1sa a Di\u00e1kok \u00e9s V\u00e1llalkoz\u00f3k F\u00f3ruma t\u00e9magazd\u00e1j\u00e1nak a jogk\u00f6re.<\/strong><\/p>\n<p>***<\/p>\n<p style=\"text-align: left;\"><strong>5. Amennyibe m\u00e1s rendezv\u00e9ny r\u00e9szek\u00e9nt szerepel a F\u00f3rum, akkor a h\u00e1zigazda \u00e9rdek\u00e9ben, t\u00e9m\u00e1j\u00e1nak fejleszt\u00e9se, seg\u00edt\u00e9se, t\u00e1mogat\u00e1sa is t\u00e9ma kell legyen a F\u00f3rumon.<\/strong><\/p>\n<p>***<\/p>\n<p style=\"text-align: left;\"><strong>6. A F\u00f3rum r\u00e9szvev\u0151i k\u00f6z\u00e9 megh\u00edv\u00e1sos alapon lehet beker\u00fclni. a Megh\u00edv\u00e1s a t\u00e9magazda, illetve a h\u00e1zigazda feladata.<\/strong><\/p>\n<p>***<\/p>\n<p style=\"text-align: left;\"><strong>7. A tan\u00e1cskoz\u00e1sok optim\u00e1lis l\u00e9tsz\u00e1ma 6-12 f\u0151, a nagyobb F\u00f3rumok l\u00e9tsz\u00e1ma 15-50 f\u0151.\u00a0<\/strong><\/p>\n<p>***<\/p>\n<p style=\"text-align: left;\"><strong>8. A F\u00f3rum moder\u00e1lt, a r\u00e9szvev\u0151k az adott t\u00e9m\u00e1val kapcsolatban fejtik v\u00e9lem\u00e9ny\u00fcket, \u00f6tleteiket.<br \/>\n<\/strong><strong>A r\u00e9szvev\u0151k 5-5 percben &#8222;sz\u00e9kfoglal\u00f3 besz\u00e9det&#8221; tartanak a megadott t\u00e9mak\u00f6r\u00f6kkel \u00e9s a saj\u00e1t kompetenci\u00e1jukkal kapcsolatban. Az el\u0151ad\u00e1sokat egy kerekasztal-tan\u00e1cskoz\u00e1s k\u00f6veti, f\u00f3kusz\u00e1lva a gyakorlati jelent\u0151s\u00e9gekre.<\/strong><\/p>\n<p>***<\/p>\n<p style=\"text-align: left;\"><strong>9. A F\u00f3rumon kreativit\u00e1st n\u00f6vel\u0151 csoportm\u00f3dszereket is alkalmazunk.<\/strong><\/p>\n<p>***<\/p>\n<p style=\"text-align: left;\"><strong>10. A F\u00f3rumr\u00f3l jegyz\u0151k\u00f6nyv k\u00e9sz\u00fcl, melyet a r\u00e9szvev\u0151k e-mailben megkapnak.<\/strong><\/p>\n<p>***<\/p>\n<p style=\"text-align: left;\"><strong>11. A F\u00f3rumnak lehet k\u00f6z\u00f6ns\u00e9ge, ekkor a k\u00f6z\u00f6ns\u00e9g v\u00e9lem\u00e9ny\u00e9t, javaslat\u00e1t is ki lehet (aj\u00e1nlott) k\u00e9rni.<\/strong><\/p>\n<p>***<\/p>\n<p style=\"text-align: left;\"><strong>12. A Di\u00e1kok \u00e9s V\u00e1llalkoz\u00f3k F\u00f3rum\u00e1nak l\u00e9nyeges r\u00e9sz\u00e9t k\u00e9pezi a konkl\u00fazi\u00f3 meghat\u00e1roz\u00e1sa, valamilyen effekt\u00edv eredm\u00e9ny produk\u00e1l\u00e1sa (pl. \u00f6tletlista, alkot\u00e1s-recept, megval\u00f3s\u00edt\u00e1si \u00fctemterv, stb.)<br \/>\nAlkotunk is, festm\u00e9nyt, zen\u00e9t, eszk\u00f6zt, \u00e9lelmiszert.<\/strong><\/p>\n<p style=\"text-align: left;\">\n","protected":false},"excerpt":{"rendered":"<p>0. A Di\u00e1kok \u00e9s V\u00e1llalkoz\u00f3k F\u00f3rumainak c\u00e9lja: a di\u00e1kok \u00e9s a v\u00e1llalkoz\u00f3k k\u00f6z\u00f6tti egy\u00fcttm\u0171k\u00f6d\u00e9si lehet\u0151s\u00e9gek bemutat\u00e1sa, szervez\u00e9se, gyakorlat- \u00e9s eredm\u00e9ny-orient\u00e1lt kapcsolatrendszerek kialak\u00edt\u00e1sa, fejleszt\u00e9se. *** 1. A F\u00f3rum tulajdonk\u00e9ppen egy inform\u00e1lis &hellip; <\/p>\n<p><a href=\"http:\/\/www.x-party.hu\/yk\/diakvallforum\/?page_id=4\" class=\"btn btn-readmore\">Read More <span class=\"screen-reader-text\"> &#8222;Szervez\u00e9s&#8221;<\/span><\/a><\/p>\n","protected":false},"author":1,"featured_media":0,"parent":0,"menu_order":3,"comment_status":"open","ping_status":"open","template":"","meta":[],"_links":{"self":[{"href":"http:\/\/www.x-party.hu\/yk\/diakvallforum\/index.php?rest_route=\/wp\/v2\/pages\/4"}],"collection":[{"href":"http:\/\/www.x-party.hu\/yk\/diakvallforum\/index.php?rest_route=\/wp\/v2\/pages"}],"about":[{"href":"http:\/\/www.x-party.hu\/yk\/diakvallforum\/index.php?rest_route=\/wp\/v2\/types\/page"}],"author":[{"embeddable":true,"href":"http:\/\/www.x-party.hu\/yk\/diakvallforum\/index.php?rest_route=\/wp\/v2\/users\/1"}],"replies":[{"embeddable":true,"href":"http:\/\/www.x-party.hu\/yk\/diakvallforum\/index.php?rest_route=%2Fwp%2Fv2%2Fcomments&post=4"}],"version-history":[{"count":50,"href":"http:\/\/www.x-party.hu\/yk\/diakvallforum\/index.php?rest_route=\/wp\/v2\/pages\/4\/revisions"}],"predecessor-version":[{"id":2039,"href":"http:\/\/www.x-party.hu\/yk\/diakvallforum\/index.php?rest_route=\/wp\/v2\/pages\/4\/revisions\/2039"}],"wp:attachment":[{"href":"http:\/\/www.x-party.hu\/yk\/diakvallforum\/index.php?rest_route=%2Fwp%2Fv2%2Fmedia&parent=4"}],"curies":[{"name":"wp","href":"https:\/\/api.w.org\/{rel}","templated":true}]}}