{"id":341,"date":"2012-08-17T21:17:03","date_gmt":"2012-08-17T21:17:03","guid":{"rendered":"http:\/\/www.x-party.hu\/yk\/diakvallforum\/?page_id=341"},"modified":"2013-01-29T12:01:51","modified_gmt":"2013-01-29T12:01:51","slug":"terv","status":"publish","type":"page","link":"http:\/\/www.x-party.hu\/yk\/diakvallforum\/?page_id=341","title":{"rendered":"F\u00f3rumok 2012-ben"},"content":{"rendered":"<p>A Sz\u00e9ps\u00e9gkir\u00e1lyn\u0151k H\u00e9tv\u00e9g\u00e9j\u00e9n, az Yrisz Klub N\u00edv\u00f3d\u00edj G\u00e1l\u00e1n, 2011. december 3-\u00e1n ker\u00fclt \u00f6sszegz\u00e9sre a Di\u00e1kok \u00e9s V\u00e1llalkoz\u00f3k F\u00f3ruma, terveink, nemzetk\u00f6zi \u00e9s EU-s kapcsolataink megszervez\u00e9se \u00e9s a m\u00e9dia h\u00e1tt\u00e9r kialak\u00edt\u00e1sa.<\/p>\n<p>Az Eur\u00f3pai Fiatalok Sz\u00f6vets\u00e9g\u00e9nek strat\u00e9giai fontoss\u00e1g\u00fa programrendszere 2012-ben b\u0151v\u00fclni fog. Az operat\u00edv szervez\u00e9st, megval\u00f3s\u00edt\u00e1st az EFISZ SZB \u00e9s az Yrisz Klub egy\u00fcttm\u0171k\u00f6dve oldja meg X-party1 sziszt\u00e9m\u00e1ban (t\u00e9ma-orient\u00e1lt, konstrukt\u00edv, egy\u00fcttm\u0171k\u00f6d\u0151 inform\u00e1lis csoportban)<\/p>\n<p><strong>Tervezett F\u00f3rum id\u0151pontok 2012-ben:<\/strong><\/p>\n<p><strong>Febru\u00e1r 29. &#8211; M\u00e9dia party<\/strong><br \/>\n<strong>M\u00e1rcius 4. &#8211; UTAZ\u00c1S 2012<\/strong><br \/>\n<strong>M\u00e1rcius 25. &#8211; TesTudaT Konferencia<\/strong><br \/>\n<strong>\u00c1prilis 21. \u00a0&#8211; Gyulai P\u00e1linkafesztiv\u00e1l<\/strong><br \/>\n<strong>M\u00e1jus 17. &#8211; Laharo party<\/strong><br \/>\nJ\u00fanius 8. &#8211; Rekre\u00e1ci\u00f3s T\u00e1borok nyit\u00e1nya<br \/>\nJ\u00fanius 9. Orsz\u00e1gos Edzetts\u00e9gi Tesztnap<br \/>\n<strong>J\u00falius 5. &#8211; Emese b\u00e1l<\/strong><br \/>\n<strong>J\u00falius 20-22. &#8211; Bort\u00fara<\/strong><br \/>\n<strong>Augusztus 4. &#8211; Olimpia Sz\u00e9pe v\u00e1laszt\u00e1s<\/strong><br \/>\nSzeptember 12. &#8211; Before Party<br \/>\nOkt\u00f3ber 5. &#8211; BNV, Ezo-sziget<br \/>\nOkt\u00f3ber 14. &#8211; A Sz\u00e9ps\u00e9g Vil\u00e1gnapja<br \/>\nNovember 7. &#8211; &#8222;A T\u00e1rsadalom&#8221; Konferencia<br \/>\nDecember 1. &#8211; A Sz\u00e9ps\u00e9gkir\u00e1lyn\u0151k H\u00e9tv\u00e9g\u00e9je &#8211; Yrisz Klub N\u00edv\u00f3d\u00edj G\u00e1la &#8211; Terv 2013.<br \/>\n<strong>December 12. &#8211; I. Kibernol\u00f3giai Konferencia<\/strong><\/p>\n","protected":false},"excerpt":{"rendered":"<p>A Sz\u00e9ps\u00e9gkir\u00e1lyn\u0151k H\u00e9tv\u00e9g\u00e9j\u00e9n, az Yrisz Klub N\u00edv\u00f3d\u00edj G\u00e1l\u00e1n, 2011. december 3-\u00e1n ker\u00fclt \u00f6sszegz\u00e9sre a Di\u00e1kok \u00e9s V\u00e1llalkoz\u00f3k F\u00f3ruma, terveink, nemzetk\u00f6zi \u00e9s EU-s kapcsolataink megszervez\u00e9se \u00e9s a m\u00e9dia h\u00e1tt\u00e9r kialak\u00edt\u00e1sa. Az &hellip; <\/p>\n<p><a href=\"http:\/\/www.x-party.hu\/yk\/diakvallforum\/?page_id=341\" class=\"btn btn-readmore\">Read More <span class=\"screen-reader-text\"> &#8222;F\u00f3rumok 2012-ben&#8221;<\/span><\/a><\/p>\n","protected":false},"author":1,"featured_media":0,"parent":264,"menu_order":6,"comment_status":"closed","ping_status":"open","template":"","meta":[],"_links":{"self":[{"href":"http:\/\/www.x-party.hu\/yk\/diakvallforum\/index.php?rest_route=\/wp\/v2\/pages\/341"}],"collection":[{"href":"http:\/\/www.x-party.hu\/yk\/diakvallforum\/index.php?rest_route=\/wp\/v2\/pages"}],"about":[{"href":"http:\/\/www.x-party.hu\/yk\/diakvallforum\/index.php?rest_route=\/wp\/v2\/types\/page"}],"author":[{"embeddable":true,"href":"http:\/\/www.x-party.hu\/yk\/diakvallforum\/index.php?rest_route=\/wp\/v2\/users\/1"}],"replies":[{"embeddable":true,"href":"http:\/\/www.x-party.hu\/yk\/diakvallforum\/index.php?rest_route=%2Fwp%2Fv2%2Fcomments&post=341"}],"version-history":[{"count":7,"href":"http:\/\/www.x-party.hu\/yk\/diakvallforum\/index.php?rest_route=\/wp\/v2\/pages\/341\/revisions"}],"predecessor-version":[{"id":530,"href":"http:\/\/www.x-party.hu\/yk\/diakvallforum\/index.php?rest_route=\/wp\/v2\/pages\/341\/revisions\/530"}],"up":[{"embeddable":true,"href":"http:\/\/www.x-party.hu\/yk\/diakvallforum\/index.php?rest_route=\/wp\/v2\/pages\/264"}],"wp:attachment":[{"href":"http:\/\/www.x-party.hu\/yk\/diakvallforum\/index.php?rest_route=%2Fwp%2Fv2%2Fmedia&parent=341"}],"curies":[{"name":"wp","href":"https:\/\/api.w.org\/{rel}","templated":true}]}}