{"id":320,"date":"2012-08-11T12:43:10","date_gmt":"2012-08-11T12:43:10","guid":{"rendered":"http:\/\/www.x-party.hu\/yk\/diakvallforum\/?page_id=320"},"modified":"2026-01-07T14:30:08","modified_gmt":"2026-01-07T14:30:08","slug":"talentum-teszt-centrum","status":"publish","type":"page","link":"http:\/\/www.x-party.hu\/yk\/diakvallforum\/?page_id=320","title":{"rendered":"Talentum Teszt Centrum"},"content":{"rendered":"<p style=\"text-align: center;\" align=\"center\"><a href=\"http:\/\/www.x-party.hu\/a1\/ttc-a1.html\"><img decoding=\"async\" loading=\"lazy\" class=\"wp-image-321 alignleft\" title=\"ttc\" src=\"http:\/\/www.x-party.hu\/yk\/diakvallforum\/wp-content\/uploads\/2012\/08\/ttc-300x300.jpg\" alt=\"\" width=\"168\" height=\"168\" srcset=\"http:\/\/www.x-party.hu\/yk\/diakvallforum\/wp-content\/uploads\/2012\/08\/ttc-300x300.jpg 300w, http:\/\/www.x-party.hu\/yk\/diakvallforum\/wp-content\/uploads\/2012\/08\/ttc-150x150.jpg 150w, http:\/\/www.x-party.hu\/yk\/diakvallforum\/wp-content\/uploads\/2012\/08\/ttc-1024x1024.jpg 1024w, http:\/\/www.x-party.hu\/yk\/diakvallforum\/wp-content\/uploads\/2012\/08\/ttc.jpg 1122w\" sizes=\"(max-width: 168px) 100vw, 168px\" \/><\/a><\/p>\n<p align=\"center\"><strong>\u00a0<\/strong><strong>Tudod-e hogy mire vagy k\u00e9pes?<br \/>\n<\/strong><strong>Ha tudod, j\u00f3!<br \/>\n<\/strong><strong>De j\u00f3l tudod?<br \/>\n<\/strong><strong>Tudd j\u00f3l!<\/strong><\/p>\n<p><strong>\u00a0<\/strong><strong>A Talentum Teszt Centrum abban seg\u00edt, hogy jobban tudd, mi mindenre vagy k\u00e9pes, milyen tehets\u00e9g lakozik benned!<\/strong><\/p>\n<p style=\"text-align: center;\"><strong>\u00a0<\/strong><strong>Minden ember \u00e1tlagon fel\u00fcl k\u00e9pes valamire. De mire?<\/strong><\/p>\n<p><strong>A Talentum Teszt Centrum grafol\u00f3giai, parapszichol\u00f3giai, kibernol\u00f3giai <\/strong>\u00e9s m\u00e1s, tudom\u00e1nyos, m\u0171v\u00e9szeti \u00e9s sportos tesztekkel felismerteti a benned szunnyad\u00f3 talentumot, tehets\u00e9get sz\u00e1nd\u00e9kot.<br \/>\nUt\u00e1na j\u00f6n az igazi feladat: kiakn\u00e1zni, hasznos\u00edtani a talentumaidat!<br \/>\n**** T\u00e9magazda: Szilv\u00e1sy P\u00e9ter alap\u00edt\u00f3, grafol\u00f3gus, igazgat\u00f3 *** 0670-2260641 *** efisz@x-party.hu ***<\/p>\n<p style=\"text-align: center;\"><strong>\u00a0<\/strong><strong>Legyen sikeres az \u00e9leted!<br \/>\n\u00c9lj c\u00e9ltudatosan\u00a0\u00e9s kellemesen, hogy a t\u00e1rsadalomnak is hasznos tagja legy\u00e9l!<\/strong><\/p>\n<p style=\"text-align: left;\">A Talentum Teszt Centrumot 2001-ben hoztuk l\u00e9tre a L\u00e9lekkutat\u00f3 Int\u00e9zet, a PszichoKibernetikai Laborat\u00f3rium, a P\u00e9czely Ign\u00e1c \u00cdriszk\u00f6zpont \u00e9s a PszichoMenedzser St\u00fadi\u00f3 fejleszt\u00e9sek\u00e9nt, 120 ezer grafol\u00f3giai elemz\u00e9sre alapoztuk.<\/p>\n<p>A Talentum TesztCentrum nagy expanzi\u00f3j\u00e1nak tekinthet\u0151 az Egym\u00e1s\u00e9rt Egy-m\u00e1s\u00e9rt Alap\u00edtv\u00e1ny (eln\u00f6k: F\u00f6ldesi-Szab\u00f3 L\u00e1szl\u00f3) t\u00e1mogat\u00e1sa, szervez\u00e9se (Nagy Henrietta szervez\u00e9s\u00e9ben) Ny\u00edregyh\u00e1z\u00e1n, 2008-ban.<\/p>\n<p style=\"text-align: center;\"><strong>2020-t\u00f3l m\u00e1r fitnesz-szalonokban, wellness sz\u00e1llod\u00e1kban, m\u0171vel\u0151d\u00e9si k\u00f6zpontokban is v\u00e9gz\u00fcnk grafol\u00f3giai elemz\u00e9st, Talentum-tesztel\u00e9st is.<\/strong><\/p>\n<p style=\"text-align: center;\"><span style=\"text-decoration: underline;\"><strong>2015-t\u0151l a v\u00e1llalkoz\u00f3 \u00e9s p\u00e1rkapcsolati tesztekkel is kieg\u00e9sz\u00fclt a TesztCentrumunk.<\/strong><\/span><br \/>\nSzeretettel v\u00e1rjuk a tesztel\u00e9sre jelentkez\u0151ket, illetve sz\u00edvesen kik\u00e9pez\u00fcnk szakembereket, hogy az eg\u00e9sz orsz\u00e1gban k\u00f6nnyen hozz\u00e1 lehessen f\u00e9rni a tesztel\u00e9sekhez!<\/p>\n<p style=\"text-align: center;\"><img decoding=\"async\" loading=\"lazy\" class=\"aligncenter size-large wp-image-1239\" src=\"http:\/\/www.x-party.hu\/yk\/diakvallforum\/wp-content\/uploads\/2012\/08\/ttc-2015-1024x683.jpg\" alt=\"ttc-2015\" width=\"630\" height=\"420\" srcset=\"http:\/\/www.x-party.hu\/yk\/diakvallforum\/wp-content\/uploads\/2012\/08\/ttc-2015-1024x683.jpg 1024w, http:\/\/www.x-party.hu\/yk\/diakvallforum\/wp-content\/uploads\/2012\/08\/ttc-2015-300x200.jpg 300w, http:\/\/www.x-party.hu\/yk\/diakvallforum\/wp-content\/uploads\/2012\/08\/ttc-2015-768x512.jpg 768w, http:\/\/www.x-party.hu\/yk\/diakvallforum\/wp-content\/uploads\/2012\/08\/ttc-2015.jpg 1134w\" sizes=\"(max-width: 630px) 100vw, 630px\" \/><\/p>\n<p><strong>Bejelentkez\u00e9s telefonon: +36-30-4935804<\/strong><strong> * 06-70-2260641 *** Szilv\u00e1sy P\u00e9ter alap\u00edt\u00f3<\/strong><\/p>\n<p><strong>Als\u00f3 korhat\u00e1r 10 \u00e9v, fels\u0151 korhat\u00e1r nincsen.<\/strong><\/p>\n<p><strong>A tesztel\u00e9s kb. h\u00e1romnegyed \u00f3r\u00e1t vesz ig\u00e9nybe, melynek d\u00edja 2.000 &#8211; 15.000 Ft\/f\u0151.<\/strong><\/p>\n<p style=\"text-align: center;\"><strong><span style=\"text-decoration: underline;\">\u00c9rdemes kipr\u00f3b\u00e1lnod! V\u00e1runk szeretettel!<\/span><\/strong><\/p>\n<p style=\"text-align: left;\"><strong>A programjainkat k\u00fcl\u00f6n\u00f6sen aj\u00e1nljuk a felel\u0151ss\u00e9gtudatos sz\u00fcl\u0151knek, tan\u00e1roknak.<\/strong><br \/>\nA 2002-ben elkezdett fejleszt\u00e9s\u00fcnk azt is igazolta, hogy manaps\u00e1g a 10-20 \u00e9veseknek legal\u00e1bb 60 %-a nincsen tiszt\u00e1ban azzal, mire tehets\u00e9ges, miben tud hasznos \u00e9s sikeres lenni.<br \/>\nAz is t\u00e9ny, hogy az id\u0151ben felismert \u00e9s kiakn\u00e1zott k\u00e9pess\u00e9g a t\u00e1rsadalom sz\u00e1m\u00e1ra is kincset \u00e9r, az egy\u00e9n sz\u00e1m\u00e1ra boldogs\u00e1got hozhat.<\/p>\n<p style=\"text-align: center;\">***<\/p>\n<p style=\"text-align: left;\">Tapasztalataink alapj\u00e1n a legjobban a <strong>grafol\u00f3giai elemz\u00e9sre alapozott talentum tesztel\u00e9s a leghat\u00e9konyabb<\/strong>, leginformat\u00edvabb. Nagyon sz\u00e9les spektrumban alkalmazhat\u00f3 (tudom\u00e1nyos, m\u0171v\u00e9szi, sportos, p\u00e1rkapcsolati, k\u00f6z\u00e9leti stb. viselked\u00e9s, attit\u0171d, k\u00e9pess\u00e9g j\u00f3l meg\u00e1llap\u00edthat\u00f3 a k\u00e9z\u00edr\u00e1s elemz\u00e9se alapj\u00e1n). A Talentum teszt centrumok legink\u00e1bb rendezv\u00e9nyeken, vid\u00e9ki v\u00e1rosokban, iskol\u00e1kban funkcion\u00e1lnak.<\/p>\n<p style=\"text-align: center;\">***<\/p>\n<p style=\"text-align: left;\"><strong>Az igazi Talentum Teszt Centrumban j\u00f3 szak\u00e9rt\u0151k dolgoznak, \u00e9s megfelel\u0151 demonstr\u00e1ci\u00f3s eszk\u00f6z\u00f6k is rendelkez\u00e9sre \u00e1llnak.<\/strong><\/p>\n<p style=\"text-align: center;\">***<\/p>\n<p style=\"text-align: left;\">Az Eur\u00f3pai Fiatalok Sz\u00f6vets\u00e9ge, a Di\u00e1kok \u00e9s V\u00e1llalkoz\u00f3k F\u00f3ruma tev\u00e9kenys\u00e9g\u00e9nek fontos r\u00e9sze a Talentum Teszt Centrumok m\u0171k\u00f6dtet\u00e9se, mely <strong>\u00f6ssznemzeti \u00e9rdek is<\/strong>! Ezt felismerte az <strong>Egym\u00e1s\u00e9rt Egy-m\u00e1s\u00e9rt Alap\u00edtv\u00e1ny<\/strong> is, m\u00e9g 2007-ben, \u00e9s jelent\u0151s t\u00e1mogat\u00e1ssal, szervez\u00e9ssel seg\u00edtette munk\u00e1nkat. Olyan sikeresek voltunk, hogy Ny\u00edregyh\u00e1z\u00e1n v\u00e9gzett vizsg\u00e1latunk alapj\u00e1n a v\u00e1ros felk\u00e9rt minket arra, hogy Ny\u00edregyh\u00e1z\u00e1n is k\u00e9pezz\u00fcnk szakembereket, f\u0151leg tan\u00e1rokb\u00f3l.<\/p>\n<p style=\"text-align: center;\">***<\/p>\n<p style=\"text-align: left;\">Az <strong>Eur\u00f3pai Rekre\u00e1ci\u00f3s K\u00f6zpontok \u00e9s T\u00e1borok<\/strong> el\u0151k\u00e9sz\u00edt\u00e9s\u00e9ben is nagyon fontos szerepet j\u00e1tszik a grafol\u00f3giai elemz\u00e9se a t\u00e1borlak\u00f3k \u00e1llapot\u00e1nak, k\u00e9pess\u00e9geinek tesztel\u00e9s\u00e9ben \u00e9s az anim\u00e1lt foglalkoz\u00e1sok megtervez\u00e9s\u00e9ben.<\/p>\n<p style=\"text-align: left;\">Budapest, 2015. december 4. * 2022. febru\u00e1r 14. * 2025-01-04 *** 2026-01-09<\/p>\n","protected":false},"excerpt":{"rendered":"<p>\u00a0Tudod-e hogy mire vagy k\u00e9pes? Ha tudod, j\u00f3! De j\u00f3l tudod? Tudd j\u00f3l! \u00a0A Talentum Teszt Centrum abban seg\u00edt, hogy jobban tudd, mi mindenre vagy k\u00e9pes, milyen tehets\u00e9g lakozik benned! &hellip; <\/p>\n<p><a href=\"http:\/\/www.x-party.hu\/yk\/diakvallforum\/?page_id=320\" class=\"btn btn-readmore\">Read More <span class=\"screen-reader-text\"> &#8222;Talentum Teszt Centrum&#8221;<\/span><\/a><\/p>\n","protected":false},"author":1,"featured_media":0,"parent":0,"menu_order":1,"comment_status":"closed","ping_status":"open","template":"","meta":[],"_links":{"self":[{"href":"http:\/\/www.x-party.hu\/yk\/diakvallforum\/index.php?rest_route=\/wp\/v2\/pages\/320"}],"collection":[{"href":"http:\/\/www.x-party.hu\/yk\/diakvallforum\/index.php?rest_route=\/wp\/v2\/pages"}],"about":[{"href":"http:\/\/www.x-party.hu\/yk\/diakvallforum\/index.php?rest_route=\/wp\/v2\/types\/page"}],"author":[{"embeddable":true,"href":"http:\/\/www.x-party.hu\/yk\/diakvallforum\/index.php?rest_route=\/wp\/v2\/users\/1"}],"replies":[{"embeddable":true,"href":"http:\/\/www.x-party.hu\/yk\/diakvallforum\/index.php?rest_route=%2Fwp%2Fv2%2Fcomments&post=320"}],"version-history":[{"count":22,"href":"http:\/\/www.x-party.hu\/yk\/diakvallforum\/index.php?rest_route=\/wp\/v2\/pages\/320\/revisions"}],"predecessor-version":[{"id":3366,"href":"http:\/\/www.x-party.hu\/yk\/diakvallforum\/index.php?rest_route=\/wp\/v2\/pages\/320\/revisions\/3366"}],"wp:attachment":[{"href":"http:\/\/www.x-party.hu\/yk\/diakvallforum\/index.php?rest_route=%2Fwp%2Fv2%2Fmedia&parent=320"}],"curies":[{"name":"wp","href":"https:\/\/api.w.org\/{rel}","templated":true}]}}