{"id":298,"date":"2012-06-13T20:11:33","date_gmt":"2012-06-13T20:11:33","guid":{"rendered":"http:\/\/www.x-party.hu\/yk\/diakvallforum\/?page_id=298"},"modified":"2012-06-13T20:11:58","modified_gmt":"2012-06-13T20:11:58","slug":"5-forum-a-laharo-party-elott","status":"publish","type":"page","link":"http:\/\/www.x-party.hu\/yk\/diakvallforum\/?page_id=298","title":{"rendered":"5) F\u00f3rum a Laharo party el\u0151tt"},"content":{"rendered":"<p><strong>Nagyot \u00faj\u00edtunk ism\u00e9t: a Di\u00e1kok \u00e9s V\u00e1llalkoz\u00f3k F\u00f3rum\u00e1t nemzetk\u00f6ziv\u00e9 tessz\u00fck. M\u00e1jus 17-\u00e9n vend\u00e9g\u00fcnk a Magyarorsz\u00e1gon tanul\u00f3 \u00e1zsiai (vietnami, k\u00ednai) di\u00e1ks\u00e1g k\u00e9pvisel\u0151i, valamint orosz v\u00e1llalkoz\u00f3k is.\u00a0<\/strong><\/p>\n<p>\u00daj Party k\u00e1rtya rendszert fejlesztett\u00fcnk ki.<br \/>\nA t\u00e1ncolhat\u00f3 zen\u00e9k, sz\u00f3rakoz\u00f3helyek helyzete Magyarorsz\u00e1gon.<br \/>\nA Laharo party sziszt\u00e9m\u00e1ja, di\u00e1kok \u00e9s v\u00e1llalkoz\u00f3k tal\u00e1lkoz\u00e1sa.<\/p>\n<p><a href=\"http:\/\/www.x-party.hu\/laharo\/laharo.html\"><img decoding=\"async\" loading=\"lazy\" title=\"laharo-12-05-10\" src=\"http:\/\/www.x-party.hu\/yk\/diakvallforum\/wp-content\/uploads\/2012\/05\/laharo-12-05-10-300x212.jpg\" alt=\"\" width=\"300\" height=\"212\" \/><\/a><\/p>\n<p>Kezd\u00e9s: 19 \u00f3ra<br \/>\nHelysz\u00edn: Doh\u00e1ny u. 24. &#8211; Metro Bazaar Club<\/p>\n","protected":false},"excerpt":{"rendered":"<p>Nagyot \u00faj\u00edtunk ism\u00e9t: a Di\u00e1kok \u00e9s V\u00e1llalkoz\u00f3k F\u00f3rum\u00e1t nemzetk\u00f6ziv\u00e9 tessz\u00fck. M\u00e1jus 17-\u00e9n vend\u00e9g\u00fcnk a Magyarorsz\u00e1gon tanul\u00f3 \u00e1zsiai (vietnami, k\u00ednai) di\u00e1ks\u00e1g k\u00e9pvisel\u0151i, valamint orosz v\u00e1llalkoz\u00f3k is.\u00a0 \u00daj Party k\u00e1rtya rendszert fejlesztett\u00fcnk &hellip; <\/p>\n<p><a href=\"http:\/\/www.x-party.hu\/yk\/diakvallforum\/?page_id=298\" class=\"btn btn-readmore\">Read More <span class=\"screen-reader-text\"> &#8222;5) F\u00f3rum a Laharo party el\u0151tt&#8221;<\/span><\/a><\/p>\n","protected":false},"author":1,"featured_media":0,"parent":264,"menu_order":0,"comment_status":"closed","ping_status":"open","template":"","meta":[],"_links":{"self":[{"href":"http:\/\/www.x-party.hu\/yk\/diakvallforum\/index.php?rest_route=\/wp\/v2\/pages\/298"}],"collection":[{"href":"http:\/\/www.x-party.hu\/yk\/diakvallforum\/index.php?rest_route=\/wp\/v2\/pages"}],"about":[{"href":"http:\/\/www.x-party.hu\/yk\/diakvallforum\/index.php?rest_route=\/wp\/v2\/types\/page"}],"author":[{"embeddable":true,"href":"http:\/\/www.x-party.hu\/yk\/diakvallforum\/index.php?rest_route=\/wp\/v2\/users\/1"}],"replies":[{"embeddable":true,"href":"http:\/\/www.x-party.hu\/yk\/diakvallforum\/index.php?rest_route=%2Fwp%2Fv2%2Fcomments&post=298"}],"version-history":[{"count":2,"href":"http:\/\/www.x-party.hu\/yk\/diakvallforum\/index.php?rest_route=\/wp\/v2\/pages\/298\/revisions"}],"predecessor-version":[{"id":300,"href":"http:\/\/www.x-party.hu\/yk\/diakvallforum\/index.php?rest_route=\/wp\/v2\/pages\/298\/revisions\/300"}],"up":[{"embeddable":true,"href":"http:\/\/www.x-party.hu\/yk\/diakvallforum\/index.php?rest_route=\/wp\/v2\/pages\/264"}],"wp:attachment":[{"href":"http:\/\/www.x-party.hu\/yk\/diakvallforum\/index.php?rest_route=%2Fwp%2Fv2%2Fmedia&parent=298"}],"curies":[{"name":"wp","href":"https:\/\/api.w.org\/{rel}","templated":true}]}}