{"id":2812,"date":"2022-01-24T14:19:37","date_gmt":"2022-01-24T14:19:37","guid":{"rendered":"http:\/\/www.x-party.hu\/yk\/diakvallforum\/?page_id=2812"},"modified":"2026-01-07T14:55:03","modified_gmt":"2026-01-07T14:55:03","slug":"diak-divat-show","status":"publish","type":"page","link":"http:\/\/www.x-party.hu\/yk\/diakvallforum\/?page_id=2812","title":{"rendered":"Di\u00e1k-divat-show"},"content":{"rendered":"\n<p>A di\u00e1ks\u00e1g krearivi\u00e1sa a divatszakm\u00e1ban nagyon j\u00f3 \u00e9s hasznos tud lenni. <br>Ez\u00e9rt szervez\u00fcnk olyan programokat, melyeken be lehet mutatni a di\u00e1ks\u00e1g divat-design \u00fajdons\u00e1gait is.<\/p>\n\n\n\n<p>Az \u00f6tlet\u00fcnk m\u00e1r t\u00f6bb \u00e9ves, de a nagy Di\u00e1k-divat-showt 2023. m\u00e1rcius 25-\u00e9n az \u00cdrisz b\u00e1l partinkon szervezt\u00fck meg, kombin\u00e1ltuk a Miss \u00cdrisz sz\u00e9ps\u00e9gverseny\u00fcnkkel. <br>Folytatjuk 206-ban is.<\/p>\n\n\n\n<p>A r\u00e9szleteket megbesz\u00e9lj\u00fck az EU-EXPO Klubjainkon \u00e9s a f\u00f3rumainkon.<br>A Laharo-partijainkon is szervez\u00fcnk di\u00e1k-divat-showt is. K\u00f6vetkezik: 2026-02-06-\u00e1n.<\/p>\n\n\n\n<p>2022-01-24 * 12-15 * 2023-05-07 * 2025-03-28 * 11-25 * 2026-01-09<\/p>\n","protected":false},"excerpt":{"rendered":"<p>A di\u00e1ks\u00e1g krearivi\u00e1sa a divatszakm\u00e1ban nagyon j\u00f3 \u00e9s hasznos tud lenni. Ez\u00e9rt szervez\u00fcnk olyan programokat, melyeken be lehet mutatni a di\u00e1ks\u00e1g divat-design \u00fajdons\u00e1gait is. Az \u00f6tlet\u00fcnk m\u00e1r t\u00f6bb \u00e9ves, de &hellip; <\/p>\n<p><a href=\"http:\/\/www.x-party.hu\/yk\/diakvallforum\/?page_id=2812\" class=\"btn btn-readmore\">Read More <span class=\"screen-reader-text\"> &#8222;Di\u00e1k-divat-show&#8221;<\/span><\/a><\/p>\n","protected":false},"author":1,"featured_media":0,"parent":0,"menu_order":0,"comment_status":"closed","ping_status":"closed","template":"","meta":[],"_links":{"self":[{"href":"http:\/\/www.x-party.hu\/yk\/diakvallforum\/index.php?rest_route=\/wp\/v2\/pages\/2812"}],"collection":[{"href":"http:\/\/www.x-party.hu\/yk\/diakvallforum\/index.php?rest_route=\/wp\/v2\/pages"}],"about":[{"href":"http:\/\/www.x-party.hu\/yk\/diakvallforum\/index.php?rest_route=\/wp\/v2\/types\/page"}],"author":[{"embeddable":true,"href":"http:\/\/www.x-party.hu\/yk\/diakvallforum\/index.php?rest_route=\/wp\/v2\/users\/1"}],"replies":[{"embeddable":true,"href":"http:\/\/www.x-party.hu\/yk\/diakvallforum\/index.php?rest_route=%2Fwp%2Fv2%2Fcomments&post=2812"}],"version-history":[{"count":6,"href":"http:\/\/www.x-party.hu\/yk\/diakvallforum\/index.php?rest_route=\/wp\/v2\/pages\/2812\/revisions"}],"predecessor-version":[{"id":3382,"href":"http:\/\/www.x-party.hu\/yk\/diakvallforum\/index.php?rest_route=\/wp\/v2\/pages\/2812\/revisions\/3382"}],"wp:attachment":[{"href":"http:\/\/www.x-party.hu\/yk\/diakvallforum\/index.php?rest_route=%2Fwp%2Fv2%2Fmedia&parent=2812"}],"curies":[{"name":"wp","href":"https:\/\/api.w.org\/{rel}","templated":true}]}}