{"id":281,"date":"2012-06-13T15:43:14","date_gmt":"2012-06-13T15:43:14","guid":{"rendered":"http:\/\/www.x-party.hu\/yk\/diakvallforum\/?page_id=281"},"modified":"2012-06-13T15:54:57","modified_gmt":"2012-06-13T15:54:57","slug":"a-iv-forum-temaja-az-egeszseg-es-az-erotika","status":"publish","type":"page","link":"http:\/\/www.x-party.hu\/yk\/diakvallforum\/?page_id=281","title":{"rendered":"4) A IV. F\u00f3rum t\u00e9m\u00e1ja: az eg\u00e9szs\u00e9g \u00e9s az erotika"},"content":{"rendered":"<p><strong>Id\u0151pont:<\/strong>\u00a02011. november 19. szombat, 17 \u00f3ra \u00e9s 20. vas\u00e1rnap 15 \u00f3ra<br \/>\n<strong>Helysz\u00edn<\/strong>: Erotika Expo \u00e9s SPA &amp; Wellness Ki\u00e1ll\u00edt\u00e1s<\/p>\n<p>A Di\u00e1kok \u00e9s a V\u00e1llalkoz\u00f3k F\u00f3ruma k\u00e9t nagyon l\u00e9nyeges t\u00e9m\u00e1val foglalkozik. A r\u00e9szletek november 7-\u00e9n, a Nagy Okt\u00f3beri Szocialista Forradalom \u00fcnnep\u00e9n publik\u00e1ltuk.\u00a0A szervez\u00e9s a bev\u00e1lt sziszt\u00e9m\u00e1t k\u00f6vette: a helysz\u00ednen megjelent ki\u00e1ll\u00edt\u00f3k, v\u00e1llalkoz\u00f3k \u00e9s di\u00e1kok vettek r\u00e9szt a F\u00f3rumon.<br \/>\nBemutatkoz\u00e1s ut\u00e1n kerekasztal tan\u00e1cskoz\u00e1s, a v\u00e9g\u00e9n pedig a konkl\u00fazi\u00f3, az aj\u00e1nl\u00e1s megfogalmaz\u00e1sa.<\/p>\n<p>Vitaind\u00edt\u00f3 volt: &#8222;Az Erotika Expo november 14-i sajt\u00f3t\u00e1j\u00e9koztat\u00f3ja ut\u00e1n joggal felvet\u0151dik a k\u00e9rd\u00e9s, hogy mi a szerepe az erotikus fesztiv\u00e1loknak, mi a tendencia, \u00e9s az erotika, a romantika szerepe mi\u00e9rt cs\u00f6kken a m\u00e9di\u00e1ban, Tudjuk, hogy a sorrend: romantika (ismerked\u00e9s, udvarl\u00e1s, szerelem) erotika, szex, orgazmus &#8211; \u00f6r\u00f6m, gyerek. A statisztikai adatok ismerete elgondolkodtat\u00f3&#8230; Az eg\u00e9szs\u00e9ges \u00e9letm\u00f3dban az erotik\u00e1nak milyen szerep jut?<br \/>\nA rendezv\u00e9ny a K \u00e9p\u00fcletben, az Erotika Exp\u00f3n. Bel\u00e9p\u0151jegy: 4000 Ft.<br \/>\nA Di\u00e1kok \u00e9s V\u00e1llalkoz\u00f3k F\u00f3rum\u00e1nak f\u0151t\u00e1mogat\u00f3ja az Yrisz Klub \u00e9s az Eur\u00f3pai Fiatalok Sz\u00f6vets\u00e9ge.<\/p>\n<p><strong>A IV. F\u00f3rum konkl\u00fazi\u00f3i:<\/strong><br \/>\n&#8211; Az erotik\u00e1hoz val\u00f3 hozz\u00e1\u00e1ll\u00e1sn\u00e1l a t\u00e1j\u00e9koz\u00f3d\u00e1s el\u0151zze meg a v\u00e9lem\u00e9nyalkot\u00e1st.<br \/>\n&#8211; Az elm\u00falt n\u00e9h\u00e1ny \u00e9v alatt a t\u00e1rsadalmunkban sajn\u00e1latos m\u00f3don feler\u0151s\u00f6dni l\u00e1tszik a pr\u0171ds\u00e9g. K\u00fcl\u00f6n\u00f6sen a politikai szf\u00e9ra r\u00e9sz\u00e9r\u0151l. Ez\u00e9rt k\u00fcl\u00f6n\u00f6sen hasznosak az ilyen jelleg\u0171 programok.<br \/>\n&#8211; Az eg\u00e9szs\u00e9g l\u00e9nyeges r\u00e9sze a szexualit\u00e1s, \u00e9s annak az erotika.<br \/>\n&#8211; A Di\u00e1kok \u00e9s V\u00e1llalkoz\u00f3k F\u00f3ruma r\u00e9sztvev\u0151i egy\u00f6ntet\u0171en nagyon hasznosnak \u00e9s j\u00f3nak min\u0151s\u00edtett\u00e9k a F\u00f3rumot.<br \/>\nA k\u00f6vetkez\u0151 F\u00f3rum t\u00e9m\u00e1j\u00e1r\u00f3l \u00e9s id\u0151pontj\u00e1r\u00f3l december 3-\u00e1n, szombaton, 18 \u00f3rakor a BSevenben, az Yrisz Klub N\u00edv\u00f3d\u00edj G\u00e1l\u00e1n \u00e9s Sz\u00e9ps\u00e9gkir\u00e1lyn\u0151k H\u00e9tv\u00e9g\u00e9j\u00e9n d\u00f6nt\u00fcnk.<\/p>\n","protected":false},"excerpt":{"rendered":"<p>Id\u0151pont:\u00a02011. november 19. szombat, 17 \u00f3ra \u00e9s 20. vas\u00e1rnap 15 \u00f3ra Helysz\u00edn: Erotika Expo \u00e9s SPA &amp; Wellness Ki\u00e1ll\u00edt\u00e1s A Di\u00e1kok \u00e9s a V\u00e1llalkoz\u00f3k F\u00f3ruma k\u00e9t nagyon l\u00e9nyeges t\u00e9m\u00e1val foglalkozik. &hellip; <\/p>\n<p><a href=\"http:\/\/www.x-party.hu\/yk\/diakvallforum\/?page_id=281\" class=\"btn btn-readmore\">Read More <span class=\"screen-reader-text\"> &#8222;4) A IV. F\u00f3rum t\u00e9m\u00e1ja: az eg\u00e9szs\u00e9g \u00e9s az erotika&#8221;<\/span><\/a><\/p>\n","protected":false},"author":1,"featured_media":0,"parent":264,"menu_order":0,"comment_status":"closed","ping_status":"open","template":"","meta":[],"_links":{"self":[{"href":"http:\/\/www.x-party.hu\/yk\/diakvallforum\/index.php?rest_route=\/wp\/v2\/pages\/281"}],"collection":[{"href":"http:\/\/www.x-party.hu\/yk\/diakvallforum\/index.php?rest_route=\/wp\/v2\/pages"}],"about":[{"href":"http:\/\/www.x-party.hu\/yk\/diakvallforum\/index.php?rest_route=\/wp\/v2\/types\/page"}],"author":[{"embeddable":true,"href":"http:\/\/www.x-party.hu\/yk\/diakvallforum\/index.php?rest_route=\/wp\/v2\/users\/1"}],"replies":[{"embeddable":true,"href":"http:\/\/www.x-party.hu\/yk\/diakvallforum\/index.php?rest_route=%2Fwp%2Fv2%2Fcomments&post=281"}],"version-history":[{"count":3,"href":"http:\/\/www.x-party.hu\/yk\/diakvallforum\/index.php?rest_route=\/wp\/v2\/pages\/281\/revisions"}],"predecessor-version":[{"id":287,"href":"http:\/\/www.x-party.hu\/yk\/diakvallforum\/index.php?rest_route=\/wp\/v2\/pages\/281\/revisions\/287"}],"up":[{"embeddable":true,"href":"http:\/\/www.x-party.hu\/yk\/diakvallforum\/index.php?rest_route=\/wp\/v2\/pages\/264"}],"wp:attachment":[{"href":"http:\/\/www.x-party.hu\/yk\/diakvallforum\/index.php?rest_route=%2Fwp%2Fv2%2Fmedia&parent=281"}],"curies":[{"name":"wp","href":"https:\/\/api.w.org\/{rel}","templated":true}]}}