{"id":279,"date":"2012-06-13T10:20:50","date_gmt":"2012-06-13T10:20:50","guid":{"rendered":"http:\/\/www.x-party.hu\/yk\/diakvallforum\/?page_id=279"},"modified":"2019-05-03T12:52:20","modified_gmt":"2019-05-03T12:52:20","slug":"ajanlat-partnereknek","status":"publish","type":"page","link":"http:\/\/www.x-party.hu\/yk\/diakvallforum\/?page_id=279","title":{"rendered":"Kiemelt rendezv\u00e9nyeink 2015"},"content":{"rendered":"<p>A Di\u00e1kok \u00e9s V\u00e1llalkoz\u00f3k F\u00f3rum\u00e1nak \u00e9s az Yrisz Klub partnerei \u00e9rdekeltek a k\u00e9t szf\u00e9r\u00e1val val\u00f3 j\u00f3 kapcsolat kialak\u00edt\u00e1s\u00e1ban \u00e9s fejleszt\u00e9s\u00e9ben.<\/p>\n<p>A partnereink szem\u00e9lyesen is megjelenhetnek a F\u00f3rumokon, klubrendezv\u00e9nyeinken, \u00e9s tev\u00e9kenys\u00e9g\u00fcket expon\u00e1ljuk, rekl\u00e1mozzuk, a sikeres megval\u00f3s\u00edt\u00e1s\u00e1ban egy\u00fcttm\u0171k\u00f6d\u00fcnk.<\/p>\n<p style=\"text-align: center;\"><span style=\"text-decoration: underline;\"><strong>2015-ben az al\u00e1bbi rendezv\u00e9nyeinken megjelen\u00e9seket biztos\u00edtunk:<\/strong><\/span><\/p>\n<p><span style=\"text-decoration: underline;\"><strong>1. M\u00e9dia-party<\/strong><\/span><br \/>\nhavonta legal\u00e1bb egy alkalommal szervezz\u00fck, t\u00f6bb t\u00e9ma expon\u00e1l\u00e1s\u00e1ra is sor ker\u00fcl. Megh\u00edv\u00e1sos alapon t\u00f6rt\u00e9nik a szervez\u00e9s. A M\u00e9dia-partikon megjelen\u0151 \u00fajs\u00e1g\u00edr\u00f3k, di\u00e1kok \u00e9s v\u00e1llalkoz\u00f3k egym\u00e1ssal jobb nexusba ker\u00fclhetnek.<\/p>\n<p><span style=\"text-decoration: underline;\"><strong>2.\u00a0Miss \u00cdrisz v\u00e1laszt\u00e1s &#8211; el\u0151versenyek \u00e9s d\u00f6nt\u0151<\/strong><\/span><br \/>\nKiemelten fontos feladatnak jel\u00f6lt\u00fck ki a sz\u00e9ps\u00e9gversenyek strukt\u00far\u00e1j\u00e1nak, szervez\u00e9s\u00e9nek, koreogr\u00e1fi\u00e1j\u00e1nak, filoz\u00f3fi\u00e1j\u00e1nak meg\u00faj\u00edt\u00e1s\u00e1t. Az egy\u00e9nre szabott ruh\u00e1k, zen\u00e9k, bemutatkoz\u00e1sok \u00e9s a m\u0171sorsz\u00e1mok egym\u00e1st kieg\u00e9sz\u00edtik, egys\u00e9get alkotnak. Nagyobb \u00e9lm\u00e9ny, nagyobb k\u00f6z\u00f6ss\u00e9gi teljes\u00edtm\u00e9ny, t\u00f6bben be tudnak kapcsol\u00f3dni.<\/p>\n<p><span style=\"text-decoration: underline;\"><strong>3. TesTudaT Konferencia &#8211; Kommunizmus\u00a0Kongresszus &#8211; m\u00e1rcius 25. \u00e9s november 7.<\/strong><\/span><br \/>\nA kvalifik\u00e1lt, t\u00e9m\u00e1val kapcsolatosan szak\u00e9rt\u0151kkel, di\u00e1kokkal, v\u00e1llalkoz\u00f3kkal megtan\u00e1cskozzuk, merre, milyen c\u00e9lok ir\u00e1ny\u00e1ba haladjon a magyars\u00e1g.<\/p>\n<p><span style=\"text-decoration: underline;\"><strong>4. Vil\u00e1gl\u00e1t\u00f3 Konferencia &#8211; \u00e1prilis 19. \u00e9s m\u00e1jus 9.<\/strong><\/span><br \/>\nAz on-line m\u00e9dia \u00fajs\u00e1g\u00edr\u00f3inak \u00e9s partnereinek szervezett konferencia a Gyulai P\u00e1linkafesztiv\u00e1lon. Napk\u00f6zben el\u0151ad\u00e1sok, f\u00f3rumok, szemin\u00e1riumok, este buli. Minden partner\u00fcnket expon\u00e1ljuk, seg\u00edt\u00fcnk a menedzsel\u00e9sben. Az Eur\u00f3pai Sajt\u00f3sz\u00f6vets\u00e9g kezdem\u00e9nyez\u00e9se.<br \/>\nKiemelten fontos szerepet adunk id\u00e9n azon kezdem\u00e9nyez\u00e9seknek, melyekkel er\u0151s\u00edteni tudjuk a n\u00e9pek, nemzetek \u00f6sszefog\u00e1s\u00e1t, egy\u00fcttm\u0171k\u00f6d\u00e9s\u00e9t, az Eur\u00f3pai Uni\u00f3 egys\u00e9g\u00e9t.<\/p>\n<p><strong><span style=\"text-decoration: underline;\">5. Orsz\u00e1gos Edzetts\u00e9gi Tesztnap &#8211; m\u00e1jus 31.<\/span><\/strong><br \/>\nAz edzetts\u00e9g fontos r\u00e9sze az eg\u00e9szs\u00e9g\u00fcnknek. Imm\u00e1r 13.\u00a0alkalommal szervezz\u00fck meg az OET-ot. A partnereink a helysz\u00ednen megjelenhetnek, \u00e1rus\u00edthatnak, rekl\u00e1minterj\u00fat k\u00e9sz\u00edt\u00fcnk vel\u00fck. A szervez\u00e9s sor\u00e1n ugyancsak rekl\u00e1mozzuk. A k\u00f6zponti helysz\u00edn a N\u00e9pstadionkertben lesz, a Magyar Vil\u00e1gtal\u00e1lkoz\u00f3 idej\u00e9n.<\/p>\n<p><strong><span style=\"text-decoration: underline;\">6. A Strand Sz\u00e9pe, Esze, Ereje \u00e9s Humora versenysorozat<br \/>\n<\/span><\/strong>A komplex rendezv\u00e9ny mozgalom szer\u0171en ker\u00fcl megszervez\u00e9sre. Helysz\u00ednek: Velencei-t\u00f3, Tisza-t\u00f3, Budapest.<br \/>\nAz esti pikniken t\u00e1ncmulats\u00e1g.<\/p>\n<p><strong><span style=\"text-decoration: underline;\">7. Laharo party, Quantum-diszk\u00f3 \u00e9s Emese b\u00e1l &#8211; j\u00falius 5.<\/span><\/strong><br \/>\nA nyolcadik alkalommal szervezz\u00fck meg a b\u00e1lt, Emese \u0151sany\u00e1nk tisztelet\u00e9re. Itt csak eredeti magyar term\u00e9k \u00e1ll\u00edthat\u00f3 ki, de minden partner\u00fcnk hivatalos r\u00e1. A Miss \u00cdrisz v\u00e1laszt\u00e1s el\u0151d\u00f6nt\u0151je az Emese f\u0151papn\u0151je c\u00edm\u00e9rt.<\/p>\n<p><span style=\"text-decoration: underline;\"><strong>8. Before party &#8211; szeptember 12.<\/strong><\/span><br \/>\nA Sz\u00e9ps\u00e9g Vil\u00e1gnapj\u00e1nak sajt\u00f3t\u00e1j\u00e9koztat\u00f3ja, el\u0151k\u00e9sz\u00edt\u0151 rendezv\u00e9nye, a Miss \u00cdrisz v\u00e1laszt\u00e1s el\u0151d\u00f6nt\u0151je.<\/p>\n<p><span style=\"text-decoration: underline;\"><strong>9. A Sz\u00e9ps\u00e9g Vil\u00e1gnapja &#8211; okt\u00f3ber 14.<\/strong><\/span><br \/>\nNapk\u00f6zben Expo, ki\u00e1ll\u00edt\u00e1sokkal, tan\u00e1cskoz\u00e1sokkal, bemutat\u00f3kkal, este pedig G\u00e1la, a sz\u00e9ps\u00e9g istenn\u0151inek tisztelet\u00e9re, benne: Miss \u00cdrisz v\u00e1laszt\u00e1s d\u00f6nt\u0151je, Ez\u00fcstf\u00e1tyol hast\u00e1ncst\u00fadi\u00f3k versenye, g\u00e1la m\u0171sor, VIP-szalon.<\/p>\n<p><span style=\"text-decoration: underline;\"><strong>10. Orsz\u00e1gos Edzetts\u00e9gi Tesztnap &#8211; november 16.<\/strong><\/span><br \/>\nFedett helyis\u00e9gben tartjuk, kis sportversennyel is kombin\u00e1ljuk a partnereink, klubtagjaink r\u00e9szv\u00e9tel\u00e9vel. Este buli.<\/p>\n<p><span style=\"text-decoration: underline;\"><strong>11. A Sz\u00e9ps\u00e9gkir\u00e1lyn\u0151k H\u00e9tv\u00e9g\u00e9je &#8211; december 11-13.<\/strong><\/span><br \/>\nHaz\u00e1nkban kb. 30 j\u00f3 sz\u00e9ps\u00e9gverseny van. A magyar l\u00e1nyok a legszebbek. Ezt meg\u00fcnnepelj\u00fck, \u00e9s megv\u00e1lasztjuk a Sz\u00e9ps\u00e9gek kir\u00e1lyn\u0151j\u00e9t is.<\/p>\n<p><span style=\"text-decoration: underline;\"><strong>12. Yrisz Klub n\u00edv\u00f3d\u00edj G\u00e1la &#8211; december 12.<\/strong><\/span><br \/>\n\u00d6sszegezz\u00fck az \u00e9vet, prezent\u00e1ljuk az Afrodit\u00e9 Gal\u00e9ri\u00e1t (a sz\u00e9ps\u00e9gversenyek t\u00e1rlat\u00e1t) \u00e9s az idei N\u00edv\u00f3d\u00edjasok is ismertet\u00e9sre ker\u00fclnek.<\/p>\n<p><span style=\"text-decoration: underline;\"><strong>13. Laharo party \u00e9s Quantum-diszk\u00f3<br \/>\n<\/strong><\/span>A XXI. sz\u00e1zad t\u00e1nca kifejleszt\u00e9se. A m\u00faltb\u00f3l a j\u00f6v\u0151be, a j\u00f6v\u0151b\u0151l a jelenbe. Retro-futur\u00f3-diszk\u00f3.<br \/>\n\u00d6n\u00e1ll\u00f3an, vagy t\u00e1rs\u00edtva rendezz\u00fck. M\u0171sor, j\u00e1t\u00e9kok, Lutrimusz-kaszin\u00f3, rekl\u00e1minterj\u00fak. Retro-futuro diszk\u00f3. J\u00f3t t\u00e1ncolni j\u00f3! A sz\u00f3rakoztat\u00f3 iparban \u00e9rdekelt v\u00e1llalkoz\u00f3k \u00e9s di\u00e1kok hasznos \u00e9s kellemes partija.<\/p>\n<p><span style=\"text-decoration: underline;\"><strong>14. EU-Expo Klub<\/strong><\/span><br \/>\nRendk\u00edv\u00fcl heterog\u00e9n, \u00e1s szervezett tematik\u00e1j\u00fa nagyon nagy rendezv\u00e9ny magval\u00f3s\u00edt\u00e1s\u00e1ba kezdt\u00fcnk 2015. janu\u00e1rj\u00e1ban: EU-EXPO 2016. okt\u00f3ber 10-16. Klubszer\u0171 szervez\u00e9st fejlesztett\u00fcnk ki. A Klubokon a di\u00e1koknak \u00e9s a v\u00e1llalkoz\u00f3knak kiemelten fontos szerepe van.<\/p>\n<p style=\"text-align: center;\"><strong>*********<\/strong><\/p>\n<p>A Di\u00e1kok \u00e9s V\u00e1llalkoz\u00f3k F\u00f3rum\u00e1nak partner\u00e9nek lenni egyfajta garancia is a konstruktivt\u00e1sra, egy\u00fcttm\u0171k\u00f6d\u00e9sre, bar\u00e1ti \u00f6sszetart\u00e1sra.<\/p>\n<p>Az etik\u00e1nk egyik l\u00e9nyeges r\u00e9sze, hogy rekl\u00e1mhat\u00e1s-garanci\u00e1t v\u00e1llalunk. Ez azt is jelenti, hogy csak a megfelel\u0151 m\u00e9rt\u00e9kben fogadjuk el a t\u00e1mogat\u00e1st, szponzor\u00e1l\u00e1st, illetve egy \u00e9v letelt\u00e9vel \u00e9rt\u00e9kelj\u00fck, mennyire j\u00f6ttek be oda-vissza a sz\u00e1m\u00edt\u00e1sok.<\/p>\n<p>A Di\u00e1kok \u00e9s V\u00e1llalkoz\u00f3k F\u00f3rum\u00e1nak a terve, \u00f6tlete 2011. janu\u00e1rj\u00e1ban sz\u00fcletett. Egy csodasz\u00e9p magyar l\u00e1ny ihlette.<\/p>\n<p>Az els\u0151 F\u00f3rumot 2011. j\u00falius 3-\u00e1n Balatonalig\u00e1n, a Magyar Vil\u00e1gtal\u00e1lkoz\u00f3n celebr\u00e1ltuk.<\/p>\n<p>A V\u00e1llalkoz\u00f3k \u00e9s Di\u00e1kok F\u00f3ruma X-party1 sziszt\u00e9m\u00e1ban szervez\u0151dik, t\u00e9magazda: Szilv\u00e1sy P\u00e9ter.<\/p>\n","protected":false},"excerpt":{"rendered":"<p>A Di\u00e1kok \u00e9s V\u00e1llalkoz\u00f3k F\u00f3rum\u00e1nak \u00e9s az Yrisz Klub partnerei \u00e9rdekeltek a k\u00e9t szf\u00e9r\u00e1val val\u00f3 j\u00f3 kapcsolat kialak\u00edt\u00e1s\u00e1ban \u00e9s fejleszt\u00e9s\u00e9ben. A partnereink szem\u00e9lyesen is megjelenhetnek a F\u00f3rumokon, klubrendezv\u00e9nyeinken, \u00e9s tev\u00e9kenys\u00e9g\u00fcket &hellip; <\/p>\n<p><a href=\"http:\/\/www.x-party.hu\/yk\/diakvallforum\/?page_id=279\" class=\"btn btn-readmore\">Read More <span class=\"screen-reader-text\"> &#8222;Kiemelt rendezv\u00e9nyeink 2015&#8221;<\/span><\/a><\/p>\n","protected":false},"author":1,"featured_media":0,"parent":264,"menu_order":0,"comment_status":"closed","ping_status":"open","template":"","meta":[],"_links":{"self":[{"href":"http:\/\/www.x-party.hu\/yk\/diakvallforum\/index.php?rest_route=\/wp\/v2\/pages\/279"}],"collection":[{"href":"http:\/\/www.x-party.hu\/yk\/diakvallforum\/index.php?rest_route=\/wp\/v2\/pages"}],"about":[{"href":"http:\/\/www.x-party.hu\/yk\/diakvallforum\/index.php?rest_route=\/wp\/v2\/types\/page"}],"author":[{"embeddable":true,"href":"http:\/\/www.x-party.hu\/yk\/diakvallforum\/index.php?rest_route=\/wp\/v2\/users\/1"}],"replies":[{"embeddable":true,"href":"http:\/\/www.x-party.hu\/yk\/diakvallforum\/index.php?rest_route=%2Fwp%2Fv2%2Fcomments&post=279"}],"version-history":[{"count":13,"href":"http:\/\/www.x-party.hu\/yk\/diakvallforum\/index.php?rest_route=\/wp\/v2\/pages\/279\/revisions"}],"predecessor-version":[{"id":2207,"href":"http:\/\/www.x-party.hu\/yk\/diakvallforum\/index.php?rest_route=\/wp\/v2\/pages\/279\/revisions\/2207"}],"up":[{"embeddable":true,"href":"http:\/\/www.x-party.hu\/yk\/diakvallforum\/index.php?rest_route=\/wp\/v2\/pages\/264"}],"wp:attachment":[{"href":"http:\/\/www.x-party.hu\/yk\/diakvallforum\/index.php?rest_route=%2Fwp%2Fv2%2Fmedia&parent=279"}],"curies":[{"name":"wp","href":"https:\/\/api.w.org\/{rel}","templated":true}]}}