{"id":268,"date":"2012-06-13T08:29:02","date_gmt":"2012-06-13T08:29:02","guid":{"rendered":"http:\/\/www.x-party.hu\/yk\/diakvallforum\/?page_id=268"},"modified":"2012-06-13T15:54:02","modified_gmt":"2012-06-13T15:54:02","slug":"a-ii-forum","status":"publish","type":"page","link":"http:\/\/www.x-party.hu\/yk\/diakvallforum\/?page_id=268","title":{"rendered":"2) F\u00f3rum a Sz\u00e9ps\u00e9g Vil\u00e1gnapj\u00e1n"},"content":{"rendered":"<p><strong>A Sz\u00e9ps\u00e9g Vil\u00e1gnapj\u00e1n, 2011. okt\u00f3ber 14-\u00e9n, a Lurdy Konferencia K\u00f6zpontban, az Exp\u00f3n ker\u00fcl megrendez\u00e9sre a m\u00e1sodik F\u00f3rum.<\/strong><\/p>\n<p><strong>K\u00e9t f\u0151 t\u00e9m\u00e1nk:<\/strong><\/p>\n<p><strong>A &#8222;Sz\u00e9ps\u00e9gipar&#8221; \u00e9s a &#8222;Rendezv\u00e9nyszervez\u00e9s&#8221;<br \/>\n<\/strong>Szeretettel v\u00e1rjuk a t\u00e9m\u00e1kban \u00e9rdekelt, \u00e9rintett v\u00e1llalkoz\u00f3kat, di\u00e1kokat, di\u00e1k \u00e9s v\u00e1llalkoz\u00f3in szervezeteket!<\/p>\n<p>A F\u00f3rumon tan\u00e1cskozunk a k\u00f6vetkez\u0151 F\u00f3rumokr\u00f3l is, pl. BNV, SPA-WELLNESS.<\/p>\n<p>Kapcsolat, inf\u00f3: Szilv\u00e1sy P\u00e9ter, t\u00e9magazda * +3630-4935804 * y@x-party.hu<\/p>\n<p><strong>A k\u00e9t t\u00e9ma aktu\u00e1lis, k\u00fcl\u00f6n\u00f6sen \u00fajszer\u0171\u00a0megk\u00f6zel\u00edt\u00e9ssel: hogyan tud a k\u00e9t szf\u00e9ra egy\u00fctt gondolkodni \u00e9s dolgozni.<\/strong><\/p>\n<p>Tudjuk, hogy a magyar fiatalok, di\u00e1kok kreativit\u00e1sa vil\u00e1gsz\u00ednvonal\u00fa, a magyar v\u00e1llalkoz\u00f3k lelem\u00e9nyess\u00e9ge ugyancsak, ez\u00e9rt m\u00e9lt\u00e1n el lehet v\u00e1rni, hogy \u00f6sszefogva alkossunk nagyot, hasznosat \u00e9s persze nyeres\u00e9gesen is!<\/p>\n<p><strong>A r\u00e9szletekr\u0151l a Laharo partin is, okt\u00f3ber 7-\u00e9n besz\u00e9l\u00fcnk.<br \/>\n<\/strong>Tan\u00e1cskoz\u00e1s \u00a0aBefore-partin, szeptember 16-\u00e1n, 17 \u00f3rakor a VAM-ban.<\/p>\n","protected":false},"excerpt":{"rendered":"<p>A Sz\u00e9ps\u00e9g Vil\u00e1gnapj\u00e1n, 2011. okt\u00f3ber 14-\u00e9n, a Lurdy Konferencia K\u00f6zpontban, az Exp\u00f3n ker\u00fcl megrendez\u00e9sre a m\u00e1sodik F\u00f3rum. K\u00e9t f\u0151 t\u00e9m\u00e1nk: A &#8222;Sz\u00e9ps\u00e9gipar&#8221; \u00e9s a &#8222;Rendezv\u00e9nyszervez\u00e9s&#8221; Szeretettel v\u00e1rjuk a t\u00e9m\u00e1kban \u00e9rdekelt, &hellip; <\/p>\n<p><a href=\"http:\/\/www.x-party.hu\/yk\/diakvallforum\/?page_id=268\" class=\"btn btn-readmore\">Read More <span class=\"screen-reader-text\"> &#8222;2) F\u00f3rum a Sz\u00e9ps\u00e9g Vil\u00e1gnapj\u00e1n&#8221;<\/span><\/a><\/p>\n","protected":false},"author":1,"featured_media":0,"parent":264,"menu_order":0,"comment_status":"closed","ping_status":"open","template":"","meta":[],"_links":{"self":[{"href":"http:\/\/www.x-party.hu\/yk\/diakvallforum\/index.php?rest_route=\/wp\/v2\/pages\/268"}],"collection":[{"href":"http:\/\/www.x-party.hu\/yk\/diakvallforum\/index.php?rest_route=\/wp\/v2\/pages"}],"about":[{"href":"http:\/\/www.x-party.hu\/yk\/diakvallforum\/index.php?rest_route=\/wp\/v2\/types\/page"}],"author":[{"embeddable":true,"href":"http:\/\/www.x-party.hu\/yk\/diakvallforum\/index.php?rest_route=\/wp\/v2\/users\/1"}],"replies":[{"embeddable":true,"href":"http:\/\/www.x-party.hu\/yk\/diakvallforum\/index.php?rest_route=%2Fwp%2Fv2%2Fcomments&post=268"}],"version-history":[{"count":2,"href":"http:\/\/www.x-party.hu\/yk\/diakvallforum\/index.php?rest_route=\/wp\/v2\/pages\/268\/revisions"}],"predecessor-version":[{"id":285,"href":"http:\/\/www.x-party.hu\/yk\/diakvallforum\/index.php?rest_route=\/wp\/v2\/pages\/268\/revisions\/285"}],"up":[{"embeddable":true,"href":"http:\/\/www.x-party.hu\/yk\/diakvallforum\/index.php?rest_route=\/wp\/v2\/pages\/264"}],"wp:attachment":[{"href":"http:\/\/www.x-party.hu\/yk\/diakvallforum\/index.php?rest_route=%2Fwp%2Fv2%2Fmedia&parent=268"}],"curies":[{"name":"wp","href":"https:\/\/api.w.org\/{rel}","templated":true}]}}