{"id":266,"date":"2012-06-13T08:22:15","date_gmt":"2012-06-13T08:22:15","guid":{"rendered":"http:\/\/www.x-party.hu\/yk\/diakvallforum\/?page_id=266"},"modified":"2012-06-13T15:53:18","modified_gmt":"2012-06-13T15:53:18","slug":"sikeresen-megszerveztuk-az-elso-forumot","status":"publish","type":"page","link":"http:\/\/www.x-party.hu\/yk\/diakvallforum\/?page_id=266","title":{"rendered":"1) Sikeresen megszervezt\u00fck az els\u0151 F\u00f3rumot!"},"content":{"rendered":"<h4><a href=\"http:\/\/www.x-party.hu\/yk\/diakvallforum\/wp-content\/uploads\/2011\/03\/hajoka_foto_20110705_1045571783.jpg\"><img decoding=\"async\" loading=\"lazy\" title=\"Az els\u0151 Di\u00e1kok \u00e9s V\u00e1llalkoz\u00f3k F\u00f3ruma - 2011. j\u00falius 3. - Balatonlelle - Magyar Vil\u00e1gtal\u00e1lkoz\u00f3\" src=\"http:\/\/www.x-party.hu\/yk\/diakvallforum\/wp-content\/uploads\/2011\/03\/hajoka_foto_20110705_1045571783-300x199.jpg\" alt=\"\" width=\"300\" height=\"199\" \/><\/a><\/h4>\n<h4><strong>Sikeresen megszervezt\u00fck!<br \/>\n<\/strong>K\u00f6sz\u00f6nj\u00fck mindenkinek, akik konstrukt\u00edvan seg\u00edtett\u00e9k, t\u00e1mogatt\u00e1k az els\u0151 Di\u00e1kok \u00e9s V\u00e1llalkoz\u00f3k F\u00f3rum\u00e1t, 2011. j\u00falius 3-\u00e1n, Balatonlell\u00e9n, a Magyar Vil\u00e1gtal\u00e1lkoz\u00f3n.<\/h4>\n<h5>K\u00f6sz\u00f6net a k\u00e9t f\u0151t\u00e1mogat\u00f3inknak:<br \/>\n<strong>Dr. Szilv\u00e1sy Gy\u00f6rgynek (a &#8222;titokminiszternek&#8221;) \u00e9s<br \/>\n<\/strong><strong>dr. Szilv\u00e1sy Istv\u00e1nnak, az \u00c1llami Eg\u00e9szs\u00e9g\u00fcgyi K\u00f6zpont alap\u00edt\u00f3 f\u0151igazgat\u00f3j\u00e1nak.<\/strong><\/h5>\n<h5><strong>Ugyancsak k\u00f6sz\u00f6net F\u00fcl\u00f6p Attil\u00e1nak, a Szamos Marcip\u00e1n Rt. menedzser\u00e9nek, Zombory G\u00e1bornak, a Z-r\u00e1di\u00f3 f\u0151szerkeszt\u0151j\u00e9nek \u00e9s Komj\u00e1ti R\u00e9k\u00e1nak, a F\u00f3rum h\u00e1ziasszony\u00e1nak.<\/strong><\/h5>\n<h3><strong>A K\u00d6VETKEZ\u0150 F\u00d3RUM: 2011. OKT\u00d3BER 14-\u00c9N, A SZ\u00c9PS\u00c9G VIL\u00c1GNAPJA EXP\u00d3J\u00c1N LESZ.<\/strong><\/h3>\n<h3><strong>************<\/strong><\/h3>\n<p>Nagy megtiszteltet\u00e9snek tekintj\u00fck, hogy az els\u0151 F\u00f3rum az els\u0151 Magyar Vil\u00e1gtal\u00e1lkoz\u00f3n ker\u00fclhet megrendez\u00e9sre<\/p>\n<p><strong>2011. j\u00falius 3-\u00e1n, vas\u00e1rnap, a Hotel Lell\u00e9ben.<\/strong><\/p>\n<p><strong>A di\u00e1kok \u00e9s a v\u00e1llalkoz\u00f3k k\u00fcl\u00f6nleges \u00f6sszefog\u00e1s\u00e1r\u00f3l sz\u00f3l a F\u00f3rum.<\/strong>\u00a0annak \u00e9rdek\u00e9ben, hogy a j\u00f6v\u0151 gener\u00e1ci\u00f3ival, akikkel \u00f6sszetartunk, m\u00e9g sikeresebb lehessen.<\/p>\n<p>A di\u00e1kokat arra h\u00edvjuk, hogy kreativit\u00e1sukkal, lelem\u00e9nyess\u00e9g\u00fckkel, egy\u00fcttm\u0171k\u00f6d\u0151-k\u00e9szs\u00e9g\u00fckkel legyenek akt\u00edv r\u00e9szesei a Di\u00e1kok \u00e9s V\u00e1llalkoz\u00f3k F\u00f3rum\u00e1nak.<br \/>\nA v\u00e1llalkoz\u00f3knak is nagy szerepe van: bemutatni a mai val\u00f3s\u00e1got, a kih\u00edv\u00e1sokat \u00e9s a lehet\u0151s\u00e9geket.<\/p>\n<p>A Szervez\u0151 Bizotts\u00e1g d\u00f6nt\u00e9se alapj\u00e1n a balatonlellei F\u00f3rum h\u00e1rom t\u00e9mak\u00f6rt \u00e9rint:<br \/>\n<strong>* Nemzetk\u00f6zi \u00e9s EU-s kapcsolataink<\/strong><br \/>\n<strong>* Magyar agyak az informatik\u00e1ban<\/strong><br \/>\n<strong>* Eg\u00e9szs\u00e9g-sport turizmus<\/strong><\/p>\n<p>Egy \u00fcnnepi m\u0171sor fogja keretbe a megh\u00edvottak el\u0151ad\u00e1sait 5-7 percben, \u00e9s az azt k\u00f6vet\u0151 kerekasztal-tan\u00e1cskoz\u00e1st \u00e9s egy\u00e9ni konzult\u00e1ci\u00f3kat tartalmaz\u00f3 F\u00f3rumot.<\/p>\n<p>T\u00e9mak\u00f6vet\u0151 koordin\u00e1torok\u00a0 gondoskodnak majd arr\u00f3l, hogy az elhangzottaknak \u00e9s a kialakult kapcsolatoknak a F\u00f3rumot k\u00f6vet\u0151en is legyen eredm\u00e9nye.<\/p>\n<p>A F\u00f3rum nyitott minden konstrukt\u00edv egy\u00fcttm\u0171k\u00f6d\u00e9sre, kezdem\u00e9nyez\u00e9sre!<\/p>\n<p><strong>A m\u00e1sodik F\u00f3rumra 2011. okt\u00f3ber 14-\u00e9n, a Sz\u00e9ps\u00e9g Vil\u00e1gnapj\u00e1n ker\u00fcl sor.<br \/>\n<\/strong>A VAM Design Center aul\u00e1j\u00e1ban a sz\u00e9ps\u00e9ggel kapcsolatos v\u00e1llalkoz\u00e1sok \u00e9s st\u00fadiumok adnak egym\u00e1snak randev\u00fat. Az Exp\u00f3 kerekasztaln\u00e1l m\u0171v\u00e9szek, menedzserek, leend\u0151 csillagok, sz\u00e9ps\u00e9gek \u00e9s \u00fajs\u00e1g\u00edr\u00f3k besz\u00e9lnek egy\u00fcttm\u0171k\u00f6d\u00e9sr\u0151l, lehet\u0151s\u00e9gekr\u0151l.<\/p>\n","protected":false},"excerpt":{"rendered":"<p>Sikeresen megszervezt\u00fck! K\u00f6sz\u00f6nj\u00fck mindenkinek, akik konstrukt\u00edvan seg\u00edtett\u00e9k, t\u00e1mogatt\u00e1k az els\u0151 Di\u00e1kok \u00e9s V\u00e1llalkoz\u00f3k F\u00f3rum\u00e1t, 2011. j\u00falius 3-\u00e1n, Balatonlell\u00e9n, a Magyar Vil\u00e1gtal\u00e1lkoz\u00f3n. K\u00f6sz\u00f6net a k\u00e9t f\u0151t\u00e1mogat\u00f3inknak: Dr. Szilv\u00e1sy Gy\u00f6rgynek (a &#8222;titokminiszternek&#8221;) &hellip; <\/p>\n<p><a href=\"http:\/\/www.x-party.hu\/yk\/diakvallforum\/?page_id=266\" class=\"btn btn-readmore\">Read More <span class=\"screen-reader-text\"> &#8222;1) Sikeresen megszervezt\u00fck az els\u0151 F\u00f3rumot!&#8221;<\/span><\/a><\/p>\n","protected":false},"author":1,"featured_media":0,"parent":264,"menu_order":0,"comment_status":"closed","ping_status":"open","template":"","meta":[],"_links":{"self":[{"href":"http:\/\/www.x-party.hu\/yk\/diakvallforum\/index.php?rest_route=\/wp\/v2\/pages\/266"}],"collection":[{"href":"http:\/\/www.x-party.hu\/yk\/diakvallforum\/index.php?rest_route=\/wp\/v2\/pages"}],"about":[{"href":"http:\/\/www.x-party.hu\/yk\/diakvallforum\/index.php?rest_route=\/wp\/v2\/types\/page"}],"author":[{"embeddable":true,"href":"http:\/\/www.x-party.hu\/yk\/diakvallforum\/index.php?rest_route=\/wp\/v2\/users\/1"}],"replies":[{"embeddable":true,"href":"http:\/\/www.x-party.hu\/yk\/diakvallforum\/index.php?rest_route=%2Fwp%2Fv2%2Fcomments&post=266"}],"version-history":[{"count":2,"href":"http:\/\/www.x-party.hu\/yk\/diakvallforum\/index.php?rest_route=\/wp\/v2\/pages\/266\/revisions"}],"predecessor-version":[{"id":284,"href":"http:\/\/www.x-party.hu\/yk\/diakvallforum\/index.php?rest_route=\/wp\/v2\/pages\/266\/revisions\/284"}],"up":[{"embeddable":true,"href":"http:\/\/www.x-party.hu\/yk\/diakvallforum\/index.php?rest_route=\/wp\/v2\/pages\/264"}],"wp:attachment":[{"href":"http:\/\/www.x-party.hu\/yk\/diakvallforum\/index.php?rest_route=%2Fwp%2Fv2%2Fmedia&parent=266"}],"curies":[{"name":"wp","href":"https:\/\/api.w.org\/{rel}","templated":true}]}}