{"id":264,"date":"2012-06-13T08:19:27","date_gmt":"2012-06-13T08:19:27","guid":{"rendered":"http:\/\/www.x-party.hu\/yk\/diakvallforum\/?page_id=264"},"modified":"2018-03-22T11:07:30","modified_gmt":"2018-03-22T11:07:30","slug":"arhivum","status":"publish","type":"page","link":"http:\/\/www.x-party.hu\/yk\/diakvallforum\/?page_id=264","title":{"rendered":"Arh\u00edvum"},"content":{"rendered":"<p>A kor\u00e1bban megszervezett Di\u00e1kok \u00e9s V\u00e1llalkoz\u00f3k F\u00f3rum\u00e1nak anyagai.<\/p>\n<p style=\"text-align: center;\"><a href=\"http:\/\/www.x-party.hu\/a-2\/diakok-vallalkozok-foruma.html\" target=\"_blank\" rel=\"noopener\"><img decoding=\"async\" loading=\"lazy\" class=\"aligncenter wp-image-1108 size-medium\" src=\"http:\/\/www.x-party.hu\/yk\/diakvallforum\/wp-content\/uploads\/2015\/04\/cropped-dcf-logo-a23-300x224.jpg\" alt=\"\" width=\"300\" height=\"224\" srcset=\"http:\/\/www.x-party.hu\/yk\/diakvallforum\/wp-content\/uploads\/2015\/04\/cropped-dcf-logo-a23-300x224.jpg 300w, http:\/\/www.x-party.hu\/yk\/diakvallforum\/wp-content\/uploads\/2015\/04\/cropped-dcf-logo-a23-1024x763.jpg 1024w, http:\/\/www.x-party.hu\/yk\/diakvallforum\/wp-content\/uploads\/2015\/04\/cropped-dcf-logo-a23.jpg 1260w\" sizes=\"(max-width: 300px) 100vw, 300px\" \/><\/a><\/p>\n<p>Az els\u0151 Di\u00e1kok \u00e9s V\u00e1llalkoz\u00f3k F\u00f3ruma a Magyar Vil\u00e1gtal\u00e1lkoz\u00f3n, Balatonlell\u00e9n, 2011. 07. 03.<\/p>\n<p><a href=\"http:\/\/www.x-party.hu\/yk\/diakvallforum\/wp-content\/uploads\/2012\/06\/dvf-tablo-a11.jpg\"><img decoding=\"async\" loading=\"lazy\" class=\"aligncenter wp-image-1203 size-large\" src=\"http:\/\/www.x-party.hu\/yk\/diakvallforum\/wp-content\/uploads\/2012\/06\/dvf-tablo-a11-1024x683.jpg\" alt=\"dvf-tablo-a1\" width=\"630\" height=\"420\" srcset=\"http:\/\/www.x-party.hu\/yk\/diakvallforum\/wp-content\/uploads\/2012\/06\/dvf-tablo-a11-1024x683.jpg 1024w, http:\/\/www.x-party.hu\/yk\/diakvallforum\/wp-content\/uploads\/2012\/06\/dvf-tablo-a11-300x200.jpg 300w\" sizes=\"(max-width: 630px) 100vw, 630px\" \/><\/a><\/p>\n<p>**<a href=\"http:\/\/www.x-party.hu\/yk\/diakvallforum\/wp-content\/uploads\/2012\/06\/hajoka_foto_20110705_1661243604.jpg\"><img decoding=\"async\" loading=\"lazy\" class=\"aligncenter size-full wp-image-1200\" src=\"http:\/\/www.x-party.hu\/yk\/diakvallforum\/wp-content\/uploads\/2012\/06\/hajoka_foto_20110705_1661243604.jpg\" alt=\"hajoka_foto_20110705_1661243604\" width=\"900\" height=\"598\" srcset=\"http:\/\/www.x-party.hu\/yk\/diakvallforum\/wp-content\/uploads\/2012\/06\/hajoka_foto_20110705_1661243604.jpg 900w, http:\/\/www.x-party.hu\/yk\/diakvallforum\/wp-content\/uploads\/2012\/06\/hajoka_foto_20110705_1661243604-300x199.jpg 300w\" sizes=\"(max-width: 900px) 100vw, 900px\" \/><\/a><\/p>\n<p>&nbsp;<\/p>\n","protected":false},"excerpt":{"rendered":"<p>A kor\u00e1bban megszervezett Di\u00e1kok \u00e9s V\u00e1llalkoz\u00f3k F\u00f3rum\u00e1nak anyagai. Az els\u0151 Di\u00e1kok \u00e9s V\u00e1llalkoz\u00f3k F\u00f3ruma a Magyar Vil\u00e1gtal\u00e1lkoz\u00f3n, Balatonlell\u00e9n, 2011. 07. 03. ** &nbsp;<\/p>\n","protected":false},"author":1,"featured_media":0,"parent":0,"menu_order":11,"comment_status":"closed","ping_status":"open","template":"","meta":[],"_links":{"self":[{"href":"http:\/\/www.x-party.hu\/yk\/diakvallforum\/index.php?rest_route=\/wp\/v2\/pages\/264"}],"collection":[{"href":"http:\/\/www.x-party.hu\/yk\/diakvallforum\/index.php?rest_route=\/wp\/v2\/pages"}],"about":[{"href":"http:\/\/www.x-party.hu\/yk\/diakvallforum\/index.php?rest_route=\/wp\/v2\/types\/page"}],"author":[{"embeddable":true,"href":"http:\/\/www.x-party.hu\/yk\/diakvallforum\/index.php?rest_route=\/wp\/v2\/users\/1"}],"replies":[{"embeddable":true,"href":"http:\/\/www.x-party.hu\/yk\/diakvallforum\/index.php?rest_route=%2Fwp%2Fv2%2Fcomments&post=264"}],"version-history":[{"count":8,"href":"http:\/\/www.x-party.hu\/yk\/diakvallforum\/index.php?rest_route=\/wp\/v2\/pages\/264\/revisions"}],"predecessor-version":[{"id":1918,"href":"http:\/\/www.x-party.hu\/yk\/diakvallforum\/index.php?rest_route=\/wp\/v2\/pages\/264\/revisions\/1918"}],"wp:attachment":[{"href":"http:\/\/www.x-party.hu\/yk\/diakvallforum\/index.php?rest_route=%2Fwp%2Fv2%2Fmedia&parent=264"}],"curies":[{"name":"wp","href":"https:\/\/api.w.org\/{rel}","templated":true}]}}