{"id":2621,"date":"2021-01-24T21:42:08","date_gmt":"2021-01-24T21:42:08","guid":{"rendered":"http:\/\/www.x-party.hu\/yk\/diakvallforum\/?page_id=2621"},"modified":"2026-01-07T14:51:26","modified_gmt":"2026-01-07T14:51:26","slug":"testudat-konferencia","status":"publish","type":"page","link":"http:\/\/www.x-party.hu\/yk\/diakvallforum\/?page_id=2621","title":{"rendered":"TesTudaT Konferencia"},"content":{"rendered":"\n<p>Az els\u0151 TesTudaT Konferenci\u00e1nkat 2006. m\u00e1rcius 25-\u00e9n szervezt\u00fck meg az ORSZK RSZKK stadionj\u00e1ban, Tudatos Test\u00e9p\u00edt\u00e9s Konferencia c\u00edmen. Tizenn\u00e9gy fantasztikus el\u0151ad\u00f3 k\u00fcl\u00f6nlegesen hasznos, \u00e9rt\u00e9kes el\u0151ad\u00e1sa j\u00f3l megalapozta a k\u00e9s\u0151bb konferenci\u00e1nkat.<br><strong>K\u00fcl\u00f6n\u00f6sen fontosnak tartjuk a tudatos testedz\u00e9s, a tesTudat m\u00f3dszereinek kifejleszt\u00e9s\u00e9t, alkalmaz\u00e1s\u00e1t \u00e9s terjeszt\u00e9s\u00e9t 2026-ban<\/strong>,<strong> a TesTudat Konferenci\u00e1nkon<\/strong> err\u0151l is t\u00e1rgyalunk. Este <strong>\u00cdrisz b\u00e1l-party,<\/strong> a <strong>Miss \u00cdrisz v\u00e1laszt\u00e1s<\/strong> els\u0151 el\u0151verseny\u00e9vel \u00e9s a <strong>Sz\u00e9p Dal Ma vers\u00edr\u00f3verseny zen\u00e9re<\/strong>, a Dia<strong>FilmyxIQum<\/strong> \u00faj epiz\u00f3dj\u00e1t is bemutatjuk. <br>Di\u00e1koknak, v\u00e1llalkoz\u00f3knak, m\u0171v\u00e9szeknek, tud\u00f3soknak nagyon hasznos, j\u00f3 ez a rendezv\u00e9ny\u00fcnk.<\/p>\n\n\n\n<p class=\"has-text-align-center\"><strong><span style=\"text-decoration: underline;\">K\u00f6vetkezik: 2026. m\u00e1rcius 25. * TesTudaT Konferencia \u00e9s \u00cdrisz b\u00e1l-party<\/span><\/strong><\/p>\n\n\n\n<p class=\"has-text-align-center\"><strong>***<\/strong><\/p>\n\n\n\n<p class=\"has-text-align-center\">*** <\/p>\n\n\n\n<p class=\"has-text-align-center\"><strong>Folytatjuk a 2022-es programunkat 2023. m\u00e1rcius 25-\u00e9n.<\/strong><\/p>\n\n\n\n<figure class=\"wp-block-image size-large\"><img decoding=\"async\" loading=\"lazy\" width=\"1024\" height=\"683\" src=\"http:\/\/www.x-party.hu\/yk\/diakvallforum\/wp-content\/uploads\/2022\/02\/tttk-2022-plakat-y1-1024x683.jpg\" alt=\"\" class=\"wp-image-2833\" srcset=\"http:\/\/www.x-party.hu\/yk\/diakvallforum\/wp-content\/uploads\/2022\/02\/tttk-2022-plakat-y1-1024x683.jpg 1024w, http:\/\/www.x-party.hu\/yk\/diakvallforum\/wp-content\/uploads\/2022\/02\/tttk-2022-plakat-y1-300x200.jpg 300w, http:\/\/www.x-party.hu\/yk\/diakvallforum\/wp-content\/uploads\/2022\/02\/tttk-2022-plakat-y1-768x512.jpg 768w, http:\/\/www.x-party.hu\/yk\/diakvallforum\/wp-content\/uploads\/2022\/02\/tttk-2022-plakat-y1.jpg 1134w\" sizes=\"(max-width: 1024px) 100vw, 1024px\" \/><\/figure>\n\n\n\n<p class=\"has-text-align-center\"><strong>*** 2021 ***<\/strong><\/p>\n\n\n\n<figure class=\"wp-block-image size-large\"><img decoding=\"async\" loading=\"lazy\" width=\"1024\" height=\"683\" src=\"http:\/\/www.x-party.hu\/yk\/diakvallforum\/wp-content\/uploads\/2021\/03\/tttk-2021-plakat-y1-1024x683.jpg\" alt=\"\" class=\"wp-image-2666\" srcset=\"http:\/\/www.x-party.hu\/yk\/diakvallforum\/wp-content\/uploads\/2021\/03\/tttk-2021-plakat-y1-1024x683.jpg 1024w, http:\/\/www.x-party.hu\/yk\/diakvallforum\/wp-content\/uploads\/2021\/03\/tttk-2021-plakat-y1-300x200.jpg 300w, http:\/\/www.x-party.hu\/yk\/diakvallforum\/wp-content\/uploads\/2021\/03\/tttk-2021-plakat-y1-768x512.jpg 768w, http:\/\/www.x-party.hu\/yk\/diakvallforum\/wp-content\/uploads\/2021\/03\/tttk-2021-plakat-y1.jpg 1134w\" sizes=\"(max-width: 1024px) 100vw, 1024px\" \/><\/figure>\n","protected":false},"excerpt":{"rendered":"<p>Az els\u0151 TesTudaT Konferenci\u00e1nkat 2006. m\u00e1rcius 25-\u00e9n szervezt\u00fck meg az ORSZK RSZKK stadionj\u00e1ban, Tudatos Test\u00e9p\u00edt\u00e9s Konferencia c\u00edmen. Tizenn\u00e9gy fantasztikus el\u0151ad\u00f3 k\u00fcl\u00f6nlegesen hasznos, \u00e9rt\u00e9kes el\u0151ad\u00e1sa j\u00f3l megalapozta a k\u00e9s\u0151bb konferenci\u00e1nkat.K\u00fcl\u00f6n\u00f6sen fontosnak &hellip; <\/p>\n<p><a href=\"http:\/\/www.x-party.hu\/yk\/diakvallforum\/?page_id=2621\" class=\"btn btn-readmore\">Read More <span class=\"screen-reader-text\"> &#8222;TesTudaT Konferencia&#8221;<\/span><\/a><\/p>\n","protected":false},"author":1,"featured_media":0,"parent":0,"menu_order":0,"comment_status":"closed","ping_status":"closed","template":"","meta":[],"_links":{"self":[{"href":"http:\/\/www.x-party.hu\/yk\/diakvallforum\/index.php?rest_route=\/wp\/v2\/pages\/2621"}],"collection":[{"href":"http:\/\/www.x-party.hu\/yk\/diakvallforum\/index.php?rest_route=\/wp\/v2\/pages"}],"about":[{"href":"http:\/\/www.x-party.hu\/yk\/diakvallforum\/index.php?rest_route=\/wp\/v2\/types\/page"}],"author":[{"embeddable":true,"href":"http:\/\/www.x-party.hu\/yk\/diakvallforum\/index.php?rest_route=\/wp\/v2\/users\/1"}],"replies":[{"embeddable":true,"href":"http:\/\/www.x-party.hu\/yk\/diakvallforum\/index.php?rest_route=%2Fwp%2Fv2%2Fcomments&post=2621"}],"version-history":[{"count":10,"href":"http:\/\/www.x-party.hu\/yk\/diakvallforum\/index.php?rest_route=\/wp\/v2\/pages\/2621\/revisions"}],"predecessor-version":[{"id":3380,"href":"http:\/\/www.x-party.hu\/yk\/diakvallforum\/index.php?rest_route=\/wp\/v2\/pages\/2621\/revisions\/3380"}],"wp:attachment":[{"href":"http:\/\/www.x-party.hu\/yk\/diakvallforum\/index.php?rest_route=%2Fwp%2Fv2%2Fmedia&parent=2621"}],"curies":[{"name":"wp","href":"https:\/\/api.w.org\/{rel}","templated":true}]}}