{"id":258,"date":"2012-06-13T08:13:03","date_gmt":"2012-06-13T08:13:03","guid":{"rendered":"http:\/\/www.x-party.hu\/yk\/diakvallforum\/?page_id=258"},"modified":"2013-11-03T16:21:07","modified_gmt":"2013-11-03T16:21:07","slug":"castingok-2012-ben","status":"publish","type":"page","link":"http:\/\/www.x-party.hu\/yk\/diakvallforum\/?page_id=258","title":{"rendered":"MIV arch\u00edvum"},"content":{"rendered":"<p><span style=\"text-decoration: underline;\"><strong>2013. febru\u00e1r 25. h\u00e9tf\u0151, 16-20 \u00f3ra &#8211; Yrisz Klub a Teapalot\u00e1ban (J\u00f3kai u. 20.)<br \/>\n<\/strong><\/span>Els\u0151sorban azokat a sz\u00e9ps\u00e9geket h\u00edjuk, akik \u00e9rdekeltek a m\u00e9di\u00e1ban, az info-kommunik\u00e1ci\u00f3ban, a m\u0171v\u00e9szetekben \u00e9s a di\u00e1k\u00e9let szervez\u00e9s\u00e9ben, mert ezeken a ter\u00fcleteken sz\u00e1m\u00edtunk r\u00e1juk a k\u00e9s\u0151bbiek sor\u00e1n is. Megjelen\u00e9s szokny\u00e1ban. A besz\u00e9lget\u00e9s, t\u00e1j\u00e9koz\u00f3d\u00e1s ut\u00e1n, m\u00e1snap m\u00e1r visszajelezz\u00fck az eredm\u00e9nyeket, kiket h\u00edvunk az els\u0151 el\u0151d\u00f6nt\u0151re, melyet m\u00e1rcius 23-\u00e1n, az \u00cdrisz b\u00e1lon celebr\u00e1lunk.<\/p>\n<p style=\"text-align: center;\">******<\/p>\n<p><span style=\"text-decoration: underline;\"><strong><\/strong><strong>2013. 01. 23. szerda, 19 \u00f3ra &#8211; Metro-Bazaar Klub (Doh\u00e1ny u. 22-24.)<\/strong><\/span><br \/>\nMegjelen\u00e9s eleg\u00e1ns \u00f6lt\u00f6zetben, szokny\u00e1ban, bl\u00fazban.<br \/>\nA castingon besz\u00e9lget\u00e9s, t\u00e1j\u00e9koz\u00f3d\u00e1s van. El\u0151tte a M\u00e9dia-partin is r\u00e9szt vehetnek a l\u00e1nyok, majd pedig az esti Laharo partin is.<\/p>\n<p style=\"text-align: center;\">******<\/p>\n<p><strong><span style=\"text-decoration: underline;\">2012. Szeptember 12. szerda, 17h<\/span><\/strong><br \/>\nA Miss \u00cdrisz v\u00e1laszt\u00e1s el\u0151d\u00f6nt\u0151je (este 7-kor kezd\u0151dik)<br \/>\nJelentkezni lehet<br \/>\ne-mailben: miv@x-party.hu \u00e9s<br \/>\ntelefonon: +3630-4935804<\/p>\n<p style=\"text-align: center;\"><span style=\"color: #ff0000;\"><a style=\"font-size: 13px; line-height: 19px; text-decoration: none;\" href=\"http:\/\/www.x-party.hu\/miv\/miv-2012\/missiirisz-adatlap-2012.doc\" target=\"_blank\"><span style=\"color: #ff0000;\"><strong>Jelentkez\u00e9si lap<\/strong><\/span><\/a><\/span><\/p>\n<p><span style=\"text-decoration: underline;\"><strong>J\u00falius 18. 17-19 \u00f3ra<\/strong><\/span><br \/>\n<strong>Helysz\u00edn:<\/strong> Teapalota &#8211; J\u00f3kai u. 20.<br \/>\n+M\u00e9diapraty<\/p>\n<p><span style=\"text-decoration: underline;\"><strong>*\u00a0j\u00fanius 21. cs\u00fct\u00f6rt\u00f6k, 17-19 \u00f3ra<\/strong><\/span><br \/>\n<strong>Helysz\u00edn:<\/strong> Teapalota &#8211; VI. J\u00f3kai u. 20.<br \/>\n<strong>Esem\u00e9ny:<\/strong> +M\u00e9diaparty<\/p>\n<p>&nbsp;<\/p>\n<p>&nbsp;<\/p>\n","protected":false},"excerpt":{"rendered":"<p>2013. febru\u00e1r 25. h\u00e9tf\u0151, 16-20 \u00f3ra &#8211; Yrisz Klub a Teapalot\u00e1ban (J\u00f3kai u. 20.) Els\u0151sorban azokat a sz\u00e9ps\u00e9geket h\u00edjuk, akik \u00e9rdekeltek a m\u00e9di\u00e1ban, az info-kommunik\u00e1ci\u00f3ban, a m\u0171v\u00e9szetekben \u00e9s a di\u00e1k\u00e9let &hellip; <\/p>\n<p><a href=\"http:\/\/www.x-party.hu\/yk\/diakvallforum\/?page_id=258\" class=\"btn btn-readmore\">Read More <span class=\"screen-reader-text\"> &#8222;MIV arch\u00edvum&#8221;<\/span><\/a><\/p>\n","protected":false},"author":1,"featured_media":0,"parent":264,"menu_order":0,"comment_status":"closed","ping_status":"open","template":"","meta":[],"_links":{"self":[{"href":"http:\/\/www.x-party.hu\/yk\/diakvallforum\/index.php?rest_route=\/wp\/v2\/pages\/258"}],"collection":[{"href":"http:\/\/www.x-party.hu\/yk\/diakvallforum\/index.php?rest_route=\/wp\/v2\/pages"}],"about":[{"href":"http:\/\/www.x-party.hu\/yk\/diakvallforum\/index.php?rest_route=\/wp\/v2\/types\/page"}],"author":[{"embeddable":true,"href":"http:\/\/www.x-party.hu\/yk\/diakvallforum\/index.php?rest_route=\/wp\/v2\/users\/1"}],"replies":[{"embeddable":true,"href":"http:\/\/www.x-party.hu\/yk\/diakvallforum\/index.php?rest_route=%2Fwp%2Fv2%2Fcomments&post=258"}],"version-history":[{"count":19,"href":"http:\/\/www.x-party.hu\/yk\/diakvallforum\/index.php?rest_route=\/wp\/v2\/pages\/258\/revisions"}],"predecessor-version":[{"id":838,"href":"http:\/\/www.x-party.hu\/yk\/diakvallforum\/index.php?rest_route=\/wp\/v2\/pages\/258\/revisions\/838"}],"up":[{"embeddable":true,"href":"http:\/\/www.x-party.hu\/yk\/diakvallforum\/index.php?rest_route=\/wp\/v2\/pages\/264"}],"wp:attachment":[{"href":"http:\/\/www.x-party.hu\/yk\/diakvallforum\/index.php?rest_route=%2Fwp%2Fv2%2Fmedia&parent=258"}],"curies":[{"name":"wp","href":"https:\/\/api.w.org\/{rel}","templated":true}]}}