{"id":2468,"date":"2020-07-12T08:25:31","date_gmt":"2020-07-12T08:25:31","guid":{"rendered":"http:\/\/www.x-party.hu\/yk\/diakvallforum\/?page_id=2468"},"modified":"2025-03-25T22:12:26","modified_gmt":"2025-03-25T22:12:26","slug":"ideologiank","status":"publish","type":"page","link":"http:\/\/www.x-party.hu\/yk\/diakvallforum\/?page_id=2468","title":{"rendered":"Ideol\u00f3gi\u00e1nk"},"content":{"rendered":"\n<p>Nagyon fontosnak tartjuk, hogy a XXI. sz\u00e1zad ismeretire alapozva alkossuk meg<strong> ideol\u00f3gi\u00e1nkat, vil\u00e1gn\u00e9zet\u00fcnket, vall\u00e1sunkat a<\/strong> <strong><a rel=\"noreferrer noopener\" href=\"http:\/\/www.x-party.hu\/eya\/?page_id=529\" target=\"_blank\">Dialektikus idealizmus<\/a><\/strong> c\u00edmmel.<br>A r\u00e9szleteket folytonosan alak\u00edtjuk, v\u00e1ltoztatjuk, ha sz\u00fcks\u00e9ges.<br><strong>Haladjunk el\u0151re, felfel\u00e9!<\/strong><\/p>\n\n\n\n<p class=\"has-text-align-center\"><strong>\u00d6t \u00e9ves munk\u00e1nk \u00e9s tesztel\u00e9s\u00fcnk alapj\u00e1n az al\u00e1bbi verzi\u00f3t tekinthetj\u00fck j\u00f3nak:<\/strong><\/p>\n\n\n\n<figure class=\"wp-block-image size-large\"><a href=\"https:\/\/www.x-party.hu\/yk\/diakvallforum\/wp-content\/uploads\/2025\/03\/dialektikus-idealizmus-y3.jpg\"><img decoding=\"async\" loading=\"lazy\" width=\"1024\" height=\"724\" src=\"https:\/\/www.x-party.hu\/yk\/diakvallforum\/wp-content\/uploads\/2025\/03\/dialektikus-idealizmus-y3-1024x724.jpg\" alt=\"\" class=\"wp-image-3233\" srcset=\"http:\/\/www.x-party.hu\/yk\/diakvallforum\/wp-content\/uploads\/2025\/03\/dialektikus-idealizmus-y3-1024x724.jpg 1024w, http:\/\/www.x-party.hu\/yk\/diakvallforum\/wp-content\/uploads\/2025\/03\/dialektikus-idealizmus-y3-300x212.jpg 300w, http:\/\/www.x-party.hu\/yk\/diakvallforum\/wp-content\/uploads\/2025\/03\/dialektikus-idealizmus-y3-768x543.jpg 768w, http:\/\/www.x-party.hu\/yk\/diakvallforum\/wp-content\/uploads\/2025\/03\/dialektikus-idealizmus-y3-1536x1086.jpg 1536w, http:\/\/www.x-party.hu\/yk\/diakvallforum\/wp-content\/uploads\/2025\/03\/dialektikus-idealizmus-y3-2048x1448.jpg 2048w\" sizes=\"(max-width: 1024px) 100vw, 1024px\" \/><\/a><\/figure>\n\n\n\n<p><\/p>\n","protected":false},"excerpt":{"rendered":"<p>Nagyon fontosnak tartjuk, hogy a XXI. sz\u00e1zad ismeretire alapozva alkossuk meg ideol\u00f3gi\u00e1nkat, vil\u00e1gn\u00e9zet\u00fcnket, vall\u00e1sunkat a Dialektikus idealizmus c\u00edmmel.A r\u00e9szleteket folytonosan alak\u00edtjuk, v\u00e1ltoztatjuk, ha sz\u00fcks\u00e9ges.Haladjunk el\u0151re, felfel\u00e9! \u00d6t \u00e9ves munk\u00e1nk \u00e9s &hellip; <\/p>\n<p><a href=\"http:\/\/www.x-party.hu\/yk\/diakvallforum\/?page_id=2468\" class=\"btn btn-readmore\">Read More <span class=\"screen-reader-text\"> &#8222;Ideol\u00f3gi\u00e1nk&#8221;<\/span><\/a><\/p>\n","protected":false},"author":1,"featured_media":0,"parent":0,"menu_order":0,"comment_status":"closed","ping_status":"closed","template":"","meta":[],"_links":{"self":[{"href":"http:\/\/www.x-party.hu\/yk\/diakvallforum\/index.php?rest_route=\/wp\/v2\/pages\/2468"}],"collection":[{"href":"http:\/\/www.x-party.hu\/yk\/diakvallforum\/index.php?rest_route=\/wp\/v2\/pages"}],"about":[{"href":"http:\/\/www.x-party.hu\/yk\/diakvallforum\/index.php?rest_route=\/wp\/v2\/types\/page"}],"author":[{"embeddable":true,"href":"http:\/\/www.x-party.hu\/yk\/diakvallforum\/index.php?rest_route=\/wp\/v2\/users\/1"}],"replies":[{"embeddable":true,"href":"http:\/\/www.x-party.hu\/yk\/diakvallforum\/index.php?rest_route=%2Fwp%2Fv2%2Fcomments&post=2468"}],"version-history":[{"count":17,"href":"http:\/\/www.x-party.hu\/yk\/diakvallforum\/index.php?rest_route=\/wp\/v2\/pages\/2468\/revisions"}],"predecessor-version":[{"id":3234,"href":"http:\/\/www.x-party.hu\/yk\/diakvallforum\/index.php?rest_route=\/wp\/v2\/pages\/2468\/revisions\/3234"}],"wp:attachment":[{"href":"http:\/\/www.x-party.hu\/yk\/diakvallforum\/index.php?rest_route=%2Fwp%2Fv2%2Fmedia&parent=2468"}],"curies":[{"name":"wp","href":"https:\/\/api.w.org\/{rel}","templated":true}]}}