{"id":2447,"date":"2020-06-01T19:52:50","date_gmt":"2020-06-01T19:52:50","guid":{"rendered":"http:\/\/www.x-party.hu\/yk\/diakvallforum\/?page_id=2447"},"modified":"2021-02-28T13:21:51","modified_gmt":"2021-02-28T13:21:51","slug":"fontossagok","status":"publish","type":"page","link":"http:\/\/www.x-party.hu\/yk\/diakvallforum\/?page_id=2447","title":{"rendered":"Fontoss\u00e1gok"},"content":{"rendered":"\n<p class=\"has-text-align-left\"><strong>1. Vez\u00e9relv\u00fcnk: Teljes tesTudattal, k\u00f6z\u00f6ss\u00e9gben az \u00f6r\u00f6k fiatals\u00e1g fel\u00e9!<br>2. Ismeret + Alkot\u00e1s + Kapcsolat + K\u00f6z\u00f6ss\u00e9g + \u00c9lm\u00e9ny => Fejl\u0151d\u00e9s<br>3. Megval\u00f3s\u00edthat\u00f3s\u00e1g * Fejleszthet\u0151s\u00e9g * Fenntarthat\u00f3s\u00e1g<br>4. Aki tudja az \u00e9rt\u00e9ket, az tudja a m\u00e9rt\u00e9ket.<br>5. \u00c9vr\u0151l \u00e9vre legy\u00fcnk egyre edzettebbek!<br>6. A Sz\u00e9ps\u00e9g a tiszta L\u00e9lek pomp\u00e1ja, a n\u0151i nem csod\u00e1latos var\u00e1zslata, meg\u00e9rdemli, hogy a Vil\u00e1g meg\u00fcnnepelje!<\/strong> <strong>&#8211; A Sz\u00e9ps\u00e9g Vil\u00e1gnapja X. 14.<\/strong><\/p>\n\n\n\n<p><\/p>\n","protected":false},"excerpt":{"rendered":"<p>1. Vez\u00e9relv\u00fcnk: Teljes tesTudattal, k\u00f6z\u00f6ss\u00e9gben az \u00f6r\u00f6k fiatals\u00e1g fel\u00e9!2. Ismeret + Alkot\u00e1s + Kapcsolat + K\u00f6z\u00f6ss\u00e9g + \u00c9lm\u00e9ny => Fejl\u0151d\u00e9s3. Megval\u00f3s\u00edthat\u00f3s\u00e1g * Fejleszthet\u0151s\u00e9g * Fenntarthat\u00f3s\u00e1g4. Aki tudja az \u00e9rt\u00e9ket, az &hellip; <\/p>\n<p><a href=\"http:\/\/www.x-party.hu\/yk\/diakvallforum\/?page_id=2447\" class=\"btn btn-readmore\">Read More <span class=\"screen-reader-text\"> &#8222;Fontoss\u00e1gok&#8221;<\/span><\/a><\/p>\n","protected":false},"author":1,"featured_media":0,"parent":0,"menu_order":0,"comment_status":"closed","ping_status":"closed","template":"","meta":[],"_links":{"self":[{"href":"http:\/\/www.x-party.hu\/yk\/diakvallforum\/index.php?rest_route=\/wp\/v2\/pages\/2447"}],"collection":[{"href":"http:\/\/www.x-party.hu\/yk\/diakvallforum\/index.php?rest_route=\/wp\/v2\/pages"}],"about":[{"href":"http:\/\/www.x-party.hu\/yk\/diakvallforum\/index.php?rest_route=\/wp\/v2\/types\/page"}],"author":[{"embeddable":true,"href":"http:\/\/www.x-party.hu\/yk\/diakvallforum\/index.php?rest_route=\/wp\/v2\/users\/1"}],"replies":[{"embeddable":true,"href":"http:\/\/www.x-party.hu\/yk\/diakvallforum\/index.php?rest_route=%2Fwp%2Fv2%2Fcomments&post=2447"}],"version-history":[{"count":4,"href":"http:\/\/www.x-party.hu\/yk\/diakvallforum\/index.php?rest_route=\/wp\/v2\/pages\/2447\/revisions"}],"predecessor-version":[{"id":2650,"href":"http:\/\/www.x-party.hu\/yk\/diakvallforum\/index.php?rest_route=\/wp\/v2\/pages\/2447\/revisions\/2650"}],"wp:attachment":[{"href":"http:\/\/www.x-party.hu\/yk\/diakvallforum\/index.php?rest_route=%2Fwp%2Fv2%2Fmedia&parent=2447"}],"curies":[{"name":"wp","href":"https:\/\/api.w.org\/{rel}","templated":true}]}}