{"id":2276,"date":"2019-07-20T14:46:13","date_gmt":"2019-07-20T14:46:13","guid":{"rendered":"http:\/\/www.x-party.hu\/yk\/diakvallforum\/?page_id=2276"},"modified":"2026-01-07T14:50:03","modified_gmt":"2026-01-07T14:50:03","slug":"kulonlegessegek","status":"publish","type":"page","link":"http:\/\/www.x-party.hu\/yk\/diakvallforum\/?page_id=2276","title":{"rendered":"K\u00fcl\u00f6nlegess\u00e9gek"},"content":{"rendered":"<p><strong>Olyan k\u00fcl\u00f6nlegess\u00e9geket szeretn\u00e9nk kifejleszteni \u00e9s menedzselni, melyek nagyon hasznosak, sz\u00e9pek, j\u00f3k. <\/strong>A v\u00e1llalkoz\u00f3k \u00e9s a kreat\u00edv di\u00e1koknak nagy a szerep\u00fck a megval\u00f3s\u00edt\u00e1sban, az \u00e9rt\u00e9kes\u00edt\u00e9sben, a hasznos\u00edt\u00e1sban.<\/p>\n<h3 style=\"text-align: center;\"><span style=\"text-decoration: underline;\"><strong>*** T\u00e9m\u00e1ink: ***<\/strong><\/span><\/h3>\n<ol>\n<li><span style=\"text-decoration: underline;\"><strong>Hogyan, mire hasznos\u00edthat\u00f3k a ki\u00fcr\u00fclt \u00e1sv\u00e1nyvizes, \u00fcd\u00edt\u0151s m\u0171anyag palackok &#8211; j\u00falius 20.<\/strong><\/span><br \/>\nAz \u00e1sv\u00e1nyvizes, az \u00fcd\u00edt\u0151s, a szeszes italok m\u0171anyag palackjait, miut\u00e1n ki\u00fcr\u00fclnek, \u00e1ltal\u00e1ban kidobjuk. Pedig lehetne hasznos\u00edtani is valami okos, j\u00e1t\u00e9kos, hasznos, m\u0171v\u00e9szi dolgokra is! <strong>P\u00e9ld\u00e1ul egy kisebbe be lehetne \u00fcltetni egy vir\u00e1ghagym\u00e1t, amit odaaj\u00e1nd\u00e9kozhatunk m\u00e1soknak.<\/strong> Vagy felt\u00f6lthetj\u00fck sz\u00ednes folyad\u00e9kkal \u00e9s ledl\u00e1mp\u00e1val \u00e1tvil\u00e1g\u00edtva \u00e9rdekes hangulatf\u00e9nyt kelt\u00fcnk. \u00c9s m\u00e9g mire lehetne haszn\u00e1lni az \u00fcres m\u0171anyag palackokat? Nemzetk\u00f6zi \u00faj\u00edt\u00f3 mozgalmunknak ez egy fontos alt\u00e9m\u00e1ja.<br \/>\n***<\/li>\n<li><span style=\"text-decoration: underline;\"><strong>Eg\u00e9szs\u00e9g\u00fcnk fejleszt\u00e9se<\/strong><\/span><br \/>\nHat\u00e9kony, j\u00f3 m\u00f3dszerek kifejleszt\u00e9se, alkalmaz\u00e1s. A betegs\u00e9g: szici\u00e1l-pszicho-szomatikus probl\u00e9ma, ek\u00e9ppen \u00e9rdemes kezelni.<br \/>\n*+*<\/li>\n<li><span style=\"text-decoration: underline;\"><strong>A divat vil\u00e1g\u00e1nak meg\u00faj\u00edt\u00e1sa a di\u00e1kvil\u00e1gban \u00e9s az \u00fczleti \u00e9letben.<\/strong><\/span><br \/>\nMindezekr\u0151l b\u0151vebben az EU-EXPO Klubokon, a Di\u00e1kok \u00e9s V\u00e1llalkoz\u00f3k F\u00f3rumain, az Aktivista Klubjainkon t\u00e1rgyalunk, tervez\u00fcnk, szervez\u00fcnk.<br \/>\n<span style=\"text-decoration: underline;\"><strong>+ Grafo-Divat-Design<\/strong><\/span> &#8211; ruhatervez\u00e9s a k\u00e9z\u00edr\u00e1s grafol\u00f3giai elemz\u00e9se alapj\u00e1n.<br \/>\nCsatlakoz\u00e1s, \u00f6tlet, v\u00e9lem\u00e9ny j\u00f6het! E-mailc\u00edmeink:<br \/>\ninfo@euexpo.eu, efisz@x-party.hu * efiszeya@gmail.com.<br \/>\n<strong>***<\/strong><\/li>\n<li><span style=\"text-decoration: underline;\"><strong>Milyen legyen kontinens\u00fck n\u00e9vad\u00f3j\u00e1nak, Europ\u00e9nak a szobra?<\/strong> <\/span>M\u00e9retben, anyag\u00e1ban, ki\u00e1ll\u00edt\u00e1s\u00e1nak helye?<br \/>\n<strong>***<\/strong><\/li>\n<li><span style=\"text-decoration: underline;\"><strong>Alkossuk meg az Olimpia indul\u00f3j\u00e1t!<\/strong><\/span><br \/>\nAdotta az alapvers: &#8222;\u00d3da sporthoz&#8221; &#8211; Pierre de Couberti verse<br \/>\nAz el\u00e9nekl\u00e9s egy\u00fctt is j\u00f3 kell legyen! D\u00f6nt a Nemzetk\u00f6zi Olimpiai Sz\u00f6vets\u00e9g. Magyarorsz\u00e1gi el\u0151d\u00f6nt\u0151 az EU-EXPO M\u0171v\u00e9szet napj\u00e1n, 2019. X. 13-\u00e1n.<br \/>\n***<\/li>\n<li><b><u>Zen\u00e9l\u0151 ping-pong \u00fct\u0151 &#8211; j\u00falius 26.<br \/>\n<\/u><\/b>Mikroprocesszorokkal, \u00e9rz\u00e9kel\u0151kkel, hangsz\u00f3r\u00f3val integr\u00e1lva. Sportol\u00e1s kombin\u00e1lva a sz\u00f3rakoz\u00e1ssal \u00e9s a m\u0171v\u00e9szettel.<\/li>\n<li><b><u>Hogyan tudjuk jobban kihaszn\u00e1lni az egyel\u0151re kihaszn\u00e1latlan stadionokat?<br \/>\n<\/u><\/b>T\u00f6megsportol\u00e1s, m\u0171v\u00e9szet, sz\u00f3rakoz\u00e1s<\/li>\n<li><span style=\"text-decoration: underline;\"><strong>A Quantum-diszk\u00f3 kifejleszt\u00e9se<\/strong><\/span><br \/>\nRetr\u00f3-futur\u00f3 diszk\u00f3, a XXI. sz\u00e1zad t\u00e1ncvil\u00e1ga.<br \/>\n+*+<br \/>\n<strong><span style=\"text-decoration: underline;\">Vicc\u00e9nekl\u00e9s,<\/span> versenyben<\/strong> is <strong>\u00e9rdekes<\/strong><\/li>\n<li><span style=\"text-decoration: underline;\"><strong>Fantasztikus \u00faj\u00edt\u00e1sunk:<\/strong><\/span> tudom\u00e1nyos t\u00e9teleket, vitaminokat, gy\u00f3gyte\u00e1kat megdiszk\u00f3s\u00edtunk! Premier: 2022-10-15 az EU-EXPO Sz\u00f3rakoz\u00e1s napj\u00e1n. El\u0151k\u00e9sz\u00edt\u00e9s a Before-partinkon, szeptember 12-\u00e9n.<\/li>\n<\/ol>\n<p>Budapest, 2019. VII. 20. * 07-22 *07-26 * 08-08 * 12-21 *** 2020-06-01 * 2022-01-11 * 08-14 * 2025-01-04 * 11-25 *** 2026-01-09<\/p>\n","protected":false},"excerpt":{"rendered":"<p>Olyan k\u00fcl\u00f6nlegess\u00e9geket szeretn\u00e9nk kifejleszteni \u00e9s menedzselni, melyek nagyon hasznosak, sz\u00e9pek, j\u00f3k. A v\u00e1llalkoz\u00f3k \u00e9s a kreat\u00edv di\u00e1koknak nagy a szerep\u00fck a megval\u00f3s\u00edt\u00e1sban, az \u00e9rt\u00e9kes\u00edt\u00e9sben, a hasznos\u00edt\u00e1sban. *** T\u00e9m\u00e1ink: *** Hogyan, &hellip; <\/p>\n<p><a href=\"http:\/\/www.x-party.hu\/yk\/diakvallforum\/?page_id=2276\" class=\"btn btn-readmore\">Read More <span class=\"screen-reader-text\"> &#8222;K\u00fcl\u00f6nlegess\u00e9gek&#8221;<\/span><\/a><\/p>\n","protected":false},"author":1,"featured_media":0,"parent":0,"menu_order":0,"comment_status":"closed","ping_status":"closed","template":"","meta":[],"_links":{"self":[{"href":"http:\/\/www.x-party.hu\/yk\/diakvallforum\/index.php?rest_route=\/wp\/v2\/pages\/2276"}],"collection":[{"href":"http:\/\/www.x-party.hu\/yk\/diakvallforum\/index.php?rest_route=\/wp\/v2\/pages"}],"about":[{"href":"http:\/\/www.x-party.hu\/yk\/diakvallforum\/index.php?rest_route=\/wp\/v2\/types\/page"}],"author":[{"embeddable":true,"href":"http:\/\/www.x-party.hu\/yk\/diakvallforum\/index.php?rest_route=\/wp\/v2\/users\/1"}],"replies":[{"embeddable":true,"href":"http:\/\/www.x-party.hu\/yk\/diakvallforum\/index.php?rest_route=%2Fwp%2Fv2%2Fcomments&post=2276"}],"version-history":[{"count":15,"href":"http:\/\/www.x-party.hu\/yk\/diakvallforum\/index.php?rest_route=\/wp\/v2\/pages\/2276\/revisions"}],"predecessor-version":[{"id":3379,"href":"http:\/\/www.x-party.hu\/yk\/diakvallforum\/index.php?rest_route=\/wp\/v2\/pages\/2276\/revisions\/3379"}],"wp:attachment":[{"href":"http:\/\/www.x-party.hu\/yk\/diakvallforum\/index.php?rest_route=%2Fwp%2Fv2%2Fmedia&parent=2276"}],"curies":[{"name":"wp","href":"https:\/\/api.w.org\/{rel}","templated":true}]}}