{"id":2018,"date":"2018-07-15T11:45:34","date_gmt":"2018-07-15T11:45:34","guid":{"rendered":"http:\/\/www.x-party.hu\/yk\/diakvallforum\/?page_id=2018"},"modified":"2018-07-15T12:19:26","modified_gmt":"2018-07-15T12:19:26","slug":"dns-marketing","status":"publish","type":"page","link":"http:\/\/www.x-party.hu\/yk\/diakvallforum\/?page_id=2018","title":{"rendered":"DNS marketing"},"content":{"rendered":"<p>A PszichoMenedzser St\u00fadi\u00f3 fejleszt\u00e9se 2017. november 7-t\u0151l.<\/p>\n<p><b>Egy t\u00e9ma kapcsolatis\u00e1ga, megval\u00f3s\u00edt\u00e1sa a c\u00e9l.<\/b><\/p>\n<ul>\n<li><u><b>Primer \u00e9rdekelts\u00e9g:\u00a0<\/b><\/u><br \/>\nA t\u00e9ma \u00e9s a partner tev\u00e9kenys\u00e9ge kapcsol\u00f3dik.<\/li>\n<li><u><b>Secunder \u00e9rdekelts\u00e9g:<\/b><\/u><br \/>\nA\u00a0 t\u00e9ma partnerei k\u00f6z\u00f6tt lehet \u00e9rdekelts\u00e9g.<\/li>\n<li><u><b>Tercier \u00e9rdekelts\u00e9g:<\/b><\/u><br \/>\nA t\u00e9ma partner\u00e9nek lehet partnere, aki \u00e9rdekelt a t\u00e9m\u00e1ban.<\/li>\n<li><u><b>Quaterner \u00e9rdekelts\u00e9g<\/b><\/u><br \/>\nA t\u00e9ma partner\u00e9nek lehetnek javaslatai a t\u00e9m\u00e1val kapcsolatban.<\/li>\n<\/ul>\n<p>A DNS marketing expanzi\u00f3j\u00e1t az EU-EXPO szervez\u00e9s\u00e9ben effektualiz\u00e1ljuk 2018-t\u0151l.<\/p>\n<p style=\"text-align: center;\"><b>Di\u00e1kok \u00e9s V\u00e1llalkoz\u00f3k F\u00f3ruma * X-party K\u00f6zpont * Eur\u00f3pai Fiatalok Sz\u00f6vets\u00e9ge * EU-EXPO<\/b><\/p>\n<p style=\"text-align: center;\"><a href=\"http:\/\/www.x-party.hu\/\">www.x-party.<\/a><a href=\"http:\/\/www.x-party.hu\/\">hu<\/a> * 0670-2260641 * <a href=\"mailto:efisz@x-party.hu\">efisz@x-party.<\/a><a href=\"mailto:efisz@x-party.hu\">hu<\/a> * <a href=\"http:\/\/www.euexpo.eu\/\">www.euexpo.<\/a><a href=\"http:\/\/www.euexpo.eu\/\">eu<\/a><br \/>\nSzilv\u00e1sy P\u00e9ter t\u00e9magazda<\/p>\n<p>Budapest, 2018. 07. 15.<\/p>\n","protected":false},"excerpt":{"rendered":"<p>A PszichoMenedzser St\u00fadi\u00f3 fejleszt\u00e9se 2017. november 7-t\u0151l. Egy t\u00e9ma kapcsolatis\u00e1ga, megval\u00f3s\u00edt\u00e1sa a c\u00e9l. Primer \u00e9rdekelts\u00e9g:\u00a0 A t\u00e9ma \u00e9s a partner tev\u00e9kenys\u00e9ge kapcsol\u00f3dik. Secunder \u00e9rdekelts\u00e9g: A\u00a0 t\u00e9ma partnerei k\u00f6z\u00f6tt lehet \u00e9rdekelts\u00e9g. &hellip; <\/p>\n<p><a href=\"http:\/\/www.x-party.hu\/yk\/diakvallforum\/?page_id=2018\" class=\"btn btn-readmore\">Read More <span class=\"screen-reader-text\"> &#8222;DNS marketing&#8221;<\/span><\/a><\/p>\n","protected":false},"author":1,"featured_media":0,"parent":0,"menu_order":5,"comment_status":"closed","ping_status":"closed","template":"","meta":[],"_links":{"self":[{"href":"http:\/\/www.x-party.hu\/yk\/diakvallforum\/index.php?rest_route=\/wp\/v2\/pages\/2018"}],"collection":[{"href":"http:\/\/www.x-party.hu\/yk\/diakvallforum\/index.php?rest_route=\/wp\/v2\/pages"}],"about":[{"href":"http:\/\/www.x-party.hu\/yk\/diakvallforum\/index.php?rest_route=\/wp\/v2\/types\/page"}],"author":[{"embeddable":true,"href":"http:\/\/www.x-party.hu\/yk\/diakvallforum\/index.php?rest_route=\/wp\/v2\/users\/1"}],"replies":[{"embeddable":true,"href":"http:\/\/www.x-party.hu\/yk\/diakvallforum\/index.php?rest_route=%2Fwp%2Fv2%2Fcomments&post=2018"}],"version-history":[{"count":4,"href":"http:\/\/www.x-party.hu\/yk\/diakvallforum\/index.php?rest_route=\/wp\/v2\/pages\/2018\/revisions"}],"predecessor-version":[{"id":2024,"href":"http:\/\/www.x-party.hu\/yk\/diakvallforum\/index.php?rest_route=\/wp\/v2\/pages\/2018\/revisions\/2024"}],"wp:attachment":[{"href":"http:\/\/www.x-party.hu\/yk\/diakvallforum\/index.php?rest_route=%2Fwp%2Fv2%2Fmedia&parent=2018"}],"curies":[{"name":"wp","href":"https:\/\/api.w.org\/{rel}","templated":true}]}}