{"id":2,"date":"2011-03-12T18:36:09","date_gmt":"2011-03-12T18:36:09","guid":{"rendered":"http:\/\/www.x-party.hu\/yk\/diakvallforum\/?page_id=2"},"modified":"2018-07-15T11:51:06","modified_gmt":"2018-07-15T11:51:06","slug":"nevjegy","status":"publish","type":"page","link":"http:\/\/www.x-party.hu\/yk\/diakvallforum\/?page_id=2","title":{"rendered":"Kapcsolat"},"content":{"rendered":"<p style=\"text-align: center;\"><span style=\"text-decoration: underline;\"><strong>A Di\u00e1kok \u00e9s V\u00e1llalkoz\u00f3k F\u00f3rum\u00e1nak \u00f6tlet \u00e9s t\u00e9magazd\u00e1ja:<\/strong><\/span><br \/>\nSzilv\u00e1sy P\u00e9ter, az Eur\u00f3pai Fiatalok Sz\u00f6vets\u00e9g\u00e9nek alap\u00edt\u00f3ja, a<br \/>\nV\u00e1llalkoz\u00f3k Klubja Egyes\u00fclet alap\u00edt\u00f3 f\u0151titk\u00e1ra, az Yrisz Klub \u00e9s az EU-EXPO vezet\u0151je..<br \/>\n<strong>El\u00e9rhet\u0151s\u00e9gek:<br \/>\n<\/strong><strong><a href=\"http:\/\/www.x-party.hu\" target=\"_blank\" rel=\"noopener\">www.x-party.hu<\/a>\u00a0*\u00a0<\/strong><strong>+3630-4935804 * 0670-2260641 *\u00a0<\/strong><strong><a href=\"mailto:info@x-party.hu\">info@x-party.hu<\/a><\/strong><\/p>\n<p style=\"text-align: center;\">***<\/p>\n<p style=\"text-align: center;\"><span style=\"text-decoration: underline;\"><strong>Aktivist\u00e1k, szervez\u0151k, koordin\u00e1torok:<br \/>\n<\/strong><\/span>Dobos Judit, Zombory G\u00e1bor<br \/>\nLubai Kati\u00a0&#8211; koordin\u00e1ci\u00f3s hosztesz<br \/>\nGili D\u00f3ra- design \u00e9s di\u00e1kdivat<br \/>\nKiss Hel\u00e9na, Tusor Rita\u00a0 &#8211; h\u00e1ziasszony<br \/>\n<strong><a href=\"mailto:team@x-party.hu\">team@x-party.hu<\/a><\/strong><\/p>\n","protected":false},"excerpt":{"rendered":"<p>A Di\u00e1kok \u00e9s V\u00e1llalkoz\u00f3k F\u00f3rum\u00e1nak \u00f6tlet \u00e9s t\u00e9magazd\u00e1ja: Szilv\u00e1sy P\u00e9ter, az Eur\u00f3pai Fiatalok Sz\u00f6vets\u00e9g\u00e9nek alap\u00edt\u00f3ja, a V\u00e1llalkoz\u00f3k Klubja Egyes\u00fclet alap\u00edt\u00f3 f\u0151titk\u00e1ra, az Yrisz Klub \u00e9s az EU-EXPO vezet\u0151je.. El\u00e9rhet\u0151s\u00e9gek: www.x-party.hu\u00a0*\u00a0+3630-4935804 &hellip; <\/p>\n<p><a href=\"http:\/\/www.x-party.hu\/yk\/diakvallforum\/?page_id=2\" class=\"btn btn-readmore\">Read More <span class=\"screen-reader-text\"> &#8222;Kapcsolat&#8221;<\/span><\/a><\/p>\n","protected":false},"author":1,"featured_media":0,"parent":0,"menu_order":12,"comment_status":"open","ping_status":"open","template":"","meta":[],"_links":{"self":[{"href":"http:\/\/www.x-party.hu\/yk\/diakvallforum\/index.php?rest_route=\/wp\/v2\/pages\/2"}],"collection":[{"href":"http:\/\/www.x-party.hu\/yk\/diakvallforum\/index.php?rest_route=\/wp\/v2\/pages"}],"about":[{"href":"http:\/\/www.x-party.hu\/yk\/diakvallforum\/index.php?rest_route=\/wp\/v2\/types\/page"}],"author":[{"embeddable":true,"href":"http:\/\/www.x-party.hu\/yk\/diakvallforum\/index.php?rest_route=\/wp\/v2\/users\/1"}],"replies":[{"embeddable":true,"href":"http:\/\/www.x-party.hu\/yk\/diakvallforum\/index.php?rest_route=%2Fwp%2Fv2%2Fcomments&post=2"}],"version-history":[{"count":23,"href":"http:\/\/www.x-party.hu\/yk\/diakvallforum\/index.php?rest_route=\/wp\/v2\/pages\/2\/revisions"}],"predecessor-version":[{"id":2022,"href":"http:\/\/www.x-party.hu\/yk\/diakvallforum\/index.php?rest_route=\/wp\/v2\/pages\/2\/revisions\/2022"}],"wp:attachment":[{"href":"http:\/\/www.x-party.hu\/yk\/diakvallforum\/index.php?rest_route=%2Fwp%2Fv2%2Fmedia&parent=2"}],"curies":[{"name":"wp","href":"https:\/\/api.w.org\/{rel}","templated":true}]}}