{"id":1827,"date":"2018-01-09T10:46:56","date_gmt":"2018-01-09T10:46:56","guid":{"rendered":"http:\/\/www.x-party.hu\/yk\/diakvallforum\/?page_id=1827"},"modified":"2018-01-15T11:37:59","modified_gmt":"2018-01-15T11:37:59","slug":"tema-1-evnyito-party","status":"publish","type":"page","link":"http:\/\/www.x-party.hu\/yk\/diakvallforum\/?page_id=1827","title":{"rendered":"T\u00e9ma-1: \u00c9vnyit\u00f3 party"},"content":{"rendered":"<p style=\"text-align: center;\"><strong>T\u00e9ma c\u00edme: \u00c9vnyit\u00f3 party<\/strong><\/p>\n<p><strong>T\u00e9magazda:***\u00a0<\/strong>EFISZ EU-EXPO DVF EPA<br \/>\n<strong>Nagy szerencse napja: 2018. janu\u00e1r 19.<br \/>\n<\/strong><strong>Id\u0151pont:\u00a02018. 01. 29. h\u00e9tf\u0151, 16-19h<br \/>\n<\/strong><strong>Helysz\u00edn**\u00a0<\/strong>Lurdy Konferencia K\u00f6zpont 8-as terem<\/p>\n<p style=\"text-align: center;\"><strong>R\u00e9szletes programterv:*<\/strong><\/p>\n<ol>\n<li style=\"text-align: left;\"><strong>Megnyit\u00f3, fogad\u00f3 ital, programunk ismertet\u00e9se &#8211; 10 perc<\/strong><\/li>\n<li style=\"text-align: left;\"><strong>EU-EXPO \u00e9ves terv\u00fcnk &#8211; 15 perc<\/strong><\/li>\n<li style=\"text-align: left;\"><strong>EFISZ ideol\u00f3gi\u00e1nk, konszenzus konferenci\u00e1k, tan\u00e1cskoz\u00e1sok &#8211; 10 perc<\/strong><\/li>\n<li style=\"text-align: left;\"><strong>Orsz\u00e1g j\u00f3t l\u00e1ss! &#8211; 10 perc<\/strong><\/li>\n<li style=\"text-align: left;\"><strong>Kibernol\u00f3gusok T\u00e1rsas\u00e1ga &#8211; 10 perc<\/strong><\/li>\n<li style=\"text-align: left;\"><strong>X-party sziszt\u00e9m\u00e1nk &#8211; 10 perc<\/strong><\/li>\n<li style=\"text-align: left;\"><strong>DVF kapcsolataink szervez\u00e9se egyetemekkel &#8211; 10 perc<\/strong><\/li>\n<li style=\"text-align: left;\"><strong>MIV meg\u00fajul\u00e1s, casting &#8211; 10 perc<\/strong><\/li>\n<li style=\"text-align: left;\"><strong>A Sz\u00e9p Dal Ma &#8230; vers\u00edr\u00f3verseny zen\u00e9re &#8211; 2. fordul\u00f3 &#8211; 10 perc<\/strong><\/li>\n<li style=\"text-align: left;\"><strong>Quantum-diszk\u00f3k + erotika + divatdesign &#8211; 10 perc<\/strong><\/li>\n<li style=\"text-align: left;\"><strong>FilmyxIQum startja &#8211; 10 perc<\/strong><\/li>\n<li style=\"text-align: left;\"><strong>Partnereink\u00e9 a sz\u00f3 &#8211; 20 perc<\/strong><\/li>\n<li style=\"text-align: left;\"><strong>Buliz\u00e1s, konkl\u00fazi\u00f3k, alkot\u00e1sok<\/strong><\/li>\n<\/ol>\n<p style=\"text-align: center;\"><strong>A rendezv\u00e9nyc\u00e9ljai:*<\/strong><\/p>\n<p>A f\u0151 t\u00e9m\u00e1ink r\u00f6vid ismertet\u00e9se, megbesz\u00e9l\u00e9se, csapat\u00e9p\u00edt\u00e9s, \u00f6tletel\u00e9s, buli<\/p>\n<p style=\"text-align: center;\"><strong>C\u00e9lk\u00f6z\u00f6ns\u00e9ge:*<\/strong><\/p>\n<p>megh\u00edvottak, klubtagok, sajt\u00f3, sz\u00e9ps\u00e9gek, partnerek,\u00fajak is, r\u00e9gi partnereink adatb\u00e1zisunkb\u00f3l<\/p>\n<p style=\"text-align: center;\"><strong>T\u00e9ma tartalma:*<\/strong><\/p>\n<p>5 f\u0151 t\u00e9ma: EU-EXPO, DVF, PMP, MIV,\u00a0 EFISZ<\/p>\n<p style=\"text-align: center;\"><b>Jellege:*<\/b><\/p>\n<p>fegyelmezett, bar\u00e1ts\u00e1gos, konstrukt\u00edv<\/p>\n<p style=\"text-align: center;\"><strong>T\u00e9ma st\u00edlusa:*<\/strong><\/p>\n<p>protokoll \u00e9s k\u00f6tetlen<\/p>\n<p style=\"text-align: center;\"><strong>Elv\u00e9gzend\u0151 feladatok:*<\/strong><\/p>\n<p>megh\u00edv\u00e1sok, kommunik\u00e1ci\u00f3k, protokoll anyagok k\u00e9sz\u00edt\u00e9se, kell\u00e9kek, \u00e9tel-ital, dokumentumok, Delphi m\u00f3dszer<\/p>\n<p style=\"text-align: center;\"><strong>T\u00e9ma partnerei:*<\/strong><\/p>\n<p>v\u00e1llalkoz\u00f3k, akik \u00e9rdekeltek a t\u00e9m\u00e1inkban, sz\u00e9ps\u00e9gek \u00e9s modellek, h\u00e1ziasszonyom, m\u0171sorsz\u00e1m<\/p>\n<p style=\"text-align: center;\"><b>T\u00e9ma\u00a0eszk\u00f6zig\u00e9nye:<\/b><\/p>\n<p>Dem\u00f3eszk\u00f6z\u00f6k,t\u00e1bl\u00e1k, plak\u00e1tok, design k\u00e9pek, korona, t\u00e1lak<\/p>\n<p style=\"text-align: center;\"><strong>P\u00e9nzig\u00e9nye: kb. 30.000,- Ft<\/strong><\/p>\n<p>\u00a0h\u00e1ziasszonyom? hoszteszem? kell\u00e9kek, kaja, ital, d\u00edszletelemek, fell\u00e9p\u0151 m\u0171v\u00e9szek<\/p>\n<p style=\"text-align: center;\"><strong>T\u00e9ma partners\u00e9ge, kapcsolatai:<\/strong><\/p>\n<p>\u00fajak szervez\u00e9se a Hungexp\u00f3n \u00e9s m\u00e1s rendezv\u00e9nyeken, EU Tan\u00e1csa<\/p>\n<p style=\"text-align: center;\"><strong>T\u00e9ma fenntarthat\u00f3s\u00e1ga:*<\/strong><\/p>\n<p>k\u00f6nnyen fenntarthat\u00f3<\/p>\n<p style=\"text-align: center;\"><strong>T\u00e9ma fejleszthet\u0151s\u00e9ge:**<\/strong><\/p>\n<p>Fejleszthet\u0151, nagyobb felhajt\u00e1ssal, m\u0171sorokkal<\/p>\n<p style=\"text-align: center;\"><strong>El\u00e9rhet\u0151s\u00e9gek:**<\/strong><\/p>\n<p>T\u00e9magazda vezet\u0151je: Szilv\u00e1sy P\u00e9ter, www.x-party.hu, y@x-party.hu<\/p>\n<p style=\"text-align: center;\"><strong>Megval\u00f3s\u00edt\u00e1si \u00fctemterv:<\/strong><\/p>\n<p><strong>Feladat &#8230;&#8230;&#8230;&#8230;&#8230;&#8230;&#8230;&#8230;&#8230;&#8230;.Start&#8230;&#8230;&#8230;..Eredm\u00e9ny<br \/>\nMegh\u00edv\u00f3terv&#8230;&#8230;&#8230;&#8230;&#8230;&#8230;&#8230;..01.11.<br \/>\n<\/strong><strong>Helysz\u00edn biztos\u00edt\u00e1sa&#8230;&#8230;&#8230;..01.16.<br \/>\n<\/strong><strong>Megh\u00edv\u00e1sok e-mailben &#8230;..01.20.<br \/>\nSMSben&#8230;&#8230;&#8230;&#8230;&#8230;&#8230;&#8230;&#8230;&#8230;&#8230;01. 23.<br \/>\nSz\u00f3ban&#8230;&#8230;&#8230;&#8230;&#8230;&#8230;&#8230;&#8230;&#8230;&#8230;..01.28.<\/strong><\/p>\n<p style=\"text-align: center;\"><strong>Sikerc\u00e9lok:<\/strong><\/p>\n<p>Megjelentek l\u00e9tsz\u00e1ma: 25-40 f\u0151<br \/>\nBev\u00e9tel: min. 5.000 Ft, klubtags\u00e1gik: 90.000,- Ft<br \/>\nMegel\u00e9gedetts\u00e9gi index: min. 80<\/p>\n<p style=\"text-align: center;\"><strong>Eredm\u00e9nyek:<\/strong><\/p>\n<p style=\"text-align: center;\"><strong>Konkl\u00fazi\u00f3k:<\/strong><\/p>\n","protected":false},"excerpt":{"rendered":"<p>T\u00e9ma c\u00edme: \u00c9vnyit\u00f3 party T\u00e9magazda:***\u00a0EFISZ EU-EXPO DVF EPA Nagy szerencse napja: 2018. janu\u00e1r 19. Id\u0151pont:\u00a02018. 01. 29. h\u00e9tf\u0151, 16-19h Helysz\u00edn**\u00a0Lurdy Konferencia K\u00f6zpont 8-as terem R\u00e9szletes programterv:* Megnyit\u00f3, fogad\u00f3 ital, programunk &hellip; <\/p>\n<p><a href=\"http:\/\/www.x-party.hu\/yk\/diakvallforum\/?page_id=1827\" class=\"btn btn-readmore\">Read More <span class=\"screen-reader-text\"> &#8222;T\u00e9ma-1: \u00c9vnyit\u00f3 party&#8221;<\/span><\/a><\/p>\n","protected":false},"author":1,"featured_media":0,"parent":1822,"menu_order":1,"comment_status":"closed","ping_status":"closed","template":"","meta":[],"_links":{"self":[{"href":"http:\/\/www.x-party.hu\/yk\/diakvallforum\/index.php?rest_route=\/wp\/v2\/pages\/1827"}],"collection":[{"href":"http:\/\/www.x-party.hu\/yk\/diakvallforum\/index.php?rest_route=\/wp\/v2\/pages"}],"about":[{"href":"http:\/\/www.x-party.hu\/yk\/diakvallforum\/index.php?rest_route=\/wp\/v2\/types\/page"}],"author":[{"embeddable":true,"href":"http:\/\/www.x-party.hu\/yk\/diakvallforum\/index.php?rest_route=\/wp\/v2\/users\/1"}],"replies":[{"embeddable":true,"href":"http:\/\/www.x-party.hu\/yk\/diakvallforum\/index.php?rest_route=%2Fwp%2Fv2%2Fcomments&post=1827"}],"version-history":[{"count":22,"href":"http:\/\/www.x-party.hu\/yk\/diakvallforum\/index.php?rest_route=\/wp\/v2\/pages\/1827\/revisions"}],"predecessor-version":[{"id":1865,"href":"http:\/\/www.x-party.hu\/yk\/diakvallforum\/index.php?rest_route=\/wp\/v2\/pages\/1827\/revisions\/1865"}],"up":[{"embeddable":true,"href":"http:\/\/www.x-party.hu\/yk\/diakvallforum\/index.php?rest_route=\/wp\/v2\/pages\/1822"}],"wp:attachment":[{"href":"http:\/\/www.x-party.hu\/yk\/diakvallforum\/index.php?rest_route=%2Fwp%2Fv2%2Fmedia&parent=1827"}],"curies":[{"name":"wp","href":"https:\/\/api.w.org\/{rel}","templated":true}]}}