{"id":1822,"date":"2018-01-09T10:35:38","date_gmt":"2018-01-09T10:35:38","guid":{"rendered":"http:\/\/www.x-party.hu\/yk\/diakvallforum\/?page_id=1822"},"modified":"2018-06-02T18:13:15","modified_gmt":"2018-06-02T18:13:15","slug":"tema-protokoll","status":"publish","type":"page","link":"http:\/\/www.x-party.hu\/yk\/diakvallforum\/?page_id=1822","title":{"rendered":"T\u00e9ma-protokoll"},"content":{"rendered":"<p style=\"text-align: center;\"><strong>T\u00e9ma neve: &#8230;&#8230;.<\/strong><\/p>\n<p><strong>T\u00e9magazda:<br \/>\n<\/strong>EFISZ EU-EXPO DVF EPA<\/p>\n<p><strong>Megval\u00f3s\u00edt\u00e1s id\u0151pontja:.<br \/>\n&#8230;&#8230;<\/strong><\/p>\n<p><strong>Megval\u00f3s\u00edt\u00e1s helye:<br \/>\n<\/strong> &#8230;&#8230;<\/p>\n<p><strong>R\u00e9szletes programterv:<\/strong><br \/>\nMegnyit\u00f3,&#8230;.<\/p>\n<p><strong>T\u00e9ma c\u00e9ljai:<br \/>\n<\/strong>a f\u0151 t\u00e9m\u00e1ink r\u00f6vid ismertet\u00e9se, megbesz\u00e9l\u00e9se, csapat\u00e9p\u00edt\u00e9s, \u00f6tletel\u00e9s, buli<\/p>\n<p><strong>C\u00e9lk\u00f6z\u00f6ns\u00e9ge:<br \/>\n<\/strong>megh\u00edvottak, klubtagok, sajt\u00f3, sz\u00e9ps\u00e9gek, partnerek,\u00fajak is.<\/p>\n<p><strong>T\u00e9ma tartalma:<br \/>\n<\/strong>\u00f6t f\u0151 t\u00e9ma: EU-EXPO, DVF, PMP, MIV,\u00a0 EFISZ<\/p>\n<p><b>Jellege:<br \/>\n<\/b>fegyelmezett, bar\u00e1ts\u00e1gos, konstrukt\u00edv<\/p>\n<p><strong>T\u00e9ma st\u00edlusa:<br \/>\n<\/strong>protokoll \u00e9s k\u00f6tetlen<\/p>\n<p><strong>Elv\u00e9gzend\u0151 feladatok:<br \/>\n<\/strong>megh\u00edv\u00e1sok, kommunik\u00e1ci\u00f3k,<br \/>\nprotokoll anyagok k\u00e9sz\u00edt\u00e9se,<br \/>\nkell\u00e9kek,<br \/>\n\u00e9tel-ital,<br \/>\ndokumentumok,<\/p>\n<p><strong>T\u00e9ma partnerei:<br \/>\n<\/strong>v\u00e1llalkoz\u00f3k, akik \u00e9rdekeltek a t\u00e9m\u00e1inkban, s&#8230;..<\/p>\n<p><b>T\u00e9ma\u00a0eszk\u00f6zig\u00e9nye:<\/b><br \/>\nDem\u00f3eszk\u00f6z\u00f6k,t\u00e1bl\u00e1k, plak\u00e1tok, design k\u00e9pek, korona, t\u00e1lak<\/p>\n<p><strong>P\u00e9nzig\u00e9nye:<br \/>\n<\/strong>b\u00e9rleti d\u00edj?\u00a0h\u00e1ziasszonyom? hoszteszem? kell\u00e9kek, kaja, ital<\/p>\n<p><strong>T\u00e9ma partners\u00e9ge, kapcsolatai:<br \/>\n<\/strong>\u00fajak szervez\u00e9se a<\/p>\n<p><strong>T\u00e9ma fenntarthat\u00f3s\u00e1ga:<br \/>\n<\/strong>k\u00f6nnyen fenntarthat\u00f3<\/p>\n<p><strong>T\u00e9ma fejleszthet\u0151s\u00e9ge:<br \/>\n<\/strong>Fejleszthet\u0151, nagyobb felhajt\u00e1ssal, m\u0171sorokkal<\/p>\n<p><strong>El\u00e9rhet\u0151s\u00e9gek:<br \/>\n<\/strong>T\u00e9magazda vezet\u0151je: &#8230;&#8230;<\/p>\n<p><strong>Megval\u00f3s\u00edt\u00e1si \u00fctemterv:<br \/>\n<\/strong><strong>Feladat\u00a0 \u00a0 \u00a0 \u00a0 \u00a0 \u00a0 \u00a0 \u00a0 \u00a0 \u00a0 \u00a0 \u00a0Felel\u0151s\u00a0 \u00a0 \u00a0 \u00a0 \u00a0 \u00a0 \u00a0 \u00a0 \u00a0 \u00a0 Id\u0151pont\u00a0 \u00a0 \u00a0 \u00a0 \u00a0 \u00a0 Eredm\u00e9ny<\/strong><\/p>\n<p><strong>Sikerc\u00e9lok:<\/strong><\/p>\n<p><strong>Eredm\u00e9nyek:<\/strong><\/p>\n<p><strong>Konkl\u00fazi\u00f3k:<\/strong><\/p>\n<p>A t\u00e9ma jellege: Rendezv\u00e9ny, szervezet, szolg\u00e1ltat\u00e1s, term\u00e9k.<\/p>\n<p>Feladatok: SZB l\u00e9trehoz\u00e1sa, SzB tan\u00e1cskoz\u00e1sok, C\u00e9lk\u00f6z\u00f6ns\u00e9g, Protokollok, Kell\u00e9kek, Rekl\u00e1m propaganda, \u00c9rt\u00e9kes\u00edt\u00e9s, Partnerek, El\u0151k\u00e9sz\u00fcletek, Lebonyol\u00edt\u00e1s, Konkl\u00fazi\u00f3k.<\/p>\n","protected":false},"excerpt":{"rendered":"<p>T\u00e9ma neve: &#8230;&#8230;. T\u00e9magazda: EFISZ EU-EXPO DVF EPA Megval\u00f3s\u00edt\u00e1s id\u0151pontja:. &#8230;&#8230; Megval\u00f3s\u00edt\u00e1s helye: &#8230;&#8230; R\u00e9szletes programterv: Megnyit\u00f3,&#8230;. T\u00e9ma c\u00e9ljai: a f\u0151 t\u00e9m\u00e1ink r\u00f6vid ismertet\u00e9se, megbesz\u00e9l\u00e9se, csapat\u00e9p\u00edt\u00e9s, \u00f6tletel\u00e9s, buli C\u00e9lk\u00f6z\u00f6ns\u00e9ge: megh\u00edvottak, &hellip; <\/p>\n<p><a href=\"http:\/\/www.x-party.hu\/yk\/diakvallforum\/?page_id=1822\" class=\"btn btn-readmore\">Read More <span class=\"screen-reader-text\"> &#8222;T\u00e9ma-protokoll&#8221;<\/span><\/a><\/p>\n","protected":false},"author":1,"featured_media":0,"parent":4,"menu_order":0,"comment_status":"closed","ping_status":"closed","template":"","meta":[],"_links":{"self":[{"href":"http:\/\/www.x-party.hu\/yk\/diakvallforum\/index.php?rest_route=\/wp\/v2\/pages\/1822"}],"collection":[{"href":"http:\/\/www.x-party.hu\/yk\/diakvallforum\/index.php?rest_route=\/wp\/v2\/pages"}],"about":[{"href":"http:\/\/www.x-party.hu\/yk\/diakvallforum\/index.php?rest_route=\/wp\/v2\/types\/page"}],"author":[{"embeddable":true,"href":"http:\/\/www.x-party.hu\/yk\/diakvallforum\/index.php?rest_route=\/wp\/v2\/users\/1"}],"replies":[{"embeddable":true,"href":"http:\/\/www.x-party.hu\/yk\/diakvallforum\/index.php?rest_route=%2Fwp%2Fv2%2Fcomments&post=1822"}],"version-history":[{"count":6,"href":"http:\/\/www.x-party.hu\/yk\/diakvallforum\/index.php?rest_route=\/wp\/v2\/pages\/1822\/revisions"}],"predecessor-version":[{"id":1945,"href":"http:\/\/www.x-party.hu\/yk\/diakvallforum\/index.php?rest_route=\/wp\/v2\/pages\/1822\/revisions\/1945"}],"up":[{"embeddable":true,"href":"http:\/\/www.x-party.hu\/yk\/diakvallforum\/index.php?rest_route=\/wp\/v2\/pages\/4"}],"wp:attachment":[{"href":"http:\/\/www.x-party.hu\/yk\/diakvallforum\/index.php?rest_route=%2Fwp%2Fv2%2Fmedia&parent=1822"}],"curies":[{"name":"wp","href":"https:\/\/api.w.org\/{rel}","templated":true}]}}