{"id":1533,"date":"2016-11-08T15:47:40","date_gmt":"2016-11-08T15:47:40","guid":{"rendered":"http:\/\/www.x-party.hu\/yk\/diakvallforum\/?page_id=1533"},"modified":"2018-01-04T20:11:57","modified_gmt":"2018-01-04T20:11:57","slug":"palyazatok","status":"publish","type":"page","link":"http:\/\/www.x-party.hu\/yk\/diakvallforum\/?page_id=1533","title":{"rendered":"P\u00e1ly\u00e1zatok"},"content":{"rendered":"<p><strong>Ezen az oldalunkon olyan p\u00e1ly\u00e1zatokr\u00f3l adunk h\u00edrt, amelyek v\u00e1llalkoz\u00f3knak, di\u00e1koknak, v\u00e1llalkoz\u00e1st ind\u00edt\u00f3knak lehet hasznos.\u00a0<\/strong><br \/>\n(Oldalstart: 2016-11-8))<\/p>\n<p><em>Nem mez\u0151gazdas\u00e1gi tev\u00e9kenys\u00e9gek elind\u00edt\u00e1s\u00e1nak t\u00e1mogat\u00e1sa \u2013 <\/em><em>Mez\u0151gazdas\u00e1gi tev\u00e9kenys\u00e9gek diverzifik\u00e1ci\u00f3ja, mikrov\u00e1llalkoz\u00e1s ind\u00edt\u00e1sa<\/em><\/p>\n<p><strong><u>P\u00e1ly\u00e1z\u00f3k k\u00f6re:<\/u><\/strong><\/p>\n<ul>\n<li>T\u00e1mogat\u00e1st ig\u00e9nyelhet az a 18. \u00e9let\u00e9v\u00e9t bet\u00f6lt\u00f6tt mag\u00e1nszem\u00e9ly, aki 2015. janu\u00e1r 1. napj\u00e1t\u00f3l 10.000 f\u0151 alatti lakoss\u00e1gsz\u00e1m\u00fa telep\u00fcl\u00e9sen \u00e9l \u00e9s nem tagja, nem volt tagja, illetve nem tulajdonosa vagy nem volt tulajdonosa m\u00e1r bejegyzett vagy kor\u00e1bban b\u00e1rmeny okb\u00f3l megsz\u0171nt v\u00e1llalkoz\u00e1snak.<\/li>\n<li>P\u00e1ly\u00e1zhat az a v\u00e1llalkoz\u00f3 is, aki a t\u00e1mogat\u00e1si k\u00e9relem beny\u00fajt\u00e1s\u00e1t megel\u0151z\u0151 teljes lez\u00e1rt \u00fczleti \u00e9vben el\u00e9rt \u00e9ves \u00e1rbev\u00e9tel\u00e9nek legal\u00e1bb 50%-a mez\u0151gazdas\u00e1gi tev\u00e9kenys\u00e9gb\u0151l sz\u00e1rmazik \u00e9s jelen p\u00e1ly\u00e1zat keret\u00e9ben nem mez\u0151gazdas\u00e1gi tev\u00e9kenys\u00e9ggel k\u00edv\u00e1nja b\u0151v\u00edteni tev\u00e9kenys\u00e9gi k\u00f6r\u00e9t.<\/li>\n<\/ul>\n<p><strong><u>A t\u00e1mogat\u00e1s m\u00e9rt\u00e9ke:<\/u><\/strong><\/p>\n<p>A vissza nem t\u00e9r\u00edtend\u0151 t\u00e1mogat\u00e1s \u00f6sszege: <strong>40 000 eur\u00f3nak megfelel\u0151 forint\u00f6sszeg<\/strong>, mely k\u00e9t r\u00e9szletben foly\u00f3s\u00edthat\u00f3.\u00a0 A t\u00e1mogat\u00f3 okirat k\u00e9zbes\u00edt\u00e9s\u00e9t k\u00f6vet\u0151 napt\u00f3l a t\u00e1mogat\u00e1si \u00f6sszeg <strong>75%-a el\u0151legk\u00e9nt<\/strong>, az \u00fczleti terv v\u00e9grehajt\u00e1s\u00e1t k\u00f6vet\u0151en (az els\u0151 kifizet\u00e9si k\u00e9relem beny\u00fajt\u00e1s\u00e1t\u00f3l sz\u00e1m\u00edtott 36-48. h\u00f3nap k\u00f6z\u00f6tt) a fennmarad\u00f3 \u00f6sszeg 25%-a.<\/p>\n<p><strong><u>K\u00f6telez\u0151 v\u00e1llal\u00e1sok:<\/u><\/strong><\/p>\n<ul>\n<li>A kedvezm\u00e9nyezett a t\u00e1mogat\u00f3i okirat k\u00e9zbes\u00edt\u00e9s\u00e9t k\u00f6vet\u0151 napt\u00f3l sz\u00e1m\u00edtott 9 h\u00f3napon bel\u00fcl k\u00f6teles megkezdeni az \u00fczleti terv v\u00e9grehajt\u00e1s\u00e1t \u00e9s az \u00fczleti terv v\u00e9grehajt\u00e1s\u00e1nak megkezd\u00e9s\u00e9t\u0151l sz\u00e1m\u00edtott 6 h\u00f3napon bel\u00fcl az \u00faj mikrov\u00e1llalkoz\u00e1sra vonatkoz\u00f3 egy\u00e9ni vagy t\u00e1rsas v\u00e1llalkoz\u00e1st befejezetten megalap\u00edtani \u00e9s tev\u00e9kenys\u00e9g\u00e9t bejelenti.<\/li>\n<li>Legk\u00e9s\u0151bb a t\u00e1mogat\u00f3 okirat k\u00e9zbes\u00edt\u00e9s\u00e9t k\u00f6vet\u0151 napt\u00f3l sz\u00e1m\u00edtott 4. \u00fczleti \u00e9v v\u00e9g\u00e9re az \u00faj tev\u00e9kenys\u00e9g vagy az \u00faj mikrov\u00e1llalkoz\u00e1s m\u0171k\u00f6d\u00e9se alapj\u00e1n kifizetett j\u00f6vedelemnek el kell \u00e9rnie legal\u00e1bb a hat\u00e1lyos korm\u00e1nyrendeletben meghat\u00e1rozott, a teljes munkaid\u0151ben foglalkoztatott munkav\u00e1llal\u00f3 r\u00e9sz\u00e9re meg\u00e1llap\u00edtott garant\u00e1lt b\u00e9rminimumot (\u00e9ves), vagy r\u00e9szmunkaid\u0151s foglalkoztat\u00e1s eset\u00e9n annak a foglalkoztat\u00e1ssal ar\u00e1nyos r\u00e9sz\u00e9t.<\/li>\n<li>Nem k\u00f6telez\u0151 \u2013 de 15%-al n\u00f6veli a p\u00e1ly\u00e1zat nyertess\u00e9g\u00e9nek es\u00e9ly\u00e9t \u2013 amennyiben a p\u00e1ly\u00e1z\u00f3 v\u00e1llalja az \u00fczleti terv v\u00e9grehajt\u00e1sa sor\u00e1n (a v\u00e1llalkoz\u00e1s megalap\u00edt\u00e1s\u00e1t\u00f3l a m\u00e1sodik kifizet\u00e9si k\u00e9relem beny\u00fajt\u00e1s\u00e1ig) egy f\u0151 r\u00e9szmunkaid\u0151s, jelenleg mez\u0151gazdas\u00e1gi tev\u00e9kenys\u00e9get v\u00e9gz\u0151 v\u00e1llalkoz\u00f3 eset\u00e9ben egy f\u0151 teljes munkaid\u0151s alkalmazott foglalkoztat\u00e1s\u00e1t.<\/li>\n<\/ul>\n<p><strong><u>A p\u00e1ly\u00e1zat kiemelt el\u0151nyei:<\/u><\/strong><\/p>\n<ul>\n<li>Csak akkor kell a v\u00e1llalkoz\u00e1s m\u0171k\u00f6d\u00e9s\u00e9t elind\u00edtani, ha a t\u00e1mogat\u00f3i okirat meg\u00e9rkezett, a p\u00e1ly\u00e1z\u00f3 biztosan t\u00e1mogat\u00e1sban r\u00e9szes\u00fcl.<\/li>\n<li>\u00c1tal\u00e1nyt\u00e1mogat\u00e1s, nincs sz\u00fcks\u00e9g r\u00e9szletes elsz\u00e1mol\u00e1sra, b\u00e1rmire ford\u00edthat\u00f3 az \u00f6sszeg a v\u00e1llalkoz\u00e1s beind\u00edt\u00e1s\u00e1hoz.<\/li>\n<\/ul>\n<p><strong><u>P\u00e1ly\u00e1zat beny\u00fajt\u00e1si hat\u00e1rideje: <\/u><\/strong>2016.10.24. \u00e9s 2018.10.23. k\u00f6z\u00f6tt<\/p>\n<p>Az els\u0151 szakaszban beny\u00fajt\u00e1sra ker\u00fcl\u0151 p\u00e1ly\u00e1zatok:<strong><u> 2016. 10. 24. \u00e9s 2016. 11. 24. k\u00f6z\u00f6tt<\/u><\/strong><\/p>\n<p style=\"text-align: center;\"><strong>********\u00a0<\/strong><\/p>\n<p><strong>Eur\u00f3p\u00e1ban is egyed\u00fcl\u00e1ll\u00f3 ut\u00f3lagos ablakszigetel\u00e9si technol\u00f3gi\u00e1t aj\u00e1nlan\u00e1m fel kezd\u0151 v\u00e1llalkoz\u00f3k , vagy m\u00e1r m\u0171k\u00f6d\u0151 v\u00e1llalkoz\u00e1sok r\u00e9sz\u00e9re, \u00a0ig\u00e9ny eset\u00e9n.<br \/>\n<\/strong>A <strong>Hungarian Skyline Bt<\/strong>.\u00a01994-t\u0151l v\u00e9gez Magyarorsz\u00e1gon egyed\u00fcl\u00e1ll\u00f3 technol\u00f3gia alapj\u00e1n fa, f\u00e9m \u00e9s m\u0171anyag ny\u00edl\u00e1sz\u00e1r\u00f3kn\u00e1l ut\u00f3lagos h\u0151, hang, por\u00a0\u00e9s es\u0151 v\u00edz elleni\u00a0szigetel\u00e9st, az eg\u00e9sz orsz\u00e1g ter\u00fclet\u00e9n, de m\u00e1r k\u00fclf\u00f6ldi orsz\u00e1gokban is, mely j\u00f3l bev\u00e1lt, \u00fagy a lakoss\u00e1g mint a k\u00f6z\u00fclet r\u00e9sz\u00e9r\u0151l.<\/p>\n<p><strong>Ha kezd\u0151, vagy m\u00e1r megl\u00e9v\u0151\u00a0v\u00e1llalkoz\u00e1s\u00e1t szeretn\u00e9 b\u0151v\u00edteni, akkor az al\u00e1bbi k\u00f6lts\u00e9gekkel kell sz\u00e1molni:<\/strong><\/p>\n<p><strong>Szersz\u00e1mok:<\/strong><\/p>\n<p>&#8211; 1-db sarokcsiszol\u00f3g\u00e9p\u00a0 kb:\u00a0\u00a0 8.000-Ft<\/p>\n<p>&#8211; 1-db csavarbeh\u00faz\u00f3g\u00e9p\u00a0 kb:\u00a0\u00a012.000-Ft<\/p>\n<p>&#8211;\u00a01-db kalap\u00e1cs, kis \u00e9s nagy v\u00e9s\u0151, lapos \u00e9s csillag csavarh\u00faz\u00f3 (kicsi \u00e9s nagy) f\u00e9m reszel\u0151, harap\u00f3 fog\u00f3, kombin\u00e1t fog\u00f3, hidegv\u00e1g\u00f3, emel\u0151, vagy fesz\u00edt\u0151, imbusz kulcs, k\u00e9zi falc gyalu, ecset, v\u00e1g\u00f3k\u00e9s, ami\u00a0 kb: 10.000-Ft\u00a0\u00f6sszesen.<\/p>\n<p><strong>A szersz\u00e1mok beker\u00fcl\u00e9si \u00f6sszege, max: 30.000-Ft.<\/strong><\/p>\n<p><strong>Anyagok:<\/strong>&#8211;\u00a0\u00a0\u00a0P\u00e1lmatex ragaszt\u00f3 kezd\u00e9shez 2-db.0.8-as kiszerel\u00e9s\u0171,\u00a0ami \u00a08.000-Ft\/2-doboz.<\/p>\n<p>&#8211;\u00a0\u00a0\u00a0\u00a0\u00a0\u00a0\u00a0\u00a0\u00a0\u00a0\u00a0\u00a0\u00a0\u00a0\u00a0\u00a0 N\u00e9met szigetel\u0151anyag 1-doboz, 36.000-Ft\/doboz, ami 2-db 60-fm-es tekercs.<\/p>\n<p>&#8211;\u00a0\u00a0\u00a0\u00a0\u00a0\u00a0\u00a0\u00a0\u00a0\u00a0\u00a0\u00a0\u00a0\u00a0\u00a0\u00a0 Francia szigetel\u0151szalag, Angol ragaszt\u00f3val ell\u00e1tva 20-db, ami\u00a06.000-Ft\/20-db, mely 19&#215;25-fm-es.<\/p>\n<p><strong>A szigetel\u00e9shez sz\u00fcks\u00e9ges anyagok beker\u00fcl\u00e9si \u00f6sszege: 50.000-Ft, mely elegend\u0151 2-db nagy csal\u00e1di h\u00e1z szigetel\u00e9s\u00e9hez, ami 150-200.000-Ft nett\u00f3 \u00e1rbev\u00e9telt eredm\u00e9nyez\/nap.<\/strong><\/p>\n<p>&nbsp;<\/p>\n<p><strong>A munkav\u00e9gz\u00e9shez, ill. a munkav\u00e1llal\u00e1shoz sz\u00fcks\u00e9ges technol\u00f3gia betan\u00edt\u00e1s\u00e1t, ( elsaj\u00e1t\u00edt\u00e1s\u00e1t<\/strong> <strong>), kezd\u0151, vagy m\u00e1r megl\u00e9v\u0151 v\u00e1llalkoz\u00e1sok r\u00e9sz\u00e9re: 600.000- Ft,+\u00c1fa-s \u00e1ron v\u00e1llalom, max: 2-f\u0151 \u00a0betan\u00edt\u00e1s\u00e1val, ha \u00f6ner\u0151b\u0151l szeretn\u00e9 megval\u00f3s\u00edtani.<\/strong><\/p>\n<p><strong>P\u00e1ly\u00e1zati, vissza nem t\u00e9r\u00edtend\u0151 t\u00e1mogat\u00e1s eset\u00e9n: 1.000.000-Ft+27%-os \u00c1fa, azaz 1.270.000-Ft.<\/strong><\/p>\n<p><strong>A fenti \u00f6sszeg mag\u00e1ban foglalja, az al\u00e1bbi k\u00f6lts\u00e9geket:<\/strong><\/p>\n<p>&#8211;\u00a0Mivel az anyag beszerz\u00e9s k\u00fclf\u00f6ldr\u0151l t\u00f6rt\u00e9nik, \u00edgy azt biztos\u00edtani tudom, ig\u00e9ny alapj\u00e1n, sz\u00e1ml\u00e1z\u00e1ssal.<\/p>\n<p>&#8211;\u00a0Ha a\u00a0 szigetel\u00e9si technol\u00f3gia betanul\u00e1s\u00e1hoz,\u00a0a ter\u00fcletet \u00d6n\u00a0biztos\u00edtja b\u00e1rhol, max:2-3-napig, akkor a sz\u00e1ll\u00e1s \u00e9s utaz\u00e1si k\u00f6lts\u00e9g engem terhel.<\/p>\n<p>&#8211;\u00a0A munkav\u00e1llal\u00e1shoz sz\u00fcks\u00e9ges ismertet\u0151 \u00e9s t\u00e1j\u00e9koztat\u00f3 anyagokat, ill. a m\u0171szaki le\u00edr\u00e1st\u00a0biztos\u00edtom..<\/p>\n<p>&#8211;\u00a0A munka betan\u00edt\u00e1s\u00e1hoz sz\u00fcks\u00e9ges anyagot, a betan\u00edt\u00e1si id\u0151re, a 2-3-napra ingyenesen biztos\u00edtom.<\/p>\n<p><strong>Megjegyz\u00e9s:<\/strong> Ezzel a szigetel\u00e9si technol\u00f3gi\u00e1val, ak\u00e1r 1-h\u00e9t alatt is megkeresheti a technol\u00f3gia elsaj\u00e1t\u00edt\u00e1s\u00e1val kapcsolatos k\u00f6lts\u00e9geket.<\/p>\n<p>A t\u00f6bb \u00e9vig tart\u00f3 munkalehet\u0151s\u00e9gre, csak az jelentkezzen akivel a k\u00e9s\u0151bbiek folyam\u00e1n egy\u00fctt is lehet dolgozni.<\/p>\n<p>Erre a szigetel\u00e9si technol\u00f3gi\u00e1ra m\u00e1r k\u00fclf\u00f6ldr\u0151l is \u00e9rdekl\u0151dnek, mivel onnan is kapunk megrendel\u00e9seket.<\/p>\n<p>A rosszul z\u00e1r\u00f3d\u00f3 nyil\u00e1sz\u00e1r\u00f3k, rengeteg h\u0151vesztes\u00e9get eredm\u00e9nyeznek, de\u00a0ett\u0151l jobb szigetel\u00e9si technol\u00f3gia nincs Eur\u00f3p\u00e1ban.<\/p>\n<p>Ezt a szigetel\u00e9st lehet alkalmazni M\u0171eml\u00e9kv\u00e9delmi \u00e9p\u00fcletekn\u00e9l is, mivel t\u00f6bbsz\u00f6r is festhet\u0151 \u00e9s legal\u00e1bb 20-30-\u00e9vig lehet sz\u00e1molni a<\/p>\n<p>garant\u00e1lt f\u0171t\u00e9si k\u00f6lts\u00e9gmegtakar\u00edt\u00e1ssal, ami csak 1\/10-be ker\u00fcl az ablakcser\u00e9hez k\u00e9pest.<\/p>\n<p>M\u00e1r most egyre t\u00f6bb m\u0171anyag ablakszigetel\u00e9st k\u00e9rnek, mivel \u00a05-6-\u00e9v ut\u00e1n jelentkeznek a probl\u00e9m\u00e1k a ny\u00edl\u00e1sz\u00e1r\u00f3kn\u00e1l \u00e9s az ablakcsere<\/p>\n<p>program miatt, r\u00f6videsen ak\u00e1r 20-30-\u00e9vre is megrendel\u00e9sek v\u00e1rhat\u00f3k az ut\u00f3lagos szigetel\u00e9sre, mely technol\u00f3gia erre kiv\u00e1l\u00f3an alkalmas.<\/p>\n<p>Ha \u00d6n ig\u00e9nyel alv\u00e1llalkoz\u00f3t a munk\u00e1j\u00e1hoz, akkor abban is partner tudok lenni, ig\u00e9ny eset\u00e9n.<\/p>\n<p>A technol\u00f3gia betan\u00edt\u00e1s\u00e1val j\u00e1r\u00f3 kiad\u00e1s, max: 5-napi munk\u00e1b\u00f3l m\u00e1r megt\u00e9r\u00fcl, de ez is ingyen van, mivel p\u00e1ly\u00e1zhat r\u00e1.<\/p>\n<p>Egy\u00e9b k\u00e9rd\u00e9s eset\u00e9n a <strong>0630\/9462-562<\/strong>-es telefonon el\u00e9rhet\u0151 vagyok, vagy b\u0151vebb inform\u00e1ci\u00f3t a <a href=\"http:\/\/www.hungarianskyline.eu\/\">www.hungarianskyline.eu<\/a> honlapunkon tal\u00e1l.<\/p>\n<p><strong>T,<br \/>\n<\/strong><strong>Mencsik Gyula,\u00a0<\/strong><strong>c\u00e9gvezet\u0151<\/strong><\/p>\n<p><strong>Bp. 2016-11-08<\/strong><\/p>\n","protected":false},"excerpt":{"rendered":"<p>Ezen az oldalunkon olyan p\u00e1ly\u00e1zatokr\u00f3l adunk h\u00edrt, amelyek v\u00e1llalkoz\u00f3knak, di\u00e1koknak, v\u00e1llalkoz\u00e1st ind\u00edt\u00f3knak lehet hasznos.\u00a0 (Oldalstart: 2016-11-8)) Nem mez\u0151gazdas\u00e1gi tev\u00e9kenys\u00e9gek elind\u00edt\u00e1s\u00e1nak t\u00e1mogat\u00e1sa \u2013 Mez\u0151gazdas\u00e1gi tev\u00e9kenys\u00e9gek diverzifik\u00e1ci\u00f3ja, mikrov\u00e1llalkoz\u00e1s ind\u00edt\u00e1sa P\u00e1ly\u00e1z\u00f3k k\u00f6re: T\u00e1mogat\u00e1st &hellip; <\/p>\n<p><a href=\"http:\/\/www.x-party.hu\/yk\/diakvallforum\/?page_id=1533\" class=\"btn btn-readmore\">Read More <span class=\"screen-reader-text\"> &#8222;P\u00e1ly\u00e1zatok&#8221;<\/span><\/a><\/p>\n","protected":false},"author":1,"featured_media":0,"parent":6,"menu_order":0,"comment_status":"closed","ping_status":"closed","template":"","meta":[],"_links":{"self":[{"href":"http:\/\/www.x-party.hu\/yk\/diakvallforum\/index.php?rest_route=\/wp\/v2\/pages\/1533"}],"collection":[{"href":"http:\/\/www.x-party.hu\/yk\/diakvallforum\/index.php?rest_route=\/wp\/v2\/pages"}],"about":[{"href":"http:\/\/www.x-party.hu\/yk\/diakvallforum\/index.php?rest_route=\/wp\/v2\/types\/page"}],"author":[{"embeddable":true,"href":"http:\/\/www.x-party.hu\/yk\/diakvallforum\/index.php?rest_route=\/wp\/v2\/users\/1"}],"replies":[{"embeddable":true,"href":"http:\/\/www.x-party.hu\/yk\/diakvallforum\/index.php?rest_route=%2Fwp%2Fv2%2Fcomments&post=1533"}],"version-history":[{"count":1,"href":"http:\/\/www.x-party.hu\/yk\/diakvallforum\/index.php?rest_route=\/wp\/v2\/pages\/1533\/revisions"}],"predecessor-version":[{"id":1534,"href":"http:\/\/www.x-party.hu\/yk\/diakvallforum\/index.php?rest_route=\/wp\/v2\/pages\/1533\/revisions\/1534"}],"up":[{"embeddable":true,"href":"http:\/\/www.x-party.hu\/yk\/diakvallforum\/index.php?rest_route=\/wp\/v2\/pages\/6"}],"wp:attachment":[{"href":"http:\/\/www.x-party.hu\/yk\/diakvallforum\/index.php?rest_route=%2Fwp%2Fv2%2Fmedia&parent=1533"}],"curies":[{"name":"wp","href":"https:\/\/api.w.org\/{rel}","templated":true}]}}