{"id":1511,"date":"2016-10-08T09:02:25","date_gmt":"2016-10-08T09:02:25","guid":{"rendered":"http:\/\/www.x-party.hu\/yk\/diakvallforum\/?page_id=1511"},"modified":"2026-04-15T11:51:52","modified_gmt":"2026-04-15T11:51:52","slug":"eu-expo","status":"publish","type":"page","link":"http:\/\/www.x-party.hu\/yk\/diakvallforum\/?page_id=1511","title":{"rendered":"EU-EXPO"},"content":{"rendered":"<p style=\"text-align: center;\"><strong>Az 1988-ban alap\u00edtott \u00e9s sikeresen m\u0171k\u00f6d\u0151 V\u00e1llalkoz\u00f3k Klubja 2021 december\u00e9ben reinkarn\u00e1lt az <\/strong><strong>EU-EXPO Klubba. 2022-t\u0151l ezt aktiviz\u00e1ljuk, fejlesztj\u00fck, szervezz\u00fck intenz\u00edven.<\/strong><\/p>\n<p style=\"text-align: center;\"><strong>*****<\/strong><\/p>\n<p style=\"text-align: left;\"><strong>A Di\u00e1kok \u00e9s V\u00e1llalkoz\u00f3k F\u00f3ruma is csatlakozik a nagyszer\u0171 kezdem\u00e9nyez\u00e9shez, hogy legyen <\/strong><strong>EU-EXPO, amit nagyon praktiku<\/strong><strong>san klubszer\u0171en szervez\u00fcnk.<\/strong><\/p>\n<h4 style=\"text-align: center;\"><span style=\"text-decoration: underline;\"><strong>Az EU-EXPO hivatalos honlapjai:<br \/>\n<\/strong><\/span><strong><a href=\"http:\/\/www.euexpo.eu\" target=\"_blank\" rel=\"noopener noreferrer\">www.euexpo.eu * <\/a><\/strong><a href=\"http:\/\/www.eu-expo.eu\" target=\"_blank\" rel=\"noopener noreferrer\"><strong>www.eu-expo.eu<\/strong><\/a><\/h4>\n<h2 style=\"text-align: center;\"><span style=\"color: #000080;\"><strong>*+*<\/strong><\/span><\/h2>\n<h2 style=\"text-align: center;\"><span style=\"color: #000080;\"><strong>*** 2026 ***<\/strong><\/span><\/h2>\n<p>A szakmai k\u00f6r\u00f6kben szervezz\u00fck meg az EU-EXPO-t 2026-ban, okt\u00f3ber 12-18. Az \u00f6t t\u00e9mak\u00f6r\u00fcnknek megfelel\u0151en: a Testkutl\u00fara, a M\u0171v\u00e9szet, a Sz\u00e9ps\u00e9g, az Innov\u00e1ci\u00f3 \u00e9s a Sz\u00f3rakoz\u00e1s ter\u00e9n. A r\u00e9szleteket megtan\u00e1cskozzuk klubpatinkjainkon is.<br \/>\nA Sz\u00e9ps\u00e9g Vil\u00e1gnapj\u00e1t X. 14-\u00e9n nemzetk\u00f6zi szinten is megszervezz\u00fck.<\/p>\n<p style=\"text-align: center;\"><strong>M\u00e1jus 10.<\/strong> &#8211; Az <strong>Eur\u00f3pai Uni\u00f3 \u00fcnnep\u00e9n kreat\u00edv tan\u00e1cskoz\u00e1sunk<\/strong> a <strong>kapcsolataink fejleszt\u00e9s\u00e9r\u0151l is a Szabads\u00e1g t\u00e9ren 15 \u00f3r\u00e1t\u00f3l.<\/strong><\/p>\n<p style=\"text-align: center;\"><a href=\"http:\/\/www.x-party.hu\/yk\/diakvallforum\/wp-content\/uploads\/2026\/01\/euexpoklub-2026-y1.jpg\"><img decoding=\"async\" loading=\"lazy\" class=\"aligncenter wp-image-3387 size-medium\" src=\"http:\/\/www.x-party.hu\/yk\/diakvallforum\/wp-content\/uploads\/2026\/01\/euexpoklub-2026-y1-300x212.jpg\" alt=\"\" width=\"300\" height=\"212\" srcset=\"http:\/\/www.x-party.hu\/yk\/diakvallforum\/wp-content\/uploads\/2026\/01\/euexpoklub-2026-y1-300x212.jpg 300w, http:\/\/www.x-party.hu\/yk\/diakvallforum\/wp-content\/uploads\/2026\/01\/euexpoklub-2026-y1-1024x724.jpg 1024w, http:\/\/www.x-party.hu\/yk\/diakvallforum\/wp-content\/uploads\/2026\/01\/euexpoklub-2026-y1-768x543.jpg 768w, http:\/\/www.x-party.hu\/yk\/diakvallforum\/wp-content\/uploads\/2026\/01\/euexpoklub-2026-y1-1536x1086.jpg 1536w, http:\/\/www.x-party.hu\/yk\/diakvallforum\/wp-content\/uploads\/2026\/01\/euexpoklub-2026-y1.jpg 1754w\" sizes=\"(max-width: 300px) 100vw, 300px\" \/><\/a><\/p>\n<h2 style=\"text-align: center;\"><span style=\"color: #000080;\"><strong>*** 2025 ***<\/strong><\/span><\/h2>\n<p style=\"text-align: center;\"><a href=\"http:\/\/www.x-party.hu\/yk\/diakvallforum\/wp-content\/uploads\/2025\/01\/aszvn-eu-expo-2025-2-y1.jpg\"><img decoding=\"async\" loading=\"lazy\" class=\"aligncenter wp-image-3175 size-large\" src=\"http:\/\/www.x-party.hu\/yk\/diakvallforum\/wp-content\/uploads\/2025\/01\/aszvn-eu-expo-2025-2-y1-724x1024.jpg\" alt=\"\" width=\"640\" height=\"905\" srcset=\"http:\/\/www.x-party.hu\/yk\/diakvallforum\/wp-content\/uploads\/2025\/01\/aszvn-eu-expo-2025-2-y1-724x1024.jpg 724w, http:\/\/www.x-party.hu\/yk\/diakvallforum\/wp-content\/uploads\/2025\/01\/aszvn-eu-expo-2025-2-y1-212x300.jpg 212w, http:\/\/www.x-party.hu\/yk\/diakvallforum\/wp-content\/uploads\/2025\/01\/aszvn-eu-expo-2025-2-y1-768x1086.jpg 768w, http:\/\/www.x-party.hu\/yk\/diakvallforum\/wp-content\/uploads\/2025\/01\/aszvn-eu-expo-2025-2-y1-1086x1536.jpg 1086w, http:\/\/www.x-party.hu\/yk\/diakvallforum\/wp-content\/uploads\/2025\/01\/aszvn-eu-expo-2025-2-y1.jpg 1240w\" sizes=\"(max-width: 640px) 100vw, 640px\" \/><\/a><\/p>\n<p style=\"text-align: center;\">\n<h2 style=\"text-align: center;\"><span style=\"color: #000080;\"><strong>*** 2024 ***<\/strong><\/span><\/h2>\n<p style=\"text-align: center;\"><a href=\"http:\/\/www.x-party.hu\/yk\/diakvallforum\/wp-content\/uploads\/2025\/01\/eu-expo-2024-alap-y1.jpg\"><img decoding=\"async\" loading=\"lazy\" class=\"aligncenter size-large wp-image-3166\" src=\"http:\/\/www.x-party.hu\/yk\/diakvallforum\/wp-content\/uploads\/2025\/01\/eu-expo-2024-alap-y1-1024x683.jpg\" alt=\"\" width=\"640\" height=\"427\" srcset=\"http:\/\/www.x-party.hu\/yk\/diakvallforum\/wp-content\/uploads\/2025\/01\/eu-expo-2024-alap-y1-1024x683.jpg 1024w, http:\/\/www.x-party.hu\/yk\/diakvallforum\/wp-content\/uploads\/2025\/01\/eu-expo-2024-alap-y1-300x200.jpg 300w, http:\/\/www.x-party.hu\/yk\/diakvallforum\/wp-content\/uploads\/2025\/01\/eu-expo-2024-alap-y1-768x512.jpg 768w, http:\/\/www.x-party.hu\/yk\/diakvallforum\/wp-content\/uploads\/2025\/01\/eu-expo-2024-alap-y1.jpg 1134w\" sizes=\"(max-width: 640px) 100vw, 640px\" \/><\/a><\/p>\n<h2 style=\"text-align: center;\"><span style=\"color: #000080;\"><strong>** 2023 ***<\/strong><\/span><\/h2>\n<p style=\"text-align: center;\"><a href=\"http:\/\/www.x-party.hu\/yk\/diakvallforum\/wp-content\/uploads\/2023\/07\/eu-expo-2023-alap-y101.jpg\"><img decoding=\"async\" loading=\"lazy\" class=\"aligncenter wp-image-2959 size-large\" src=\"http:\/\/www.x-party.hu\/yk\/diakvallforum\/wp-content\/uploads\/2023\/07\/eu-expo-2023-alap-y101-683x1024.jpg\" alt=\"\" width=\"640\" height=\"960\" srcset=\"http:\/\/www.x-party.hu\/yk\/diakvallforum\/wp-content\/uploads\/2023\/07\/eu-expo-2023-alap-y101-683x1024.jpg 683w, http:\/\/www.x-party.hu\/yk\/diakvallforum\/wp-content\/uploads\/2023\/07\/eu-expo-2023-alap-y101-200x300.jpg 200w, http:\/\/www.x-party.hu\/yk\/diakvallforum\/wp-content\/uploads\/2023\/07\/eu-expo-2023-alap-y101.jpg 756w\" sizes=\"(max-width: 640px) 100vw, 640px\" \/><\/a><\/p>\n<h2 style=\"text-align: center;\"><span style=\"color: #000080;\"><strong>*** 2022 ***<\/strong><\/span><\/h2>\n<p style=\"text-align: left;\"><strong>A Sz\u00e9ps\u00e9g Vil\u00e1gnapja &#8211; X. 14. &#8211; nemzetk\u00f6zi propag\u00e1l\u00e1sa lesz a f\u00f3kuszban 2022-ben.<br \/>\nA Di\u00e1kok \u00e9s V\u00e1llalkoz\u00f3k F\u00f3rum\u00e1t, az EFISZ Aktivista Klubunkat, a Testv\u00e9r-Fesztiv\u00e1lok F\u00f3rumait \u00e9s az EU-EXPO Klubunkat havi rendszeress\u00e9ggel megszervezz\u00fck.<br \/>\nSzeptember 12. &#8211; Before-party<br \/>\n<\/strong><strong>M\u00e1jus 8. &#8211; Eur\u00f3pa \u00fcnnepe a Szabads\u00e1g t\u00e9ren.<br \/>\n<\/strong><\/p>\n<p style=\"text-align: center;\"><a href=\"http:\/\/www.x-party.hu\/yk\/diakvallforum\/wp-content\/uploads\/2021\/10\/eu-expo-2022-alap-y1.jpg\"><img decoding=\"async\" loading=\"lazy\" class=\"aligncenter size-large wp-image-2763\" src=\"http:\/\/www.x-party.hu\/yk\/diakvallforum\/wp-content\/uploads\/2021\/10\/eu-expo-2022-alap-y1-1024x683.jpg\" alt=\"\" width=\"640\" height=\"427\" srcset=\"http:\/\/www.x-party.hu\/yk\/diakvallforum\/wp-content\/uploads\/2021\/10\/eu-expo-2022-alap-y1-1024x683.jpg 1024w, http:\/\/www.x-party.hu\/yk\/diakvallforum\/wp-content\/uploads\/2021\/10\/eu-expo-2022-alap-y1-300x200.jpg 300w, http:\/\/www.x-party.hu\/yk\/diakvallforum\/wp-content\/uploads\/2021\/10\/eu-expo-2022-alap-y1-768x512.jpg 768w, http:\/\/www.x-party.hu\/yk\/diakvallforum\/wp-content\/uploads\/2021\/10\/eu-expo-2022-alap-y1.jpg 1134w\" sizes=\"(max-width: 640px) 100vw, 640px\" \/><\/a><\/p>\n<h2 style=\"text-align: center;\"><span style=\"color: #000080;\"><strong>*** 2021 ***<\/strong><\/span><\/h2>\n<p><strong>A r\u00e9szleteket megbesz\u00e9lj\u00fck az EU-EXPO Klubokon, a f\u00f3rumainkon, az Aktivista klubjainkon.<\/strong><\/p>\n<p style=\"text-align: center;\">\n<p style=\"text-align: center;\"><a href=\"http:\/\/www.x-party.hu\/yk\/diakvallforum\/wp-content\/uploads\/2021\/02\/EU-EXPO-2021-programterv-y0.jpg\"><img decoding=\"async\" loading=\"lazy\" class=\"aligncenter wp-image-2637 size-large\" src=\"http:\/\/www.x-party.hu\/yk\/diakvallforum\/wp-content\/uploads\/2021\/02\/EU-EXPO-2021-programterv-y0-709x1024.jpg\" alt=\"\" width=\"640\" height=\"924\" srcset=\"http:\/\/www.x-party.hu\/yk\/diakvallforum\/wp-content\/uploads\/2021\/02\/EU-EXPO-2021-programterv-y0-709x1024.jpg 709w, http:\/\/www.x-party.hu\/yk\/diakvallforum\/wp-content\/uploads\/2021\/02\/EU-EXPO-2021-programterv-y0-208x300.jpg 208w, http:\/\/www.x-party.hu\/yk\/diakvallforum\/wp-content\/uploads\/2021\/02\/EU-EXPO-2021-programterv-y0.jpg 720w\" sizes=\"(max-width: 640px) 100vw, 640px\" \/><\/a><\/p>\n<h2 style=\"text-align: center;\"><span style=\"color: #000080;\"><strong>*** 2020 ***<\/strong><\/span><\/h2>\n<p style=\"text-align: center;\"><a href=\"http:\/\/www.x-party.hu\/yk\/diakvallforum\/wp-content\/uploads\/2020\/03\/euexpo-20-alapinfo-c1.jpg\"><img decoding=\"async\" loading=\"lazy\" class=\"aligncenter size-full wp-image-2388\" src=\"http:\/\/www.x-party.hu\/yk\/diakvallforum\/wp-content\/uploads\/2020\/03\/euexpo-20-alapinfo-c1.jpg\" alt=\"\" width=\"1772\" height=\"1181\" srcset=\"http:\/\/www.x-party.hu\/yk\/diakvallforum\/wp-content\/uploads\/2020\/03\/euexpo-20-alapinfo-c1.jpg 1772w, http:\/\/www.x-party.hu\/yk\/diakvallforum\/wp-content\/uploads\/2020\/03\/euexpo-20-alapinfo-c1-300x200.jpg 300w, http:\/\/www.x-party.hu\/yk\/diakvallforum\/wp-content\/uploads\/2020\/03\/euexpo-20-alapinfo-c1-768x512.jpg 768w, http:\/\/www.x-party.hu\/yk\/diakvallforum\/wp-content\/uploads\/2020\/03\/euexpo-20-alapinfo-c1-1024x682.jpg 1024w\" sizes=\"(max-width: 1772px) 100vw, 1772px\" \/><\/a><\/p>\n<h2 style=\"text-align: center;\"><span style=\"color: #000080;\"><strong>*** 2019 ***<\/strong><\/span><\/h2>\n<h2 style=\"text-align: center;\"><a href=\"http:\/\/www.x-party.hu\/yk\/diakvallforum\/wp-content\/uploads\/2019\/04\/euexpo-terv-a1.jpg\"><img decoding=\"async\" loading=\"lazy\" class=\"aligncenter size-full wp-image-2148\" src=\"http:\/\/www.x-party.hu\/yk\/diakvallforum\/wp-content\/uploads\/2019\/04\/euexpo-terv-a1.jpg\" alt=\"\" width=\"1134\" height=\"756\" srcset=\"http:\/\/www.x-party.hu\/yk\/diakvallforum\/wp-content\/uploads\/2019\/04\/euexpo-terv-a1.jpg 1134w, http:\/\/www.x-party.hu\/yk\/diakvallforum\/wp-content\/uploads\/2019\/04\/euexpo-terv-a1-300x200.jpg 300w, http:\/\/www.x-party.hu\/yk\/diakvallforum\/wp-content\/uploads\/2019\/04\/euexpo-terv-a1-768x512.jpg 768w, http:\/\/www.x-party.hu\/yk\/diakvallforum\/wp-content\/uploads\/2019\/04\/euexpo-terv-a1-1024x683.jpg 1024w\" sizes=\"(max-width: 1134px) 100vw, 1134px\" \/><\/a><\/h2>\n<p style=\"text-align: center;\">*<\/p>\n<p style=\"text-align: center;\"><a href=\"http:\/\/www.x-party.hu\/yk\/diakvallforum\/wp-content\/uploads\/2019\/08\/before-party.jpg\"><img decoding=\"async\" loading=\"lazy\" class=\"aligncenter size-full wp-image-2312\" src=\"http:\/\/www.x-party.hu\/yk\/diakvallforum\/wp-content\/uploads\/2019\/08\/before-party.jpg\" alt=\"\" width=\"945\" height=\"189\" srcset=\"http:\/\/www.x-party.hu\/yk\/diakvallforum\/wp-content\/uploads\/2019\/08\/before-party.jpg 945w, http:\/\/www.x-party.hu\/yk\/diakvallforum\/wp-content\/uploads\/2019\/08\/before-party-300x60.jpg 300w, http:\/\/www.x-party.hu\/yk\/diakvallforum\/wp-content\/uploads\/2019\/08\/before-party-768x154.jpg 768w\" sizes=\"(max-width: 945px) 100vw, 945px\" \/><\/a><\/p>\n<h3 style=\"text-align: center;\"><strong>***<\/strong><\/h3>\n<p style=\"text-align: center;\"><a href=\"http:\/\/www.x-party.hu\/yk\/diakvallforum\/wp-content\/uploads\/2019\/05\/eu-expo-klub-2019-05-12.jpg\"><img decoding=\"async\" loading=\"lazy\" class=\"aligncenter wp-image-2212 size-full\" src=\"http:\/\/www.x-party.hu\/yk\/diakvallforum\/wp-content\/uploads\/2019\/05\/eu-expo-klub-2019-05-12.jpg\" alt=\"\" width=\"945\" height=\"189\" srcset=\"http:\/\/www.x-party.hu\/yk\/diakvallforum\/wp-content\/uploads\/2019\/05\/eu-expo-klub-2019-05-12.jpg 945w, http:\/\/www.x-party.hu\/yk\/diakvallforum\/wp-content\/uploads\/2019\/05\/eu-expo-klub-2019-05-12-300x60.jpg 300w, http:\/\/www.x-party.hu\/yk\/diakvallforum\/wp-content\/uploads\/2019\/05\/eu-expo-klub-2019-05-12-768x154.jpg 768w\" sizes=\"(max-width: 945px) 100vw, 945px\" \/><\/a><\/p>\n<h3 style=\"text-align: center;\"><strong>*<\/strong><\/h3>\n<h3 style=\"text-align: center;\"><strong>*** 2018 ***<\/strong><\/h3>\n<p style=\"text-align: center;\"><a href=\"http:\/\/euexpo.eu\/\" target=\"_blank\" rel=\"noopener noreferrer\"><img decoding=\"async\" loading=\"lazy\" class=\"aligncenter size-large wp-image-2030\" src=\"http:\/\/www.x-party.hu\/yk\/diakvallforum\/wp-content\/uploads\/2018\/07\/eu-expo-megh-kom-2018-09-12-683x1024.jpg\" alt=\"\" width=\"640\" height=\"960\" srcset=\"http:\/\/www.x-party.hu\/yk\/diakvallforum\/wp-content\/uploads\/2018\/07\/eu-expo-megh-kom-2018-09-12-683x1024.jpg 683w, http:\/\/www.x-party.hu\/yk\/diakvallforum\/wp-content\/uploads\/2018\/07\/eu-expo-megh-kom-2018-09-12-200x300.jpg 200w, http:\/\/www.x-party.hu\/yk\/diakvallforum\/wp-content\/uploads\/2018\/07\/eu-expo-megh-kom-2018-09-12-768x1152.jpg 768w, http:\/\/www.x-party.hu\/yk\/diakvallforum\/wp-content\/uploads\/2018\/07\/eu-expo-megh-kom-2018-09-12.jpg 1181w\" sizes=\"(max-width: 640px) 100vw, 640px\" \/><\/a><\/p>\n<p style=\"text-align: center;\"><strong>*****<\/strong><\/p>\n<p style=\"text-align: center;\"><img decoding=\"async\" loading=\"lazy\" class=\"aligncenter size-large wp-image-1808\" src=\"http:\/\/www.x-party.hu\/yk\/diakvallforum\/wp-content\/uploads\/2018\/01\/evnyito-party-2018-01-29-1024x768.jpg\" alt=\"\" width=\"1024\" height=\"768\" srcset=\"http:\/\/www.x-party.hu\/yk\/diakvallforum\/wp-content\/uploads\/2018\/01\/evnyito-party-2018-01-29-1024x768.jpg 1024w, http:\/\/www.x-party.hu\/yk\/diakvallforum\/wp-content\/uploads\/2018\/01\/evnyito-party-2018-01-29-300x225.jpg 300w, http:\/\/www.x-party.hu\/yk\/diakvallforum\/wp-content\/uploads\/2018\/01\/evnyito-party-2018-01-29-768x576.jpg 768w, http:\/\/www.x-party.hu\/yk\/diakvallforum\/wp-content\/uploads\/2018\/01\/evnyito-party-2018-01-29.jpg 1344w\" sizes=\"(max-width: 1024px) 100vw, 1024px\" \/><\/p>\n<p style=\"text-align: center;\"><strong>EU-EXPO 2018. X. 9-15.<\/strong><\/p>\n<h4 style=\"text-align: center;\"><strong><a href=\"http:\/\/euexpo.eu\/\" target=\"_blank\" rel=\"noopener noreferrer\"><img decoding=\"async\" loading=\"lazy\" class=\"aligncenter wp-image-1789 size-large\" src=\"http:\/\/www.x-party.hu\/yk\/diakvallforum\/wp-content\/uploads\/2017\/12\/eu-expo-b12-2018-1024x724.jpg\" alt=\"\" width=\"630\" height=\"445\" srcset=\"http:\/\/www.x-party.hu\/yk\/diakvallforum\/wp-content\/uploads\/2017\/12\/eu-expo-b12-2018-1024x724.jpg 1024w, http:\/\/www.x-party.hu\/yk\/diakvallforum\/wp-content\/uploads\/2017\/12\/eu-expo-b12-2018-300x212.jpg 300w, http:\/\/www.x-party.hu\/yk\/diakvallforum\/wp-content\/uploads\/2017\/12\/eu-expo-b12-2018-768x543.jpg 768w, http:\/\/www.x-party.hu\/yk\/diakvallforum\/wp-content\/uploads\/2017\/12\/eu-expo-b12-2018.jpg 1754w\" sizes=\"(max-width: 630px) 100vw, 630px\" \/><\/a>******<\/strong><\/h4>\n<p style=\"text-align: center;\"><strong>A 2017-es EU-EXPO m\u00e9g mikroverzi\u00f3ja az igazi nagynak. A tervek megvitat\u00e1sa a l\u00e9nyeg. A szervez\u00e9s menet\u00e9nek kidolgoz\u00e1sa ut\u00e1n k\u00f6vetkezik a hat\u00e9kony, sikeres megval\u00f3s\u00edt\u00e1s 2018 okt\u00f3ber\u00e9ben.<\/strong><\/p>\n<p style=\"text-align: center;\"><img decoding=\"async\" loading=\"lazy\" class=\"aligncenter size-large wp-image-1744\" src=\"http:\/\/www.x-party.hu\/yk\/diakvallforum\/wp-content\/uploads\/2016\/10\/eu-expo-alap2-2017-1024x683.jpg\" alt=\"\" width=\"640\" height=\"427\" srcset=\"http:\/\/www.x-party.hu\/yk\/diakvallforum\/wp-content\/uploads\/2016\/10\/eu-expo-alap2-2017-1024x683.jpg 1024w, http:\/\/www.x-party.hu\/yk\/diakvallforum\/wp-content\/uploads\/2016\/10\/eu-expo-alap2-2017-300x200.jpg 300w, http:\/\/www.x-party.hu\/yk\/diakvallforum\/wp-content\/uploads\/2016\/10\/eu-expo-alap2-2017-768x512.jpg 768w, http:\/\/www.x-party.hu\/yk\/diakvallforum\/wp-content\/uploads\/2016\/10\/eu-expo-alap2-2017.jpg 1134w\" sizes=\"(max-width: 640px) 100vw, 640px\" \/><\/p>\n<p style=\"text-align: center;\"><img decoding=\"async\" loading=\"lazy\" class=\"aligncenter size-large wp-image-1608\" src=\"http:\/\/www.x-party.hu\/yk\/diakvallforum\/wp-content\/uploads\/2016\/10\/euex-2017-3-3-c1-1024x683.jpg\" alt=\"\" width=\"640\" height=\"427\" srcset=\"http:\/\/www.x-party.hu\/yk\/diakvallforum\/wp-content\/uploads\/2016\/10\/euex-2017-3-3-c1-1024x683.jpg 1024w, http:\/\/www.x-party.hu\/yk\/diakvallforum\/wp-content\/uploads\/2016\/10\/euex-2017-3-3-c1-300x200.jpg 300w, http:\/\/www.x-party.hu\/yk\/diakvallforum\/wp-content\/uploads\/2016\/10\/euex-2017-3-3-c1-768x512.jpg 768w, http:\/\/www.x-party.hu\/yk\/diakvallforum\/wp-content\/uploads\/2016\/10\/euex-2017-3-3-c1.jpg 1134w\" sizes=\"(max-width: 640px) 100vw, 640px\" \/><\/p>\n<p style=\"text-align: center;\"><img decoding=\"async\" loading=\"lazy\" class=\"aligncenter wp-image-1531 size-large\" src=\"http:\/\/www.x-party.hu\/yk\/diakvallforum\/wp-content\/uploads\/2016\/10\/euexpo-klub-11-15-1024x683.jpg\" width=\"640\" height=\"427\" srcset=\"http:\/\/www.x-party.hu\/yk\/diakvallforum\/wp-content\/uploads\/2016\/10\/euexpo-klub-11-15-1024x683.jpg 1024w, http:\/\/www.x-party.hu\/yk\/diakvallforum\/wp-content\/uploads\/2016\/10\/euexpo-klub-11-15-300x200.jpg 300w, http:\/\/www.x-party.hu\/yk\/diakvallforum\/wp-content\/uploads\/2016\/10\/euexpo-klub-11-15-768x512.jpg 768w, http:\/\/www.x-party.hu\/yk\/diakvallforum\/wp-content\/uploads\/2016\/10\/euexpo-klub-11-15.jpg 1134w\" sizes=\"(max-width: 640px) 100vw, 640px\" \/><\/p>\n<p style=\"text-align: center;\"><strong>******<\/strong><\/p>\n<p style=\"text-align: center;\"><img decoding=\"async\" loading=\"lazy\" class=\"aligncenter size-large wp-image-1521\" src=\"http:\/\/www.x-party.hu\/yk\/diakvallforum\/wp-content\/uploads\/2016\/10\/eu-expo-klubok-2016-10-20-1024x683.jpg\" alt=\"eu-expo-klubok-2016-10-20\" width=\"640\" height=\"427\" srcset=\"http:\/\/www.x-party.hu\/yk\/diakvallforum\/wp-content\/uploads\/2016\/10\/eu-expo-klubok-2016-10-20-1024x683.jpg 1024w, http:\/\/www.x-party.hu\/yk\/diakvallforum\/wp-content\/uploads\/2016\/10\/eu-expo-klubok-2016-10-20-300x200.jpg 300w, http:\/\/www.x-party.hu\/yk\/diakvallforum\/wp-content\/uploads\/2016\/10\/eu-expo-klubok-2016-10-20-768x512.jpg 768w, http:\/\/www.x-party.hu\/yk\/diakvallforum\/wp-content\/uploads\/2016\/10\/eu-expo-klubok-2016-10-20.jpg 1134w\" sizes=\"(max-width: 640px) 100vw, 640px\" \/><\/p>\n<p><a href=\"http:\/\/euexpo.eu\/\" target=\"_blank\" rel=\"noopener noreferrer\"><img decoding=\"async\" loading=\"lazy\" class=\"aligncenter size-large wp-image-1512\" src=\"http:\/\/www.x-party.hu\/yk\/diakvallforum\/wp-content\/uploads\/2016\/10\/eu-expo-design-a29192-1024x683.jpg\" alt=\"eu-expo-design-a29192\" width=\"640\" height=\"427\" srcset=\"http:\/\/www.x-party.hu\/yk\/diakvallforum\/wp-content\/uploads\/2016\/10\/eu-expo-design-a29192-1024x683.jpg 1024w, http:\/\/www.x-party.hu\/yk\/diakvallforum\/wp-content\/uploads\/2016\/10\/eu-expo-design-a29192-300x200.jpg 300w, http:\/\/www.x-party.hu\/yk\/diakvallforum\/wp-content\/uploads\/2016\/10\/eu-expo-design-a29192-768x512.jpg 768w, http:\/\/www.x-party.hu\/yk\/diakvallforum\/wp-content\/uploads\/2016\/10\/eu-expo-design-a29192.jpg 1134w\" sizes=\"(max-width: 640px) 100vw, 640px\" \/><\/a><\/p>\n<p><a href=\"http:\/\/eu-expo.eu\/index.html\" target=\"_blank\" rel=\"noopener noreferrer\"><img decoding=\"async\" loading=\"lazy\" class=\"aligncenter size-large wp-image-1513\" src=\"http:\/\/www.x-party.hu\/yk\/diakvallforum\/wp-content\/uploads\/2016\/10\/eu-expo-forumkonf-alap-2017-1024x683.jpg\" alt=\"eu-expo-forumkonf-alap-2017\" width=\"640\" height=\"427\" srcset=\"http:\/\/www.x-party.hu\/yk\/diakvallforum\/wp-content\/uploads\/2016\/10\/eu-expo-forumkonf-alap-2017-1024x683.jpg 1024w, http:\/\/www.x-party.hu\/yk\/diakvallforum\/wp-content\/uploads\/2016\/10\/eu-expo-forumkonf-alap-2017-300x200.jpg 300w, http:\/\/www.x-party.hu\/yk\/diakvallforum\/wp-content\/uploads\/2016\/10\/eu-expo-forumkonf-alap-2017-768x512.jpg 768w, http:\/\/www.x-party.hu\/yk\/diakvallforum\/wp-content\/uploads\/2016\/10\/eu-expo-forumkonf-alap-2017.jpg 1134w\" sizes=\"(max-width: 640px) 100vw, 640px\" \/><\/a><\/p>\n","protected":false},"excerpt":{"rendered":"<p>Az 1988-ban alap\u00edtott \u00e9s sikeresen m\u0171k\u00f6d\u0151 V\u00e1llalkoz\u00f3k Klubja 2021 december\u00e9ben reinkarn\u00e1lt az EU-EXPO Klubba. 2022-t\u0151l ezt aktiviz\u00e1ljuk, fejlesztj\u00fck, szervezz\u00fck intenz\u00edven. ***** A Di\u00e1kok \u00e9s V\u00e1llalkoz\u00f3k F\u00f3ruma is csatlakozik a nagyszer\u0171 &hellip; <\/p>\n<p><a href=\"http:\/\/www.x-party.hu\/yk\/diakvallforum\/?page_id=1511\" class=\"btn btn-readmore\">Read More <span class=\"screen-reader-text\"> &#8222;EU-EXPO&#8221;<\/span><\/a><\/p>\n","protected":false},"author":1,"featured_media":0,"parent":0,"menu_order":1,"comment_status":"closed","ping_status":"closed","template":"","meta":[],"_links":{"self":[{"href":"http:\/\/www.x-party.hu\/yk\/diakvallforum\/index.php?rest_route=\/wp\/v2\/pages\/1511"}],"collection":[{"href":"http:\/\/www.x-party.hu\/yk\/diakvallforum\/index.php?rest_route=\/wp\/v2\/pages"}],"about":[{"href":"http:\/\/www.x-party.hu\/yk\/diakvallforum\/index.php?rest_route=\/wp\/v2\/types\/page"}],"author":[{"embeddable":true,"href":"http:\/\/www.x-party.hu\/yk\/diakvallforum\/index.php?rest_route=\/wp\/v2\/users\/1"}],"replies":[{"embeddable":true,"href":"http:\/\/www.x-party.hu\/yk\/diakvallforum\/index.php?rest_route=%2Fwp%2Fv2%2Fcomments&post=1511"}],"version-history":[{"count":48,"href":"http:\/\/www.x-party.hu\/yk\/diakvallforum\/index.php?rest_route=\/wp\/v2\/pages\/1511\/revisions"}],"predecessor-version":[{"id":3415,"href":"http:\/\/www.x-party.hu\/yk\/diakvallforum\/index.php?rest_route=\/wp\/v2\/pages\/1511\/revisions\/3415"}],"wp:attachment":[{"href":"http:\/\/www.x-party.hu\/yk\/diakvallforum\/index.php?rest_route=%2Fwp%2Fv2%2Fmedia&parent=1511"}],"curies":[{"name":"wp","href":"https:\/\/api.w.org\/{rel}","templated":true}]}}