{"id":1257,"date":"2015-12-31T13:42:23","date_gmt":"2015-12-31T13:42:23","guid":{"rendered":"http:\/\/www.x-party.hu\/yk\/diakvallforum\/?page_id=1257"},"modified":"2026-04-15T18:03:11","modified_gmt":"2026-04-15T18:03:11","slug":"vallalkozok-klubja","status":"publish","type":"page","link":"http:\/\/www.x-party.hu\/yk\/diakvallforum\/?page_id=1257","title":{"rendered":"V\u00e1llalkoz\u00f3k Klubja"},"content":{"rendered":"<p><span style=\"text-decoration: underline;\"><strong>\u00dagy d\u00f6nt\u00f6tt\u00fcnk, hogy az 1988-ban alap\u00edtott V\u00e1llalkoz\u00f3k Klubj\u00e1t reinkarn\u00e1ljuk az EU-EXPO Klubunkba * 2021. december 23.<\/strong><\/span><br \/>\nNagy fejl\u0151d\u00e9si lehet\u0151s\u00e9get jelent ez a v\u00e1llalkoz\u00f3i szf\u00e9r\u00e1nak \u00e9s a di\u00e1ks\u00e1gnak is, ami m\u00e1r j\u00f3l m\u0171k\u00f6dik, de itt az ideje egy \u00faj dimenzi\u00f3 l\u00e9trehoz\u00e1s\u00e1nak.<\/p>\n<p style=\"text-align: center;\"><strong>*****<\/strong><\/p>\n<p><span style=\"text-decoration: underline;\"><strong>Okt\u00f3berben \u00fajra, V\u00e1llalkoz\u00f3k Klubja!<\/strong> <\/span>&#8211; Az EU-EXPO Megnyit\u00f3 partij\u00e1t tartjuk 2022. X. 11-\u00e9n a Szamos Marcip\u00e1n VIP szalonj\u00e1ban, a V\u00f6r\u00f6smarty t\u00e9ren.\u00a0 Sz\u00f3 lesz a Sz\u00e9ps\u00e9g Vil\u00e1gnapj\u00e1r\u00f3l &#8211; X. 14.-\u00e9n tartjuk \u00e9s a Testv\u00e9r-fesztiv\u00e1lok F\u00f3rum\u00e1r\u00f3l, amit X. 15-\u00e9n tartunk a Lurdy Konferenci\u00e1ban. Persze, sz\u00f3rakozunk is, lesz Lutrimusz-kaszin\u00f3.<\/p>\n<p><strong>***<br \/>\nA TesTudaT Konferenci\u00e1ra, m\u00e1rcius 25-\u00e9n, megh\u00edvjuk a r\u00e9gi klubtagjainkat is, \u00e9s \u00faj partnerek, v\u00e1llalkoz\u00f3k beszervez\u00e9s\u00e9re is f\u00f3kusz\u00e1lunk.<br \/>\n****<br \/>\nAz \u00c9vnyit\u00f3-partinkon, 2021. 01. 21-\u00e9n meg\u00fcnnepelj\u00fck a V\u00e1llalkoz\u00f3k Klubj\u00e1nak h\u00e1rom \u00e9vtizedes tev\u00e9kenys\u00e9g\u00e9t is.<br \/>\n****<br \/>\nA v\u00e1llalkoz\u00f3k Klubj\u00e1t 1988. december 3-\u00e1n, a n\u00e9pligeti Jurta sz\u00ednh\u00e1zban szervezt\u00fck meg el\u0151sz\u00f6r. Vend\u00e9g\u00fcnk volt a Celladam f\u0151n\u00f6ke, Kov\u00e1cs \u00c1d\u00e1m.<\/strong><\/p>\n<p style=\"text-align: center;\"><strong>***<\/strong><\/p>\n<p style=\"text-align: left;\"><strong>A v\u00e1llalkoz\u00f3i szf\u00e9ra tov\u00e1bbfejleszt\u00e9sek\u00e9nt megalkottuk az X-party sziszt\u00e9m\u00e1nkat 1999-ben. A fejl\u0151d\u00e9snek \u00faj dimenzi\u00f3it nyert\u00fck ez\u00e1ltal.<br \/>\nAz X-party l\u00e9nyege: &#8222;Konstrukt\u00edvan egy\u00fcttm\u0171k\u00f6d\u0151, t\u00e9ma-orient\u00e1lt inform\u00e1lis csoport&#8221;.<\/strong><\/p>\n<p style=\"text-align: center;\"><strong>***<\/strong><\/p>\n<p><strong>1989-ben a Feh\u00e9rv\u00e1ri \u00faton, a VSZM M\u0171vel\u0151d\u00e9si H\u00e1zban szervezt\u00fck meg havonta a V\u00e1llalkoz\u00f3k Klubj\u00e1t. Vend\u00e9geink voltak t\u00f6bbek k\u00f6z\u00f6tt Palot\u00e1s J\u00e1nos, a VOSZ alap\u00edt\u00f3ja, Sz\u00e9k\u00e1cs Anna az APEH eln\u00f6ke is.<\/strong><\/p>\n<p style=\"text-align: center;\"><strong>*****<\/strong><\/p>\n<p><strong>1989. okt\u00f3ber 10-\u00e9n a F\u00e9szek M\u0171vel\u0151d\u00e9si K\u00f6zpontban nagy sikerrel tartottunk klubesteket. H\u00e1ziasszonyunk a sz\u00e9ps\u00e9ges Zsila \u00c1gnes volt. Domj\u00e1n Laci is el\u0151ad\u00e1st tartott az Agykontrollr\u00f3l.<\/strong><\/p>\n<p style=\"text-align: center;\"><strong>*****<\/strong><\/p>\n<p><strong>1989. december 29-\u00e9n kiemelked\u0151 sikerrel megszervezt\u00fck a V\u00e1llalkoz\u00f3k El\u0151szilveszteri b\u00e1lj\u00e1t a Feh\u00e9r H\u00e1zban, az MSZP sz\u00e9kh\u00e1z\u00e1ban (ma k\u00e9pvisel\u0151i irodah\u00e1z). A m\u0171sor 4 \u00e9s f\u00e9l \u00f3r\u00e1s volt. Azut\u00e1n az Old Boys egy\u00fcttes zen\u00e9j\u00e9re t\u00e1ncolhattunk. Fantasztikus \u00e9lm\u00e9ny volt a nyolcsz\u00e1z vend\u00e9g\u00fcnknek!<\/strong><\/p>\n<p style=\"text-align: center;\"><strong>*****<\/strong><\/p>\n<p><strong>1990 nyar\u00e1n felvett\u00fck a kapcsolatot a Szovjet Kult\u00fara \u00e9s Tudom\u00e1ny H\u00e1za igazgat\u00f3j\u00e1val, Vaskeb\u00e1val, \u00e9s Valerij Vasziljevvel. Hatalmas fejl\u0151d\u00e9snek indultunk!<br \/>\nA szovjet tud\u00f3sok, szak\u00e9rt\u0151k seg\u00edts\u00e9g\u00e9vel elterjesztett\u00fck a term\u00e9szetgy\u00f3gy\u00e1szatot \u00e9s az ezot\u00e9ria \u00e9rt\u00e9keit, k\u00fcl\u00f6nlegess\u00e9geit Magyarorsz\u00e1gon.<br \/>\nL\u00e9trehoztuk a P\u00e9czely Ign\u00e1c \u00cdriszk\u00f6zpontot A. M. Kotlarszkij professzor szakmai v\u00e9dn\u00f6ks\u00e9g\u00e9vel. Az \u00edriszdiagnosztika tudom\u00e1ny\u00e1t is \u00fajra meghonos\u00edtottuk Magyarorsz\u00e1gon.<br \/>\nKifejlesztett\u00fck az \u00d6ntiszt\u00edt\u00f3 medit\u00e1ci\u00f3t &#8211; stresszmentes\u00edt\u0151 \u00e9s reinkarn\u00e1ci\u00f3s m\u00f3dszer\u00fcnk seg\u00edts\u00e9g\u00e9vel sokan meggy\u00f3gyultak, fejl\u0151dtek.<\/strong><\/p>\n<p style=\"text-align: center;\"><strong>*****<\/strong><\/p>\n<p><strong>A V\u00e1llalkoz\u00f3k klubj\u00e1t egyes\u00fclett\u00e9 alak\u00edtottuk 1991-ben. Az egyes\u00fclet eln\u00f6ke Ujhelyi S\u00e1ndor lett. Alap\u00edt\u00f3 f\u0151titk\u00e1r: Szilv\u00e1sy P\u00e9ter.<\/strong><\/p>\n<p><strong>Az Yrisz Klubot 1991 szeptember\u00e9ben ind\u00edtottuk, kiemelt t\u00e9m\u00e1ink k\u00f6z\u00e9 tartozott az \u00edriszdiagnosztika, a grafol\u00f3gia, az \u0151si okkult ismeretek, a term\u00e9szetes gy\u00f3gym\u00f3dok, a technikai \u00fajdons\u00e1gok \u00e9s a b\u00e1lok szervez\u00e9se.<\/strong><\/p>\n<p style=\"text-align: center;\"><strong>*****<\/strong><\/p>\n<p><strong>A Di\u00e1kok \u00e9s V\u00e1llalkoz\u00f3k F\u00f3rum\u00e1t &#8211; a k\u00e9t szf\u00e9ra konstrukt\u00edv egy\u00fcttm\u0171k\u00f6d\u00e9se \u00e9rdek\u00e9ben kezdem\u00e9nyezt\u00fck, 2011-ben.<br \/>\nAz els\u0151 f\u00f3rumunkat az I. Magyar Vil\u00e1gtal\u00e1lkoz\u00f3n, Balatonlell\u00e9n, 2011. j\u00falius 3-\u00e1n szervezt\u00fck meg.<\/strong><\/p>\n<p style=\"text-align: center;\"><strong>*****<\/strong><\/p>\n<p><strong>A V\u00e1llalkoz\u00f3k Klubja teljes\u00edtette legf\u0151bb k\u00fcldet\u00e9s\u00e9t, a v\u00e1llalkoz\u00f3i szf\u00e9ra l\u00e9trehoz\u00e1s\u00e1t \u00e9s felfejleszt\u00e9s\u00e9t. <span style=\"color: #0000ff;\">Az alap\u00edt\u00f3 d\u00f6nt\u00e9se \u00e9rtelm\u00e9ben\u00a0<\/span><\/strong><span style=\"color: #0000ff;\"><strong>a V\u00e1llalkoz\u00f3k Klubja\u00a0<\/strong><\/span><strong><span style=\"color: #0000ff;\">az EU-EXPO Klubba reinkarn\u00e1lt\u00a0 2017 okt\u00f3ber\u00e9t\u0151l. Az EU-EXP\u00d3t X-party 1 sziszt\u00e9m\u00e1ban szervezz\u00fck.<\/span> Kiemelten fontos feladatunk az Eur\u00f3pai Uni\u00f3 \u00e9s a nemzetk\u00f6zi egy\u00fcttm\u0171k\u00f6d\u00e9s fejleszt\u00e9se. Az angyalokkal val\u00f3 j\u00f3 kapcsolatainkat is fejlesztj\u00fck &#8211; c\u00e9ltudatosan, t\u00e9ma-orient\u00e1ltan is.<\/strong><\/p>\n<p><strong> Szilv\u00e1sy P\u00e9ter alap\u00edt\u00f3<\/strong><\/p>\n<p style=\"text-align: left;\"><strong>Budapest, 2018. 05. 07. * 2020-11-22 * 12-09 * 2021-10-03 * 2025-11-25 * 2026-04-15<\/strong><\/p>\n<p style=\"text-align: center;\"><strong>*****<\/strong><\/p>\n<p style=\"text-align: center;\"><img decoding=\"async\" loading=\"lazy\" class=\"aligncenter size-full wp-image-1952\" src=\"http:\/\/www.x-party.hu\/yk\/diakvallforum\/wp-content\/uploads\/2018\/05\/eu-expo-klub-2018-04-14.jpg\" alt=\"\" width=\"945\" height=\"189\" srcset=\"http:\/\/www.x-party.hu\/yk\/diakvallforum\/wp-content\/uploads\/2018\/05\/eu-expo-klub-2018-04-14.jpg 945w, http:\/\/www.x-party.hu\/yk\/diakvallforum\/wp-content\/uploads\/2018\/05\/eu-expo-klub-2018-04-14-300x60.jpg 300w, http:\/\/www.x-party.hu\/yk\/diakvallforum\/wp-content\/uploads\/2018\/05\/eu-expo-klub-2018-04-14-768x154.jpg 768w\" sizes=\"(max-width: 945px) 100vw, 945px\" \/><\/p>\n<p style=\"text-align: center;\"><img decoding=\"async\" loading=\"lazy\" class=\"aligncenter size-full wp-image-1951\" src=\"http:\/\/www.x-party.hu\/yk\/diakvallforum\/wp-content\/uploads\/2018\/05\/eu-expo-klub-2018-4.jpg\" alt=\"\" width=\"945\" height=\"189\" srcset=\"http:\/\/www.x-party.hu\/yk\/diakvallforum\/wp-content\/uploads\/2018\/05\/eu-expo-klub-2018-4.jpg 945w, http:\/\/www.x-party.hu\/yk\/diakvallforum\/wp-content\/uploads\/2018\/05\/eu-expo-klub-2018-4-300x60.jpg 300w, http:\/\/www.x-party.hu\/yk\/diakvallforum\/wp-content\/uploads\/2018\/05\/eu-expo-klub-2018-4-768x154.jpg 768w\" sizes=\"(max-width: 945px) 100vw, 945px\" \/><\/p>\n<p style=\"text-align: center;\"><img decoding=\"async\" loading=\"lazy\" class=\"aligncenter size-full wp-image-1538\" src=\"http:\/\/www.x-party.hu\/yk\/diakvallforum\/wp-content\/uploads\/2015\/12\/magyaroroszforum.jpg\" alt=\"magyaroroszforum\" width=\"945\" height=\"189\" srcset=\"http:\/\/www.x-party.hu\/yk\/diakvallforum\/wp-content\/uploads\/2015\/12\/magyaroroszforum.jpg 945w, http:\/\/www.x-party.hu\/yk\/diakvallforum\/wp-content\/uploads\/2015\/12\/magyaroroszforum-300x60.jpg 300w, http:\/\/www.x-party.hu\/yk\/diakvallforum\/wp-content\/uploads\/2015\/12\/magyaroroszforum-768x154.jpg 768w\" sizes=\"(max-width: 945px) 100vw, 945px\" \/><\/p>\n<p style=\"text-align: center;\"><img decoding=\"async\" loading=\"lazy\" class=\"aligncenter size-full wp-image-1537\" src=\"http:\/\/www.x-party.hu\/yk\/diakvallforum\/wp-content\/uploads\/2015\/12\/pmp-11-16.jpg\" alt=\"pmp-11-16\" width=\"945\" height=\"189\" srcset=\"http:\/\/www.x-party.hu\/yk\/diakvallforum\/wp-content\/uploads\/2015\/12\/pmp-11-16.jpg 945w, http:\/\/www.x-party.hu\/yk\/diakvallforum\/wp-content\/uploads\/2015\/12\/pmp-11-16-300x60.jpg 300w, http:\/\/www.x-party.hu\/yk\/diakvallforum\/wp-content\/uploads\/2015\/12\/pmp-11-16-768x154.jpg 768w\" sizes=\"(max-width: 945px) 100vw, 945px\" \/><\/p>\n<p><a href=\"http:\/\/euexpo.eu\/?page_id=301\" target=\"_blank\" rel=\"noopener noreferrer\"><img decoding=\"async\" loading=\"lazy\" class=\"aligncenter size-full wp-image-1483\" src=\"http:\/\/www.x-party.hu\/yk\/diakvallforum\/wp-content\/uploads\/2015\/12\/euexpoklub-20-09-29.jpg\" alt=\"euexpoklub-20-09-29\" width=\"945\" height=\"189\" srcset=\"http:\/\/www.x-party.hu\/yk\/diakvallforum\/wp-content\/uploads\/2015\/12\/euexpoklub-20-09-29.jpg 945w, http:\/\/www.x-party.hu\/yk\/diakvallforum\/wp-content\/uploads\/2015\/12\/euexpoklub-20-09-29-300x60.jpg 300w, http:\/\/www.x-party.hu\/yk\/diakvallforum\/wp-content\/uploads\/2015\/12\/euexpoklub-20-09-29-768x154.jpg 768w\" sizes=\"(max-width: 945px) 100vw, 945px\" \/><\/a><\/p>\n<p><img decoding=\"async\" loading=\"lazy\" class=\"aligncenter size-full wp-image-1406\" src=\"http:\/\/www.x-party.hu\/yk\/diakvallforum\/wp-content\/uploads\/2015\/12\/euexpoklub-06-25.jpg\" alt=\"euexpoklub-06-25\" width=\"945\" height=\"189\" srcset=\"http:\/\/www.x-party.hu\/yk\/diakvallforum\/wp-content\/uploads\/2015\/12\/euexpoklub-06-25.jpg 945w, http:\/\/www.x-party.hu\/yk\/diakvallforum\/wp-content\/uploads\/2015\/12\/euexpoklub-06-25-300x60.jpg 300w, http:\/\/www.x-party.hu\/yk\/diakvallforum\/wp-content\/uploads\/2015\/12\/euexpoklub-06-25-768x154.jpg 768w\" sizes=\"(max-width: 945px) 100vw, 945px\" \/><\/p>\n<p><img decoding=\"async\" loading=\"lazy\" class=\"aligncenter size-full wp-image-1258\" src=\"http:\/\/www.x-party.hu\/yk\/diakvallforum\/wp-content\/uploads\/2015\/12\/vke-jan.jpg\" alt=\"vke-jan\" width=\"945\" height=\"189\" srcset=\"http:\/\/www.x-party.hu\/yk\/diakvallforum\/wp-content\/uploads\/2015\/12\/vke-jan.jpg 945w, http:\/\/www.x-party.hu\/yk\/diakvallforum\/wp-content\/uploads\/2015\/12\/vke-jan-300x60.jpg 300w, http:\/\/www.x-party.hu\/yk\/diakvallforum\/wp-content\/uploads\/2015\/12\/vke-jan-768x154.jpg 768w\" sizes=\"(max-width: 945px) 100vw, 945px\" \/><\/p>\n","protected":false},"excerpt":{"rendered":"<p>\u00dagy d\u00f6nt\u00f6tt\u00fcnk, hogy az 1988-ban alap\u00edtott V\u00e1llalkoz\u00f3k Klubj\u00e1t reinkarn\u00e1ljuk az EU-EXPO Klubunkba * 2021. december 23. Nagy fejl\u0151d\u00e9si lehet\u0151s\u00e9get jelent ez a v\u00e1llalkoz\u00f3i szf\u00e9r\u00e1nak \u00e9s a di\u00e1ks\u00e1gnak is, ami m\u00e1r &hellip; <\/p>\n<p><a href=\"http:\/\/www.x-party.hu\/yk\/diakvallforum\/?page_id=1257\" class=\"btn btn-readmore\">Read More <span class=\"screen-reader-text\"> &#8222;V\u00e1llalkoz\u00f3k Klubja&#8221;<\/span><\/a><\/p>\n","protected":false},"author":1,"featured_media":0,"parent":0,"menu_order":5,"comment_status":"closed","ping_status":"closed","template":"","meta":[],"_links":{"self":[{"href":"http:\/\/www.x-party.hu\/yk\/diakvallforum\/index.php?rest_route=\/wp\/v2\/pages\/1257"}],"collection":[{"href":"http:\/\/www.x-party.hu\/yk\/diakvallforum\/index.php?rest_route=\/wp\/v2\/pages"}],"about":[{"href":"http:\/\/www.x-party.hu\/yk\/diakvallforum\/index.php?rest_route=\/wp\/v2\/types\/page"}],"author":[{"embeddable":true,"href":"http:\/\/www.x-party.hu\/yk\/diakvallforum\/index.php?rest_route=\/wp\/v2\/users\/1"}],"replies":[{"embeddable":true,"href":"http:\/\/www.x-party.hu\/yk\/diakvallforum\/index.php?rest_route=%2Fwp%2Fv2%2Fcomments&post=1257"}],"version-history":[{"count":22,"href":"http:\/\/www.x-party.hu\/yk\/diakvallforum\/index.php?rest_route=\/wp\/v2\/pages\/1257\/revisions"}],"predecessor-version":[{"id":3418,"href":"http:\/\/www.x-party.hu\/yk\/diakvallforum\/index.php?rest_route=\/wp\/v2\/pages\/1257\/revisions\/3418"}],"wp:attachment":[{"href":"http:\/\/www.x-party.hu\/yk\/diakvallforum\/index.php?rest_route=%2Fwp%2Fv2%2Fmedia&parent=1257"}],"curies":[{"name":"wp","href":"https:\/\/api.w.org\/{rel}","templated":true}]}}