{"id":1247,"date":"2015-12-29T10:28:42","date_gmt":"2015-12-29T10:28:42","guid":{"rendered":"http:\/\/www.x-party.hu\/yk\/diakvallforum\/?page_id=1247"},"modified":"2026-01-07T14:39:30","modified_gmt":"2026-01-07T14:39:30","slug":"a-szepseg-vilagnapja","status":"publish","type":"page","link":"http:\/\/www.x-party.hu\/yk\/diakvallforum\/?page_id=1247","title":{"rendered":"A Sz\u00e9ps\u00e9g Vil\u00e1gnapja X. 14."},"content":{"rendered":"<p style=\"text-align: center;\"><strong>A sz\u00e9ps\u00e9g a tiszta l\u00e9lek pomp\u00e1ja, a n\u0151i nem csod\u00e1latos var\u00e1zslata, meg\u00e9rdemli, hogy a Vil\u00e1g meg\u00fcnnepelje!<\/strong><\/p>\n<h3 style=\"text-align: center;\"><span style=\"text-decoration: underline;\"><strong>*** 2026 ***<\/strong><\/span><\/h3>\n<p>Id\u00e9n k\u00fcl\u00f6n\u00f6sen f\u00f3kusz\u00e1lunk a nemzetk\u00f6zi expanzi\u00f3nkra. Az \u00c9letm\u00f3d \u00e9s \u00c1sv\u00e1ny Exp\u00f3n megtan\u00e1cskozzuk az idei terv\u00fcnket. Megv\u00e1lasztjuk az EU-EXPO Sz\u00e9p\u00e9t is. A nemzetk\u00f6zi kapcsolatunk \u00e9p\u00edt\u00e9s\u00e9re is akci\u00f3zunk.<\/p>\n<p style=\"text-align: center;\">Terv\u00fcnk:<\/p>\n<p style=\"text-align: center;\"><a href=\"http:\/\/www.x-party.hu\/yk\/diakvallforum\/wp-content\/uploads\/2026\/01\/euexpo-aszvn-2026-y12.jpg\"><img decoding=\"async\" loading=\"lazy\" class=\"aligncenter size-large wp-image-3373\" src=\"http:\/\/www.x-party.hu\/yk\/diakvallforum\/wp-content\/uploads\/2026\/01\/euexpo-aszvn-2026-y12-768x1024.jpg\" alt=\"\" width=\"640\" height=\"853\" srcset=\"http:\/\/www.x-party.hu\/yk\/diakvallforum\/wp-content\/uploads\/2026\/01\/euexpo-aszvn-2026-y12-768x1024.jpg 768w, http:\/\/www.x-party.hu\/yk\/diakvallforum\/wp-content\/uploads\/2026\/01\/euexpo-aszvn-2026-y12-225x300.jpg 225w, http:\/\/www.x-party.hu\/yk\/diakvallforum\/wp-content\/uploads\/2026\/01\/euexpo-aszvn-2026-y12.jpg 886w\" sizes=\"(max-width: 640px) 100vw, 640px\" \/><\/a><\/p>\n<h3 style=\"text-align: center;\"><span style=\"text-decoration: underline;\"><strong>*** 2025 ***<\/strong><\/span><\/h3>\n<p>El\u0151sz\u00f6r 2003-ban szervezt\u00fck meg A Sz\u00e9ps\u00e9g Vil\u00e1gnapj\u00e1t, okt\u00f3ber 14-\u00e9n, az Yrisz Klub \u00e9s a L\u00e9lekkutat\u00f3 Int\u00e9zet \u00e9gisze alatt, a Magyarok H\u00e1z\u00e1ban.<br \/>\nA programunkban napk\u00f6zben Exp\u00f3, este pedig G\u00e1l\u00e1t szervez\u00fcnk a sz\u00e9ps\u00e9g istenn\u0151inek tisztelet\u00e9re. A m\u0171sorban a\u00a0Miss \u00cdrisz v\u00e1laszt\u00e1s d\u00f6nt\u0151j\u00e9re is sor ker\u00fcl.<\/p>\n<p style=\"text-align: left;\">A r\u00e9szleteket, a szervez\u00e9st az EU-EXPO Klubokon, az Eur\u00f3pai Fiatalok Sz\u00f6vets\u00e9ge \u00a0Aktivista Klubjain, a Di\u00e1kok \u00e9s V\u00e1llalkoz\u00f3k F\u00f3rum\u00e1n, Partner- \u00e9s M\u00e9dia-partinkon besz\u00e9lj\u00fck meg. Megt\u00e1rgyaljuk a nemzetk\u00f6zi expanzi\u00f3nk terv\u00e9t.<\/p>\n<p><a href=\"http:\/\/www.x-party.hu\/yk\/diakvallforum\/wp-content\/uploads\/2024\/10\/aszvna-2025-y12.jpg\"><img decoding=\"async\" loading=\"lazy\" class=\"aligncenter wp-image-3138 size-large\" src=\"http:\/\/www.x-party.hu\/yk\/diakvallforum\/wp-content\/uploads\/2024\/10\/aszvna-2025-y12-1024x768.jpg\" alt=\"\" width=\"640\" height=\"480\" srcset=\"http:\/\/www.x-party.hu\/yk\/diakvallforum\/wp-content\/uploads\/2024\/10\/aszvna-2025-y12-1024x768.jpg 1024w, http:\/\/www.x-party.hu\/yk\/diakvallforum\/wp-content\/uploads\/2024\/10\/aszvna-2025-y12-300x225.jpg 300w, http:\/\/www.x-party.hu\/yk\/diakvallforum\/wp-content\/uploads\/2024\/10\/aszvna-2025-y12-768x576.jpg 768w, http:\/\/www.x-party.hu\/yk\/diakvallforum\/wp-content\/uploads\/2024\/10\/aszvna-2025-y12.jpg 1344w\" sizes=\"(max-width: 640px) 100vw, 640px\" \/><\/a><\/p>\n<p style=\"text-align: left;\"><strong>C\u00e9lunk, hogy 2026-ban m\u00e1r t\u00e9nyleg vil\u00e1gm\u00e9ret\u0171v\u00e9 fejlesztj\u00fck a Sz\u00e9ps\u00e9g Vil\u00e1gnapj\u00e1t!<\/strong><br \/>\nEnnek \u00e9rdek\u00e9ben a terveinket bemutatjuk majd a nemzetk\u00f6zi illet\u00e9kes szervezeteknek is.<\/p>\n<p style=\"text-align: left;\">A vend\u00e9g-vil\u00e1gnapok mellett lesznek kiemelt orsz\u00e1gok, k\u00fcl\u00f6n standdal, m\u0171sorral.<br \/>\n<strong>A sz\u00e9ps\u00e9gverseny\u00fcnket, a Miss \u00cdrisz v\u00e1laszt\u00e1st is nemzetk\u00f6zi m\u00e9ret\u0171v\u00e9 fogjuk fejleszteni.<\/strong>\u00a0Az alapokat sikeresen leraktuk!<\/p>\n<p style=\"text-align: center;\"><strong>*<\/strong><\/p>\n<h3 style=\"text-align: center;\"><strong>*** 2024 ***<\/strong><\/h3>\n<p style=\"text-align: center;\"><a href=\"http:\/\/www.x-party.hu\/yk\/diakvallforum\/wp-content\/uploads\/2024\/08\/ASZVN-grafika-2023-y12345.jpg\"><img decoding=\"async\" loading=\"lazy\" class=\"aligncenter size-large wp-image-3108\" src=\"http:\/\/www.x-party.hu\/yk\/diakvallforum\/wp-content\/uploads\/2024\/08\/ASZVN-grafika-2023-y12345-1024x768.jpg\" alt=\"\" width=\"640\" height=\"480\" srcset=\"http:\/\/www.x-party.hu\/yk\/diakvallforum\/wp-content\/uploads\/2024\/08\/ASZVN-grafika-2023-y12345-1024x768.jpg 1024w, http:\/\/www.x-party.hu\/yk\/diakvallforum\/wp-content\/uploads\/2024\/08\/ASZVN-grafika-2023-y12345-300x225.jpg 300w, http:\/\/www.x-party.hu\/yk\/diakvallforum\/wp-content\/uploads\/2024\/08\/ASZVN-grafika-2023-y12345-768x576.jpg 768w, http:\/\/www.x-party.hu\/yk\/diakvallforum\/wp-content\/uploads\/2024\/08\/ASZVN-grafika-2023-y12345.jpg 1344w\" sizes=\"(max-width: 640px) 100vw, 640px\" \/><\/a><\/p>\n<p style=\"text-align: center;\"><strong>*** 2023 ***<\/strong><\/p>\n<p style=\"text-align: center;\"><a href=\"http:\/\/www.x-party.hu\/yk\/diakvallforum\/wp-content\/uploads\/2023\/02\/aszvn-2023-y01.jpg\"><img decoding=\"async\" loading=\"lazy\" class=\"aligncenter size-large wp-image-2920\" src=\"http:\/\/www.x-party.hu\/yk\/diakvallforum\/wp-content\/uploads\/2023\/02\/aszvn-2023-y01-1024x768.jpg\" alt=\"\" width=\"640\" height=\"480\" srcset=\"http:\/\/www.x-party.hu\/yk\/diakvallforum\/wp-content\/uploads\/2023\/02\/aszvn-2023-y01-1024x768.jpg 1024w, http:\/\/www.x-party.hu\/yk\/diakvallforum\/wp-content\/uploads\/2023\/02\/aszvn-2023-y01-300x225.jpg 300w, http:\/\/www.x-party.hu\/yk\/diakvallforum\/wp-content\/uploads\/2023\/02\/aszvn-2023-y01-768x576.jpg 768w, http:\/\/www.x-party.hu\/yk\/diakvallforum\/wp-content\/uploads\/2023\/02\/aszvn-2023-y01.jpg 1344w\" sizes=\"(max-width: 640px) 100vw, 640px\" \/><\/a><\/p>\n<p style=\"text-align: center;\"><strong>*** 2022 ***<\/strong><\/p>\n<p style=\"text-align: center;\"><a href=\"http:\/\/www.x-party.hu\/yk\/diakvallforum\/wp-content\/uploads\/2022\/02\/aszvn-2022-y12-1.jpg\"><img decoding=\"async\" loading=\"lazy\" class=\"aligncenter size-large wp-image-2830\" src=\"http:\/\/www.x-party.hu\/yk\/diakvallforum\/wp-content\/uploads\/2022\/02\/aszvn-2022-y12-1-1024x768.jpg\" alt=\"\" width=\"640\" height=\"480\" srcset=\"http:\/\/www.x-party.hu\/yk\/diakvallforum\/wp-content\/uploads\/2022\/02\/aszvn-2022-y12-1-1024x768.jpg 1024w, http:\/\/www.x-party.hu\/yk\/diakvallforum\/wp-content\/uploads\/2022\/02\/aszvn-2022-y12-1-300x225.jpg 300w, http:\/\/www.x-party.hu\/yk\/diakvallforum\/wp-content\/uploads\/2022\/02\/aszvn-2022-y12-1-768x576.jpg 768w, http:\/\/www.x-party.hu\/yk\/diakvallforum\/wp-content\/uploads\/2022\/02\/aszvn-2022-y12-1.jpg 1344w\" sizes=\"(max-width: 640px) 100vw, 640px\" \/><\/a><\/p>\n<p style=\"text-align: center;\"><strong>*** 2021 ***<\/strong><\/p>\n<p style=\"text-align: center;\"><a href=\"http:\/\/www.x-party.hu\/yk\/diakvallforum\/wp-content\/uploads\/2020\/10\/aszvn-2021-y123.jpg\"><img decoding=\"async\" loading=\"lazy\" class=\"aligncenter size-full wp-image-2523\" src=\"http:\/\/www.x-party.hu\/yk\/diakvallforum\/wp-content\/uploads\/2020\/10\/aszvn-2021-y123.jpg\" alt=\"\" width=\"960\" height=\"720\" srcset=\"http:\/\/www.x-party.hu\/yk\/diakvallforum\/wp-content\/uploads\/2020\/10\/aszvn-2021-y123.jpg 960w, http:\/\/www.x-party.hu\/yk\/diakvallforum\/wp-content\/uploads\/2020\/10\/aszvn-2021-y123-300x225.jpg 300w, http:\/\/www.x-party.hu\/yk\/diakvallforum\/wp-content\/uploads\/2020\/10\/aszvn-2021-y123-768x576.jpg 768w\" sizes=\"(max-width: 960px) 100vw, 960px\" \/><\/a><\/p>\n<p><strong>A Sz\u00e9ps\u00e9g Vil\u00e1gnapja Before-partija szeptember 12-\u00e9n<\/strong> ker\u00fcl megrendez\u00e9sre. Ekkor prezent\u00e1ljuk a programunkat, melyet m\u00e9g lehet fejleszteni.<\/p>\n<h2 style=\"text-align: center;\"><strong>***2020***<\/strong><\/h2>\n<p style=\"text-align: center;\"><a href=\"http:\/\/www.x-party.hu\/yk\/diakvallforum\/wp-content\/uploads\/2020\/03\/aszvn-grafika-2020-c123.jpg\"><img decoding=\"async\" loading=\"lazy\" class=\"aligncenter wp-image-2372\" src=\"http:\/\/www.x-party.hu\/yk\/diakvallforum\/wp-content\/uploads\/2020\/03\/aszvn-grafika-2020-c123.jpg\" alt=\"\" width=\"621\" height=\"466\" srcset=\"http:\/\/www.x-party.hu\/yk\/diakvallforum\/wp-content\/uploads\/2020\/03\/aszvn-grafika-2020-c123.jpg 960w, http:\/\/www.x-party.hu\/yk\/diakvallforum\/wp-content\/uploads\/2020\/03\/aszvn-grafika-2020-c123-300x225.jpg 300w, http:\/\/www.x-party.hu\/yk\/diakvallforum\/wp-content\/uploads\/2020\/03\/aszvn-grafika-2020-c123-768x576.jpg 768w\" sizes=\"(max-width: 621px) 100vw, 621px\" \/><\/a><\/p>\n<p style=\"text-align: center;\"><a href=\"http:\/\/www.x-party.hu\/yk\/diakvallforum\/wp-content\/uploads\/2019\/10\/aszvn-grafika-2020-b12.jpg\"><img decoding=\"async\" loading=\"lazy\" class=\"aligncenter wp-image-2334\" src=\"http:\/\/www.x-party.hu\/yk\/diakvallforum\/wp-content\/uploads\/2019\/10\/aszvn-grafika-2020-b12.jpg\" alt=\"\" width=\"521\" height=\"753\" srcset=\"http:\/\/www.x-party.hu\/yk\/diakvallforum\/wp-content\/uploads\/2019\/10\/aszvn-grafika-2020-b12.jpg 720w, http:\/\/www.x-party.hu\/yk\/diakvallforum\/wp-content\/uploads\/2019\/10\/aszvn-grafika-2020-b12-208x300.jpg 208w, http:\/\/www.x-party.hu\/yk\/diakvallforum\/wp-content\/uploads\/2019\/10\/aszvn-grafika-2020-b12-709x1024.jpg 709w\" sizes=\"(max-width: 521px) 100vw, 521px\" \/><\/a><\/p>\n<h3 style=\"text-align: center;\"><strong>*** 2019***<\/strong><\/h3>\n<p style=\"text-align: center;\"><a href=\"http:\/\/www.x-party.hu\/yk\/diakvallforum\/wp-content\/uploads\/2019\/04\/aszvn-2019-a-12.jpg\"><img decoding=\"async\" loading=\"lazy\" class=\"aligncenter wp-image-2145\" src=\"http:\/\/www.x-party.hu\/yk\/diakvallforum\/wp-content\/uploads\/2019\/04\/aszvn-2019-a-12.jpg\" alt=\"\" width=\"521\" height=\"293\" srcset=\"http:\/\/www.x-party.hu\/yk\/diakvallforum\/wp-content\/uploads\/2019\/04\/aszvn-2019-a-12.jpg 1280w, http:\/\/www.x-party.hu\/yk\/diakvallforum\/wp-content\/uploads\/2019\/04\/aszvn-2019-a-12-300x169.jpg 300w, http:\/\/www.x-party.hu\/yk\/diakvallforum\/wp-content\/uploads\/2019\/04\/aszvn-2019-a-12-768x432.jpg 768w, http:\/\/www.x-party.hu\/yk\/diakvallforum\/wp-content\/uploads\/2019\/04\/aszvn-2019-a-12-1024x576.jpg 1024w\" sizes=\"(max-width: 521px) 100vw, 521px\" \/><\/a><\/p>\n<h3 style=\"text-align: center;\"><strong>***** 2018 ****<\/strong><\/h3>\n<p style=\"text-align: left;\">A nemzetk\u00f6zi expanzi\u00f3t tervez\u00fcnk, els\u0151sorban az Eur\u00f3pai Uni\u00f3 tagorsz\u00e1gai fel\u00e9 illetve K\u00edna, Vietnam, Oroszorsz\u00e1g lesznek a f\u0151bb partnereink.<\/p>\n<p style=\"text-align: center;\"><a href=\"http:\/\/www.x-party.hu\/yk\/diakvallforum\/wp-content\/uploads\/2019\/06\/aszvn-2019-b-1.jpg\" target=\"_blank\" rel=\"noopener noreferrer\"><img decoding=\"async\" loading=\"lazy\" class=\"aligncenter wp-image-2239\" src=\"http:\/\/www.x-party.hu\/yk\/diakvallforum\/wp-content\/uploads\/2019\/06\/aszvn-2019-b-1-1024x768.jpg\" alt=\"\" width=\"521\" height=\"391\" srcset=\"http:\/\/www.x-party.hu\/yk\/diakvallforum\/wp-content\/uploads\/2019\/06\/aszvn-2019-b-1-1024x768.jpg 1024w, http:\/\/www.x-party.hu\/yk\/diakvallforum\/wp-content\/uploads\/2019\/06\/aszvn-2019-b-1-300x225.jpg 300w, http:\/\/www.x-party.hu\/yk\/diakvallforum\/wp-content\/uploads\/2019\/06\/aszvn-2019-b-1-768x576.jpg 768w, http:\/\/www.x-party.hu\/yk\/diakvallforum\/wp-content\/uploads\/2019\/06\/aszvn-2019-b-1.jpg 1344w\" sizes=\"(max-width: 521px) 100vw, 521px\" \/><\/a><\/p>\n<p style=\"text-align: center;\"><img decoding=\"async\" loading=\"lazy\" class=\"aligncenter wp-image-1901\" src=\"http:\/\/www.x-party.hu\/yk\/diakvallforum\/wp-content\/uploads\/2018\/02\/aszvn-2018-a1-1024x768.jpg\" alt=\"\" width=\"421\" height=\"316\" srcset=\"http:\/\/www.x-party.hu\/yk\/diakvallforum\/wp-content\/uploads\/2018\/02\/aszvn-2018-a1-1024x768.jpg 1024w, http:\/\/www.x-party.hu\/yk\/diakvallforum\/wp-content\/uploads\/2018\/02\/aszvn-2018-a1-300x225.jpg 300w, http:\/\/www.x-party.hu\/yk\/diakvallforum\/wp-content\/uploads\/2018\/02\/aszvn-2018-a1-768x576.jpg 768w, http:\/\/www.x-party.hu\/yk\/diakvallforum\/wp-content\/uploads\/2018\/02\/aszvn-2018-a1.jpg 1344w\" sizes=\"(max-width: 421px) 100vw, 421px\" \/><\/p>\n<h3 style=\"text-align: center;\"><strong>****2017****<\/strong><\/h3>\n<p style=\"text-align: center;\"><img decoding=\"async\" loading=\"lazy\" class=\"aligncenter wp-image-1666\" src=\"http:\/\/www.x-party.hu\/yk\/diakvallforum\/wp-content\/uploads\/2015\/12\/szepsegkirhetv-a1.jpg\" alt=\"\" width=\"421\" height=\"84\" srcset=\"http:\/\/www.x-party.hu\/yk\/diakvallforum\/wp-content\/uploads\/2015\/12\/szepsegkirhetv-a1.jpg 945w, http:\/\/www.x-party.hu\/yk\/diakvallforum\/wp-content\/uploads\/2015\/12\/szepsegkirhetv-a1-300x60.jpg 300w, http:\/\/www.x-party.hu\/yk\/diakvallforum\/wp-content\/uploads\/2015\/12\/szepsegkirhetv-a1-768x154.jpg 768w\" sizes=\"(max-width: 421px) 100vw, 421px\" \/><\/p>\n<p style=\"text-align: center;\"><a href=\"http:\/\/www.x-party.hu\/aszv\/aszvn-2017\/aszvn-2017.html\" target=\"_blank\" rel=\"noopener noreferrer\"><img decoding=\"async\" loading=\"lazy\" class=\"aligncenter wp-image-1727\" src=\"http:\/\/www.x-party.hu\/yk\/diakvallforum\/wp-content\/uploads\/2017\/01\/aszvn-2017-a921-1024x768.jpg\" alt=\"\" width=\"421\" height=\"316\" srcset=\"http:\/\/www.x-party.hu\/yk\/diakvallforum\/wp-content\/uploads\/2017\/01\/aszvn-2017-a921-1024x768.jpg 1024w, http:\/\/www.x-party.hu\/yk\/diakvallforum\/wp-content\/uploads\/2017\/01\/aszvn-2017-a921-300x225.jpg 300w, http:\/\/www.x-party.hu\/yk\/diakvallforum\/wp-content\/uploads\/2017\/01\/aszvn-2017-a921-768x576.jpg 768w, http:\/\/www.x-party.hu\/yk\/diakvallforum\/wp-content\/uploads\/2017\/01\/aszvn-2017-a921.jpg 1344w\" sizes=\"(max-width: 421px) 100vw, 421px\" \/><\/a><\/p>\n<p style=\"text-align: center;\"><strong>**** 2016 ****\u00a0<\/strong><\/p>\n<p style=\"text-align: center;\"><img decoding=\"async\" loading=\"lazy\" class=\"aligncenter wp-image-1550\" src=\"http:\/\/www.x-party.hu\/yk\/diakvallforum\/wp-content\/uploads\/2015\/12\/szepkirnokhetvegeje.jpg\" alt=\"szepkirnokhetvegeje\" width=\"421\" height=\"84\" srcset=\"http:\/\/www.x-party.hu\/yk\/diakvallforum\/wp-content\/uploads\/2015\/12\/szepkirnokhetvegeje.jpg 945w, http:\/\/www.x-party.hu\/yk\/diakvallforum\/wp-content\/uploads\/2015\/12\/szepkirnokhetvegeje-300x60.jpg 300w, http:\/\/www.x-party.hu\/yk\/diakvallforum\/wp-content\/uploads\/2015\/12\/szepkirnokhetvegeje-768x154.jpg 768w\" sizes=\"(max-width: 421px) 100vw, 421px\" \/><\/p>\n<p style=\"text-align: center;\"><img decoding=\"async\" loading=\"lazy\" class=\"aligncenter wp-image-1363\" src=\"http:\/\/www.x-party.hu\/yk\/diakvallforum\/wp-content\/uploads\/2015\/12\/aszvn-pl-2-1024x683.jpg\" alt=\"\" width=\"421\" height=\"281\" srcset=\"http:\/\/www.x-party.hu\/yk\/diakvallforum\/wp-content\/uploads\/2015\/12\/aszvn-pl-2-1024x683.jpg 1024w, http:\/\/www.x-party.hu\/yk\/diakvallforum\/wp-content\/uploads\/2015\/12\/aszvn-pl-2-300x200.jpg 300w, http:\/\/www.x-party.hu\/yk\/diakvallforum\/wp-content\/uploads\/2015\/12\/aszvn-pl-2-768x512.jpg 768w, http:\/\/www.x-party.hu\/yk\/diakvallforum\/wp-content\/uploads\/2015\/12\/aszvn-pl-2.jpg 1134w\" sizes=\"(max-width: 421px) 100vw, 421px\" \/><\/p>\n<p style=\"text-align: center;\"><strong>**** 2015 ****<\/strong><\/p>\n<p style=\"text-align: center;\"><img decoding=\"async\" loading=\"lazy\" class=\"aligncenter wp-image-1654\" src=\"http:\/\/www.x-party.hu\/yk\/diakvallforum\/wp-content\/uploads\/2015\/12\/aszvn-2015-x-1-724x1024.jpg\" alt=\"\" width=\"421\" height=\"596\" srcset=\"http:\/\/www.x-party.hu\/yk\/diakvallforum\/wp-content\/uploads\/2015\/12\/aszvn-2015-x-1-724x1024.jpg 724w, http:\/\/www.x-party.hu\/yk\/diakvallforum\/wp-content\/uploads\/2015\/12\/aszvn-2015-x-1-212x300.jpg 212w, http:\/\/www.x-party.hu\/yk\/diakvallforum\/wp-content\/uploads\/2015\/12\/aszvn-2015-x-1-768x1086.jpg 768w, http:\/\/www.x-party.hu\/yk\/diakvallforum\/wp-content\/uploads\/2015\/12\/aszvn-2015-x-1.jpg 1240w\" sizes=\"(max-width: 421px) 100vw, 421px\" \/><\/p>\n<p style=\"text-align: center;\"><strong>**** 2014 ****<\/strong><\/p>\n<p style=\"text-align: center;\"><a href=\"http:\/\/www.x-party.hu\/yk\/diakvallforum\/wp-content\/uploads\/2015\/12\/aszvn-2014-b12.jpg\"><img decoding=\"async\" loading=\"lazy\" class=\"aligncenter wp-image-1655\" src=\"http:\/\/www.x-party.hu\/yk\/diakvallforum\/wp-content\/uploads\/2015\/12\/aszvn-2014-b12.jpg\" alt=\"\" width=\"421\" height=\"281\" srcset=\"http:\/\/www.x-party.hu\/yk\/diakvallforum\/wp-content\/uploads\/2015\/12\/aszvn-2014-b12.jpg 886w, http:\/\/www.x-party.hu\/yk\/diakvallforum\/wp-content\/uploads\/2015\/12\/aszvn-2014-b12-300x200.jpg 300w, http:\/\/www.x-party.hu\/yk\/diakvallforum\/wp-content\/uploads\/2015\/12\/aszvn-2014-b12-768x512.jpg 768w\" sizes=\"(max-width: 421px) 100vw, 421px\" \/><\/a><\/p>\n<p style=\"text-align: center;\"><strong>**** 2013 ****<\/strong><\/p>\n<p style=\"text-align: center;\"><img decoding=\"async\" loading=\"lazy\" class=\"aligncenter wp-image-1656\" src=\"http:\/\/www.x-party.hu\/yk\/diakvallforum\/wp-content\/uploads\/2015\/12\/aszvn-2013-p-1.jpg\" alt=\"\" width=\"421\" height=\"631\" srcset=\"http:\/\/www.x-party.hu\/yk\/diakvallforum\/wp-content\/uploads\/2015\/12\/aszvn-2013-p-1.jpg 591w, http:\/\/www.x-party.hu\/yk\/diakvallforum\/wp-content\/uploads\/2015\/12\/aszvn-2013-p-1-200x300.jpg 200w\" sizes=\"(max-width: 421px) 100vw, 421px\" \/><\/p>\n<p style=\"text-align: center;\"><strong>**** 2012 ****<\/strong><\/p>\n<p style=\"text-align: center;\"><img decoding=\"async\" loading=\"lazy\" class=\"aligncenter wp-image-1657\" src=\"http:\/\/www.x-party.hu\/yk\/diakvallforum\/wp-content\/uploads\/2015\/12\/aszvn-2012-d1.jpg\" alt=\"\" width=\"421\" height=\"281\" srcset=\"http:\/\/www.x-party.hu\/yk\/diakvallforum\/wp-content\/uploads\/2015\/12\/aszvn-2012-d1.jpg 886w, http:\/\/www.x-party.hu\/yk\/diakvallforum\/wp-content\/uploads\/2015\/12\/aszvn-2012-d1-300x200.jpg 300w, http:\/\/www.x-party.hu\/yk\/diakvallforum\/wp-content\/uploads\/2015\/12\/aszvn-2012-d1-768x512.jpg 768w\" sizes=\"(max-width: 421px) 100vw, 421px\" \/><\/p>\n<p style=\"text-align: center;\">**** 2011 ****<\/p>\n<p style=\"text-align: center;\"><img decoding=\"async\" loading=\"lazy\" class=\"aligncenter wp-image-1658\" src=\"http:\/\/www.x-party.hu\/yk\/diakvallforum\/wp-content\/uploads\/2015\/12\/aszvn-2011-tablo-a12-1024x724.jpg\" alt=\"\" width=\"421\" height=\"298\" srcset=\"http:\/\/www.x-party.hu\/yk\/diakvallforum\/wp-content\/uploads\/2015\/12\/aszvn-2011-tablo-a12-1024x724.jpg 1024w, http:\/\/www.x-party.hu\/yk\/diakvallforum\/wp-content\/uploads\/2015\/12\/aszvn-2011-tablo-a12-300x212.jpg 300w, http:\/\/www.x-party.hu\/yk\/diakvallforum\/wp-content\/uploads\/2015\/12\/aszvn-2011-tablo-a12-768x543.jpg 768w\" sizes=\"(max-width: 421px) 100vw, 421px\" \/><\/p>\n<p style=\"text-align: center;\"><strong>**** 2010 ****<\/strong><\/p>\n<p style=\"text-align: center;\"><img decoding=\"async\" loading=\"lazy\" class=\"aligncenter wp-image-1659\" src=\"http:\/\/www.x-party.hu\/yk\/diakvallforum\/wp-content\/uploads\/2015\/12\/szvn-b2011a-1024x768.jpg\" alt=\"\" width=\"421\" height=\"316\" srcset=\"http:\/\/www.x-party.hu\/yk\/diakvallforum\/wp-content\/uploads\/2015\/12\/szvn-b2011a-1024x768.jpg 1024w, http:\/\/www.x-party.hu\/yk\/diakvallforum\/wp-content\/uploads\/2015\/12\/szvn-b2011a-300x225.jpg 300w, http:\/\/www.x-party.hu\/yk\/diakvallforum\/wp-content\/uploads\/2015\/12\/szvn-b2011a-768x576.jpg 768w\" sizes=\"(max-width: 421px) 100vw, 421px\" \/><\/p>\n<p style=\"text-align: center;\"><strong>**** 2009 ****<\/strong><\/p>\n<p style=\"text-align: center;\"><img decoding=\"async\" loading=\"lazy\" class=\"aligncenter wp-image-1660\" src=\"http:\/\/www.x-party.hu\/yk\/diakvallforum\/wp-content\/uploads\/2015\/12\/plakatszvn09-1-1024x724.jpg\" alt=\"\" width=\"421\" height=\"298\" srcset=\"http:\/\/www.x-party.hu\/yk\/diakvallforum\/wp-content\/uploads\/2015\/12\/plakatszvn09-1-1024x724.jpg 1024w, http:\/\/www.x-party.hu\/yk\/diakvallforum\/wp-content\/uploads\/2015\/12\/plakatszvn09-1-300x212.jpg 300w, http:\/\/www.x-party.hu\/yk\/diakvallforum\/wp-content\/uploads\/2015\/12\/plakatszvn09-1-768x543.jpg 768w\" sizes=\"(max-width: 421px) 100vw, 421px\" \/><\/p>\n<p style=\"text-align: center;\"><strong>**** 2008 ****<\/strong><\/p>\n<p style=\"text-align: center;\"><img decoding=\"async\" loading=\"lazy\" class=\"aligncenter wp-image-1661\" src=\"http:\/\/www.x-party.hu\/yk\/diakvallforum\/wp-content\/uploads\/2015\/12\/szvnplk21-1024x724.jpg\" alt=\"\" width=\"421\" height=\"298\" srcset=\"http:\/\/www.x-party.hu\/yk\/diakvallforum\/wp-content\/uploads\/2015\/12\/szvnplk21-1024x724.jpg 1024w, http:\/\/www.x-party.hu\/yk\/diakvallforum\/wp-content\/uploads\/2015\/12\/szvnplk21-300x212.jpg 300w, http:\/\/www.x-party.hu\/yk\/diakvallforum\/wp-content\/uploads\/2015\/12\/szvnplk21-768x543.jpg 768w, http:\/\/www.x-party.hu\/yk\/diakvallforum\/wp-content\/uploads\/2015\/12\/szvnplk21.jpg 1754w\" sizes=\"(max-width: 421px) 100vw, 421px\" \/><\/p>\n<p style=\"text-align: center;\"><strong>**** 2007 ****<\/strong><\/p>\n<p style=\"text-align: center;\"><img decoding=\"async\" loading=\"lazy\" class=\"aligncenter wp-image-1662\" src=\"http:\/\/www.x-party.hu\/yk\/diakvallforum\/wp-content\/uploads\/2015\/12\/tabloqa1-1024x724.jpg\" alt=\"\" width=\"421\" height=\"298\" srcset=\"http:\/\/www.x-party.hu\/yk\/diakvallforum\/wp-content\/uploads\/2015\/12\/tabloqa1-1024x724.jpg 1024w, http:\/\/www.x-party.hu\/yk\/diakvallforum\/wp-content\/uploads\/2015\/12\/tabloqa1-300x212.jpg 300w, http:\/\/www.x-party.hu\/yk\/diakvallforum\/wp-content\/uploads\/2015\/12\/tabloqa1-768x543.jpg 768w, http:\/\/www.x-party.hu\/yk\/diakvallforum\/wp-content\/uploads\/2015\/12\/tabloqa1.jpg 1754w\" sizes=\"(max-width: 421px) 100vw, 421px\" \/><\/p>\n<p style=\"text-align: center;\"><strong>**** 2006 ****<\/strong><\/p>\n<p style=\"text-align: center;\"><img decoding=\"async\" loading=\"lazy\" class=\"aligncenter size-large wp-image-1663\" src=\"http:\/\/www.x-party.hu\/yk\/diakvallforum\/wp-content\/uploads\/2015\/12\/szepsegvilagnapjaplakat-1024x700.jpg\" alt=\"\" width=\"640\" height=\"438\" srcset=\"http:\/\/www.x-party.hu\/yk\/diakvallforum\/wp-content\/uploads\/2015\/12\/szepsegvilagnapjaplakat-1024x700.jpg 1024w, http:\/\/www.x-party.hu\/yk\/diakvallforum\/wp-content\/uploads\/2015\/12\/szepsegvilagnapjaplakat-300x205.jpg 300w, http:\/\/www.x-party.hu\/yk\/diakvallforum\/wp-content\/uploads\/2015\/12\/szepsegvilagnapjaplakat-768x525.jpg 768w, http:\/\/www.x-party.hu\/yk\/diakvallforum\/wp-content\/uploads\/2015\/12\/szepsegvilagnapjaplakat.jpg 1114w\" sizes=\"(max-width: 640px) 100vw, 640px\" \/><\/p>\n","protected":false},"excerpt":{"rendered":"<p>A sz\u00e9ps\u00e9g a tiszta l\u00e9lek pomp\u00e1ja, a n\u0151i nem csod\u00e1latos var\u00e1zslata, meg\u00e9rdemli, hogy a Vil\u00e1g meg\u00fcnnepelje! *** 2026 *** Id\u00e9n k\u00fcl\u00f6n\u00f6sen f\u00f3kusz\u00e1lunk a nemzetk\u00f6zi expanzi\u00f3nkra. Az \u00c9letm\u00f3d \u00e9s \u00c1sv\u00e1ny Exp\u00f3n &hellip; <\/p>\n<p><a href=\"http:\/\/www.x-party.hu\/yk\/diakvallforum\/?page_id=1247\" class=\"btn btn-readmore\">Read More <span class=\"screen-reader-text\"> &#8222;A Sz\u00e9ps\u00e9g Vil\u00e1gnapja X. 14.&#8221;<\/span><\/a><\/p>\n","protected":false},"author":1,"featured_media":378,"parent":0,"menu_order":3,"comment_status":"closed","ping_status":"closed","template":"","meta":[],"_links":{"self":[{"href":"http:\/\/www.x-party.hu\/yk\/diakvallforum\/index.php?rest_route=\/wp\/v2\/pages\/1247"}],"collection":[{"href":"http:\/\/www.x-party.hu\/yk\/diakvallforum\/index.php?rest_route=\/wp\/v2\/pages"}],"about":[{"href":"http:\/\/www.x-party.hu\/yk\/diakvallforum\/index.php?rest_route=\/wp\/v2\/types\/page"}],"author":[{"embeddable":true,"href":"http:\/\/www.x-party.hu\/yk\/diakvallforum\/index.php?rest_route=\/wp\/v2\/users\/1"}],"replies":[{"embeddable":true,"href":"http:\/\/www.x-party.hu\/yk\/diakvallforum\/index.php?rest_route=%2Fwp%2Fv2%2Fcomments&post=1247"}],"version-history":[{"count":47,"href":"http:\/\/www.x-party.hu\/yk\/diakvallforum\/index.php?rest_route=\/wp\/v2\/pages\/1247\/revisions"}],"predecessor-version":[{"id":3374,"href":"http:\/\/www.x-party.hu\/yk\/diakvallforum\/index.php?rest_route=\/wp\/v2\/pages\/1247\/revisions\/3374"}],"wp:featuredmedia":[{"embeddable":true,"href":"http:\/\/www.x-party.hu\/yk\/diakvallforum\/index.php?rest_route=\/wp\/v2\/media\/378"}],"wp:attachment":[{"href":"http:\/\/www.x-party.hu\/yk\/diakvallforum\/index.php?rest_route=%2Fwp%2Fv2%2Fmedia&parent=1247"}],"curies":[{"name":"wp","href":"https:\/\/api.w.org\/{rel}","templated":true}]}}